{"id":3929,"date":"2022-04-04T16:06:12","date_gmt":"2022-04-04T16:06:12","guid":{"rendered":"https:\/\/tavapy.gov.py\/biblioteca\/?post_type=product&#038;p=3929"},"modified":"2022-04-04T16:28:51","modified_gmt":"2022-04-04T16:28:51","slug":"el-cuidado-esencial","status":"publish","type":"product","link":"https:\/\/tavapy.gov.py\/biblioteca\/product\/el-cuidado-esencial\/","title":{"rendered":"EL CUIDADO ESENCIAL."},"content":{"rendered":"","protected":false},"excerpt":{"rendered":"<p>Leonardo Boff reivindica en esta obra escrita en 1.999 al sujeto como ser participante en la gran casa com\u00fan, la Tierra, la cual est\u00e1 retornando de su largo exilio para encontrarse a s\u00ed misma como planeta Tierra unificado.<\/p>\n<p>Y en la Madre Tierra el ser humano, como hu\u00e9sped, ha de asumir el &#8216;ethos&#8217; en su sentido originario, como \u00abaquella porci\u00f3n del mundo que reservamos para organizar, cuidar y hacer nuestro h\u00e1bitat\u00bb.<\/p>\n<p>Por lo tanto, hay que recuperar el cuidado como &#8216;ethos&#8217; fundamental de lo humano, el \u00abcuidado como modo-de-ser esencial\u00bb.<\/p>\n<p><a href=\"https:\/\/tavapy.gov.py\/biblioteca\/wp-content\/uploads\/2022\/04\/BoffL-El-cuidado-esencial.pdf\" target=\"_blank\" rel=\"attachment noopener wp-att-3889\"><img loading=\"lazy\" decoding=\"async\" class=\"size-full wp-image-3889 alignleft\" src=\"https:\/\/tavapy.gov.py\/biblioteca\/wp-content\/uploads\/2022\/04\/icono-PDF-copia.png\" alt=\"\" width=\"121\" height=\"140\" \/><\/a><\/p>\n","protected":false},"featured_media":3931,"comment_status":"open","ping_status":"closed","template":"","meta":{"spay_email":""},"product_cat":[113],"product_tag":[],"class_list":{"0":"post-3929","1":"product","2":"type-product","3":"status-publish","4":"has-post-thumbnail","6":"book_author-leonardo-boff","7":"product_cat-etica","8":"entry"},"_links":{"self":[{"href":"https:\/\/tavapy.gov.py\/biblioteca\/wp-json\/wp\/v2\/product\/3929","targetHints":{"allow":["GET"]}}],"collection":[{"href":"https:\/\/tavapy.gov.py\/biblioteca\/wp-json\/wp\/v2\/product"}],"about":[{"href":"https:\/\/tavapy.gov.py\/biblioteca\/wp-json\/wp\/v2\/types\/product"}],"replies":[{"embeddable":true,"href":"https:\/\/tavapy.gov.py\/biblioteca\/wp-json\/wp\/v2\/comments?post=3929"}],"wp:featuredmedia":[{"embeddable":true,"href":"https:\/\/tavapy.gov.py\/biblioteca\/wp-json\/wp\/v2\/media\/3931"}],"wp:attachment":[{"href":"https:\/\/tavapy.gov.py\/biblioteca\/wp-json\/wp\/v2\/media?parent=3929"}],"wp:term":[{"taxonomy":"product_cat","embeddable":true,"href":"https:\/\/tavapy.gov.py\/biblioteca\/wp-json\/wp\/v2\/product_cat?post=3929"},{"taxonomy":"product_tag","embeddable":true,"href":"https:\/\/tavapy.gov.py\/biblioteca\/wp-json\/wp\/v2\/product_tag?post=3929"}],"curies":[{"name":"wp","href":"https:\/\/api.w.org\/{rel}","templated":true}]}}