{"id":3932,"date":"2022-04-04T16:35:00","date_gmt":"2022-04-04T16:35:00","guid":{"rendered":"https:\/\/tavapy.gov.py\/biblioteca\/?post_type=product&#038;p=3932"},"modified":"2022-04-04T16:39:41","modified_gmt":"2022-04-04T16:39:41","slug":"la-teoria-general-de-los-sistemas","status":"publish","type":"product","link":"https:\/\/tavapy.gov.py\/biblioteca\/product\/la-teoria-general-de-los-sistemas\/","title":{"rendered":"LA TEOR\u00cdA GENERAL DE LOS SISTEMAS."},"content":{"rendered":"","protected":false},"excerpt":{"rendered":"<p>La Teor\u00eda general de los sistemas surgi\u00f3 con los trabajos que Ludwig von Bertalanffy public\u00f3 entre 1950 y 1968. Esta corriente no pretende resolver problemas o intentar soluciones pr\u00e1cticas, sino producir teor\u00edas y formulaciones conceptuales que puedan aplicarse en la realidad.<\/p>\n<p>En la presente obra, Bertalanffy expone los principios y fundamentos de la teor\u00eda general de los sistemas y la propone como una opci\u00f3n para la integraci\u00f3n de las ciencias naturales y las sociales. Es decir, desarrolla principios unificadores que atraviesan los universos particulares de la actividad cient\u00edfica y social del hombre para alcanzar el objetivo de la unidad de la ciencia.<\/p>\n<p><a href=\"https:\/\/tavapy.gov.py\/biblioteca\/wp-content\/uploads\/2022\/04\/Bertalanffyteoria-general-los-sistemas.pdf\" target=\"_blank\" rel=\"attachment noopener wp-att-3889\"><img loading=\"lazy\" decoding=\"async\" class=\"size-full wp-image-3889 alignleft\" src=\"https:\/\/tavapy.gov.py\/biblioteca\/wp-content\/uploads\/2022\/04\/icono-PDF-copia.png\" alt=\"\" width=\"121\" height=\"140\" \/><\/a><\/p>\n","protected":false},"featured_media":3933,"comment_status":"open","ping_status":"closed","template":"","meta":{"spay_email":""},"product_cat":[266],"product_tag":[],"class_list":{"0":"post-3932","1":"product","2":"type-product","3":"status-publish","4":"has-post-thumbnail","6":"book_author-ludwig-von-bertalanffy","7":"product_cat-ciencia-filosofia-de-la-ciencia","8":"entry"},"_links":{"self":[{"href":"https:\/\/tavapy.gov.py\/biblioteca\/wp-json\/wp\/v2\/product\/3932","targetHints":{"allow":["GET"]}}],"collection":[{"href":"https:\/\/tavapy.gov.py\/biblioteca\/wp-json\/wp\/v2\/product"}],"about":[{"href":"https:\/\/tavapy.gov.py\/biblioteca\/wp-json\/wp\/v2\/types\/product"}],"replies":[{"embeddable":true,"href":"https:\/\/tavapy.gov.py\/biblioteca\/wp-json\/wp\/v2\/comments?post=3932"}],"wp:featuredmedia":[{"embeddable":true,"href":"https:\/\/tavapy.gov.py\/biblioteca\/wp-json\/wp\/v2\/media\/3933"}],"wp:attachment":[{"href":"https:\/\/tavapy.gov.py\/biblioteca\/wp-json\/wp\/v2\/media?parent=3932"}],"wp:term":[{"taxonomy":"product_cat","embeddable":true,"href":"https:\/\/tavapy.gov.py\/biblioteca\/wp-json\/wp\/v2\/product_cat?post=3932"},{"taxonomy":"product_tag","embeddable":true,"href":"https:\/\/tavapy.gov.py\/biblioteca\/wp-json\/wp\/v2\/product_tag?post=3932"}],"curies":[{"name":"wp","href":"https:\/\/api.w.org\/{rel}","templated":true}]}}