{"id":3939,"date":"2022-04-04T17:40:09","date_gmt":"2022-04-04T17:40:09","guid":{"rendered":"https:\/\/tavapy.gov.py\/biblioteca\/?post_type=product&#038;p=3939"},"modified":"2022-04-04T17:40:10","modified_gmt":"2022-04-04T17:40:10","slug":"el-conocimiento-inutil","status":"publish","type":"product","link":"https:\/\/tavapy.gov.py\/biblioteca\/product\/el-conocimiento-inutil\/","title":{"rendered":"EL CONOCIMIENTO IN\u00daTIL."},"content":{"rendered":"","protected":false},"excerpt":{"rendered":"<p>Uno de los libros m\u00e1s famosos de este pensador liberal franc\u00e9s, escrito en 1.988. Sostiene que el enorme conocimiento disponible en la actualidad, puede resultar in\u00fatil para vivir mejor, si nos dejamos llevar de la propaganda y de las ideas que se generalizan sin una base real.<\/p>\n<p>S\u00f3lo un an\u00e1lisis concienzudo de lo que ocurre puede ayudarnos a mejorar la vida de las personas, no intenciones piadosas fundamentadas en visiones sesgadas de la realidad.<\/p>\n<p><a href=\"https:\/\/tavapy.gov.py\/biblioteca\/wp-content\/uploads\/2022\/04\/revel-jean-francois-el-conocimiento-inutil.pdf\" target=\"_blank\" rel=\"attachment noopener wp-att-3889\"><img loading=\"lazy\" decoding=\"async\" class=\"size-full wp-image-3889 alignleft\" src=\"https:\/\/tavapy.gov.py\/biblioteca\/wp-content\/uploads\/2022\/04\/icono-PDF-copia.png\" alt=\"\" width=\"121\" height=\"140\" \/><\/a><\/p>\n","protected":false},"featured_media":3825,"comment_status":"open","ping_status":"closed","template":"","meta":{"spay_email":""},"product_cat":[249],"product_tag":[],"class_list":{"0":"post-3939","1":"product","2":"type-product","3":"status-publish","4":"has-post-thumbnail","6":"book_author-jean-francois-revel","7":"product_cat-ensayo-sociedad-y-politica","8":"entry"},"_links":{"self":[{"href":"https:\/\/tavapy.gov.py\/biblioteca\/wp-json\/wp\/v2\/product\/3939","targetHints":{"allow":["GET"]}}],"collection":[{"href":"https:\/\/tavapy.gov.py\/biblioteca\/wp-json\/wp\/v2\/product"}],"about":[{"href":"https:\/\/tavapy.gov.py\/biblioteca\/wp-json\/wp\/v2\/types\/product"}],"replies":[{"embeddable":true,"href":"https:\/\/tavapy.gov.py\/biblioteca\/wp-json\/wp\/v2\/comments?post=3939"}],"wp:featuredmedia":[{"embeddable":true,"href":"https:\/\/tavapy.gov.py\/biblioteca\/wp-json\/wp\/v2\/media\/3825"}],"wp:attachment":[{"href":"https:\/\/tavapy.gov.py\/biblioteca\/wp-json\/wp\/v2\/media?parent=3939"}],"wp:term":[{"taxonomy":"product_cat","embeddable":true,"href":"https:\/\/tavapy.gov.py\/biblioteca\/wp-json\/wp\/v2\/product_cat?post=3939"},{"taxonomy":"product_tag","embeddable":true,"href":"https:\/\/tavapy.gov.py\/biblioteca\/wp-json\/wp\/v2\/product_tag?post=3939"}],"curies":[{"name":"wp","href":"https:\/\/api.w.org\/{rel}","templated":true}]}}