{"id":3940,"date":"2022-04-04T17:44:11","date_gmt":"2022-04-04T17:44:11","guid":{"rendered":"https:\/\/tavapy.gov.py\/biblioteca\/?post_type=product&#038;p=3940"},"modified":"2022-04-04T17:44:11","modified_gmt":"2022-04-04T17:44:11","slug":"la-muerte-de-ivan-ilich","status":"publish","type":"product","link":"https:\/\/tavapy.gov.py\/biblioteca\/product\/la-muerte-de-ivan-ilich\/","title":{"rendered":"LA MUERTE DE IV\u00c1N ILICH"},"content":{"rendered":"","protected":false},"excerpt":{"rendered":"<p>El personaje dibujado por Tolstoi es Iv\u00e1n Ilich, presidente de la Audiencia Territorial. El novelista pinta el mundo ineficaz y bald\u00edo de Iv\u00e1n y hace una dura cr\u00edtica de la aristocracia, que tan a fondo conoc\u00eda. No s\u00f3lo refleja a Tolstoi en esta novela su personal terror a la muerte, sino que revela la profunda compasi\u00f3n que le inspiraban los humildes y oprimidos.<\/p>\n<p>En esta novela de Tolstoi escrita en 1.886, se le hace una fuerte cr\u00edtica a la burocracia, ya que, para ir ascendiendo necesitan que Iv\u00e1n deje de vivir. Sus amigos que ocupan los lugares de m\u00e1s abajo esperan su muerte para ocupar su lugar.<\/p>\n<p>En este libro se refleja la enajenaci\u00f3n de Iv\u00e1n Ilich, se concentra m\u00e1s en su trabajo que en su familia. El personaje principal se encuentra ya muerto en vida al estar enajenado y no vivir la vida humanamente, es por esto que le pierde el miedo al a muerte&#8230; la espera.<\/p>\n<p><a href=\"https:\/\/tavapy.gov.py\/biblioteca\/wp-content\/uploads\/2022\/04\/TolstoiL-La-muerte-de-Ivan-Ilich.pdf\" target=\"_blank\" rel=\"attachment noopener wp-att-3889\"><img loading=\"lazy\" decoding=\"async\" class=\"size-full wp-image-3889 alignleft\" src=\"https:\/\/tavapy.gov.py\/biblioteca\/wp-content\/uploads\/2022\/04\/icono-PDF-copia.png\" alt=\"\" width=\"121\" height=\"140\" \/><\/a><\/p>\n","protected":false},"featured_media":3823,"comment_status":"open","ping_status":"closed","template":"","meta":{"spay_email":""},"product_cat":[57],"product_tag":[],"class_list":{"0":"post-3940","1":"product","2":"type-product","3":"status-publish","4":"has-post-thumbnail","6":"book_author-leon-tolstoi","7":"product_cat-novela","8":"entry"},"_links":{"self":[{"href":"https:\/\/tavapy.gov.py\/biblioteca\/wp-json\/wp\/v2\/product\/3940","targetHints":{"allow":["GET"]}}],"collection":[{"href":"https:\/\/tavapy.gov.py\/biblioteca\/wp-json\/wp\/v2\/product"}],"about":[{"href":"https:\/\/tavapy.gov.py\/biblioteca\/wp-json\/wp\/v2\/types\/product"}],"replies":[{"embeddable":true,"href":"https:\/\/tavapy.gov.py\/biblioteca\/wp-json\/wp\/v2\/comments?post=3940"}],"wp:featuredmedia":[{"embeddable":true,"href":"https:\/\/tavapy.gov.py\/biblioteca\/wp-json\/wp\/v2\/media\/3823"}],"wp:attachment":[{"href":"https:\/\/tavapy.gov.py\/biblioteca\/wp-json\/wp\/v2\/media?parent=3940"}],"wp:term":[{"taxonomy":"product_cat","embeddable":true,"href":"https:\/\/tavapy.gov.py\/biblioteca\/wp-json\/wp\/v2\/product_cat?post=3940"},{"taxonomy":"product_tag","embeddable":true,"href":"https:\/\/tavapy.gov.py\/biblioteca\/wp-json\/wp\/v2\/product_tag?post=3940"}],"curies":[{"name":"wp","href":"https:\/\/api.w.org\/{rel}","templated":true}]}}