{"id":3942,"date":"2022-04-04T17:56:15","date_gmt":"2022-04-04T17:56:15","guid":{"rendered":"https:\/\/tavapy.gov.py\/biblioteca\/?post_type=product&#038;p=3942"},"modified":"2022-04-04T17:56:15","modified_gmt":"2022-04-04T17:56:15","slug":"la-vendetta-venganza","status":"publish","type":"product","link":"https:\/\/tavapy.gov.py\/biblioteca\/product\/la-vendetta-venganza\/","title":{"rendered":"LA VENDETTA (VENGANZA)."},"content":{"rendered":"","protected":false},"excerpt":{"rendered":"<p>La Vendetta (La venganza) escrito en 1.830, es una obra breve que relata el tr\u00e1gico destino de Ginevra Piombo, hija de orgullosos inmigrantes corsos, que tiene la desgracia de enamorarse de otro corso, Luigi Porta. Cuando se sabe que Luigi es el \u00fanico sobreviviente de una masacre en la que el resto de su familia fue v\u00edctima de una sangrienta vendettacon la familia de Ginevra, el padre de Ginevra, Bartolomeo, est\u00e1 decidido a completar el acto de venganza haci\u00e9ndolo matar. Pero Ginevra se niega a ceder a las demandas de su padre y ella y Luigi est\u00e1n casados.<\/p>\n<p>Durante los a\u00f1os siguientes, la pareja lleva una existencia miserable, acosada por el hambre y la pobreza, mientras que el rico padre de Ginevra se niega a levantar una mano para apoyarla: es todo lo que puede hacer para abstenerse de asesinar a Luigi. Ginevra da a luz a un ni\u00f1o, pero ella y el ni\u00f1o mueren el mismo d\u00eda en que Monsieur Piombo finalmente cede y decide ayudar a la empobrecida pareja.<\/p>\n<p>Sin embargo, antes de que pueda actuar, Luigi lo visita y le da las trenzas de su hija fallecida. \u00ab\u00a1Muerta! Nuestras dos familias estaban condenadas a exterminarse mutuamente. Aqu\u00ed est\u00e1 todo lo que queda de ella\u00bb, dice, acostando a Ginevra. largo cabello negro sobre la mesa. Los padres de Ginevra est\u00e1n conmocionados, como si un rayo los hubiera golpeado. Luigi se marcha. \u00abMe ha ahorrado un tiro, que est\u00e1 muerto\u00bb, dice Bartolomeo, lentamente, mirando al suelo a sus pies.<\/p>\n<p><a href=\"https:\/\/tavapy.gov.py\/biblioteca\/wp-content\/uploads\/2022\/04\/De-BalzacH-La-vendetta.pdf\" target=\"_blank\" rel=\"attachment noopener wp-att-3889\"><img loading=\"lazy\" decoding=\"async\" class=\"size-full wp-image-3889 alignleft\" src=\"https:\/\/tavapy.gov.py\/biblioteca\/wp-content\/uploads\/2022\/04\/icono-PDF-copia.png\" alt=\"\" width=\"121\" height=\"140\" \/><\/a><\/p>\n","protected":false},"featured_media":3818,"comment_status":"open","ping_status":"closed","template":"","meta":{"spay_email":""},"product_cat":[57],"product_tag":[],"class_list":{"0":"post-3942","1":"product","2":"type-product","3":"status-publish","4":"has-post-thumbnail","6":"book_author-honore-de-balzac","7":"product_cat-novela","8":"entry"},"_links":{"self":[{"href":"https:\/\/tavapy.gov.py\/biblioteca\/wp-json\/wp\/v2\/product\/3942","targetHints":{"allow":["GET"]}}],"collection":[{"href":"https:\/\/tavapy.gov.py\/biblioteca\/wp-json\/wp\/v2\/product"}],"about":[{"href":"https:\/\/tavapy.gov.py\/biblioteca\/wp-json\/wp\/v2\/types\/product"}],"replies":[{"embeddable":true,"href":"https:\/\/tavapy.gov.py\/biblioteca\/wp-json\/wp\/v2\/comments?post=3942"}],"wp:featuredmedia":[{"embeddable":true,"href":"https:\/\/tavapy.gov.py\/biblioteca\/wp-json\/wp\/v2\/media\/3818"}],"wp:attachment":[{"href":"https:\/\/tavapy.gov.py\/biblioteca\/wp-json\/wp\/v2\/media?parent=3942"}],"wp:term":[{"taxonomy":"product_cat","embeddable":true,"href":"https:\/\/tavapy.gov.py\/biblioteca\/wp-json\/wp\/v2\/product_cat?post=3942"},{"taxonomy":"product_tag","embeddable":true,"href":"https:\/\/tavapy.gov.py\/biblioteca\/wp-json\/wp\/v2\/product_tag?post=3942"}],"curies":[{"name":"wp","href":"https:\/\/api.w.org\/{rel}","templated":true}]}}