{"id":3946,"date":"2022-04-04T18:20:10","date_gmt":"2022-04-04T18:20:10","guid":{"rendered":"https:\/\/tavapy.gov.py\/biblioteca\/?post_type=product&#038;p=3946"},"modified":"2022-04-04T18:20:10","modified_gmt":"2022-04-04T18:20:10","slug":"la-conquista-social-de-la-tierra","status":"publish","type":"product","link":"https:\/\/tavapy.gov.py\/biblioteca\/product\/la-conquista-social-de-la-tierra\/","title":{"rendered":"LA CONQUISTA SOCIAL DE LA TIERRA."},"content":{"rendered":"","protected":false},"excerpt":{"rendered":"<p>Una obra revolucionaria, la historia de la evoluci\u00f3n humana y animal m\u00e1s importante desde El origen de las especies de Darwin, por el m\u00e1s insigne de sus sucesores.<\/p>\n<p>\u00bfDe d\u00f3nde venimos? \u00bfQu\u00e9 somos? \u00bfAd\u00f3nde vamos?<\/p>\n<p>En una obra apasionante publicada en el 2.012 y que culmina el trabajo de toda una vida, Edward O. Wilson plantea estas tres cuestiones fundamentales y demuestra que la religi\u00f3n, la filosof\u00eda y la reflexi\u00f3n no pueden dar respuestas por s\u00ed solas, y que la \u00fanica forma realista de resolver el enigma de nuestra condici\u00f3n humana pasa por la erudici\u00f3n cient\u00edfica.<\/p>\n<p>El m\u00e1s insigne sucesor de Darwin redise\u00f1a la historia de la evoluci\u00f3n y recurre a su vasto conocimiento de la biolog\u00eda y del comportamiento social para revelar c\u00f3mo la \u00abselecci\u00f3n de grupo\u00bb puede ser el \u00fanico modelo que explique el origen del hombre, su dominaci\u00f3n y su posterior conquista del planeta.<\/p>\n<p><a href=\"https:\/\/tavapy.gov.py\/biblioteca\/wp-content\/uploads\/2022\/04\/WilsonE-La-Conquista-Social-de-La-Tierra.pdf\" target=\"_blank\" rel=\"attachment noopener wp-att-3889\"><img loading=\"lazy\" decoding=\"async\" class=\"size-full wp-image-3889 alignleft\" src=\"https:\/\/tavapy.gov.py\/biblioteca\/wp-content\/uploads\/2022\/04\/icono-PDF-copia.png\" alt=\"\" width=\"121\" height=\"140\" \/><\/a><\/p>\n","protected":false},"featured_media":3810,"comment_status":"open","ping_status":"closed","template":"","meta":{"spay_email":""},"product_cat":[278],"product_tag":[],"class_list":{"0":"post-3946","1":"product","2":"type-product","3":"status-publish","4":"has-post-thumbnail","6":"book_author-edward-wilson","7":"product_cat-ciencia-biologia-antropologia-social-y-cultural","8":"entry"},"_links":{"self":[{"href":"https:\/\/tavapy.gov.py\/biblioteca\/wp-json\/wp\/v2\/product\/3946","targetHints":{"allow":["GET"]}}],"collection":[{"href":"https:\/\/tavapy.gov.py\/biblioteca\/wp-json\/wp\/v2\/product"}],"about":[{"href":"https:\/\/tavapy.gov.py\/biblioteca\/wp-json\/wp\/v2\/types\/product"}],"replies":[{"embeddable":true,"href":"https:\/\/tavapy.gov.py\/biblioteca\/wp-json\/wp\/v2\/comments?post=3946"}],"wp:featuredmedia":[{"embeddable":true,"href":"https:\/\/tavapy.gov.py\/biblioteca\/wp-json\/wp\/v2\/media\/3810"}],"wp:attachment":[{"href":"https:\/\/tavapy.gov.py\/biblioteca\/wp-json\/wp\/v2\/media?parent=3946"}],"wp:term":[{"taxonomy":"product_cat","embeddable":true,"href":"https:\/\/tavapy.gov.py\/biblioteca\/wp-json\/wp\/v2\/product_cat?post=3946"},{"taxonomy":"product_tag","embeddable":true,"href":"https:\/\/tavapy.gov.py\/biblioteca\/wp-json\/wp\/v2\/product_tag?post=3946"}],"curies":[{"name":"wp","href":"https:\/\/api.w.org\/{rel}","templated":true}]}}