{"id":3947,"date":"2022-04-04T18:25:10","date_gmt":"2022-04-04T18:25:10","guid":{"rendered":"https:\/\/tavapy.gov.py\/biblioteca\/?post_type=product&#038;p=3947"},"modified":"2026-03-23T17:00:14","modified_gmt":"2026-03-23T17:00:14","slug":"la-babosa","status":"publish","type":"product","link":"https:\/\/tavapy.gov.py\/biblioteca\/product\/la-babosa\/","title":{"rendered":"LA BABOSA."},"content":{"rendered":"","protected":false},"excerpt":{"rendered":"<p>La Babosa, novela publicada en 1.952 transcurre en un pueblo de Paraguay situado a 20 kil\u00f3metros de Asunci\u00f3n, llamado Aregu\u00e1, popular por ser el sitio de elecci\u00f3n de los capitalinos para pasar sus veranos.<\/p>\n<p>El personaje principal, es un arribista y novato abogado, llamado Ram\u00f3n Fleitas, quien tiene como prop\u00f3sito abandonar su origen campesino, casarse con el amor de su vida y liberarse de la represi\u00f3n que representa para \u00e9l vivir en este pueblo y no poder convertirse en poeta.<\/p>\n<p>Tanto la historia de Ram\u00f3n Fleitas, como todas las del pueblo, son llevadas y tra\u00eddas por un personaje llamado \u00c1ngela, con una mal\u00edsima fama de vieja chismosa en la comunidad, quien aunque fiel asistente de la iglesia, no era santa de devoci\u00f3n de nadie en el pueblo, incluso, ni del p\u00e1rroco, quien la aborrec\u00eda al punto de ponerle el apodo que la marcar\u00eda para siempre y por el cual todos la conocer\u00edan: La Babosa.<\/p>\n<p>El pueblo parece ser una prisi\u00f3n para quienes habitan en \u00e9l. Frustrados, con deseos de salir y marcharse muy lejos de all\u00ed, pero sin los recursos econ\u00f3micos para poder hacerlo; sus historias se desenvuelven en una miseria que limita su existencia, llevando a los personajes a crear intriga y envidia entre sus vecinos. Es all\u00ed donde Do\u00f1a \u00c1ngela. no deja escapar ning\u00fan pormenor de la vida de los dem\u00e1s, \u201cbabeando\u201d su chisme malintencionado por todo el pueblo.<\/p>\n<p><a href=\"https:\/\/tavapy.gov.py\/biblioteca\/wp-content\/uploads\/2022\/04\/CasacciaG-La-babosa.pdf-p.pdf\" target=\"_blank\" rel=\"attachment noopener wp-att-3889\"><img loading=\"lazy\" decoding=\"async\" class=\"size-full wp-image-3889 alignleft\" src=\"https:\/\/tavapy.gov.py\/biblioteca\/wp-content\/uploads\/2022\/04\/icono-PDF-copia.png\" alt=\"\" width=\"121\" height=\"140\" \/><\/a><\/p>\n","protected":false},"featured_media":3808,"comment_status":"open","ping_status":"closed","template":"","meta":{"spay_email":""},"product_cat":[57],"product_tag":[],"class_list":{"0":"post-3947","1":"product","2":"type-product","3":"status-publish","4":"has-post-thumbnail","6":"book_author-gabriel-casaccia","7":"product_cat-novela","8":"entry"},"_links":{"self":[{"href":"https:\/\/tavapy.gov.py\/biblioteca\/wp-json\/wp\/v2\/product\/3947","targetHints":{"allow":["GET"]}}],"collection":[{"href":"https:\/\/tavapy.gov.py\/biblioteca\/wp-json\/wp\/v2\/product"}],"about":[{"href":"https:\/\/tavapy.gov.py\/biblioteca\/wp-json\/wp\/v2\/types\/product"}],"replies":[{"embeddable":true,"href":"https:\/\/tavapy.gov.py\/biblioteca\/wp-json\/wp\/v2\/comments?post=3947"}],"wp:featuredmedia":[{"embeddable":true,"href":"https:\/\/tavapy.gov.py\/biblioteca\/wp-json\/wp\/v2\/media\/3808"}],"wp:attachment":[{"href":"https:\/\/tavapy.gov.py\/biblioteca\/wp-json\/wp\/v2\/media?parent=3947"}],"wp:term":[{"taxonomy":"product_cat","embeddable":true,"href":"https:\/\/tavapy.gov.py\/biblioteca\/wp-json\/wp\/v2\/product_cat?post=3947"},{"taxonomy":"product_tag","embeddable":true,"href":"https:\/\/tavapy.gov.py\/biblioteca\/wp-json\/wp\/v2\/product_tag?post=3947"}],"curies":[{"name":"wp","href":"https:\/\/api.w.org\/{rel}","templated":true}]}}