{"id":3948,"date":"2022-04-04T18:30:30","date_gmt":"2022-04-04T18:30:30","guid":{"rendered":"https:\/\/tavapy.gov.py\/biblioteca\/?post_type=product&#038;p=3948"},"modified":"2022-04-04T18:30:30","modified_gmt":"2022-04-04T18:30:30","slug":"los-nudos-del-silencio","status":"publish","type":"product","link":"https:\/\/tavapy.gov.py\/biblioteca\/product\/los-nudos-del-silencio\/","title":{"rendered":"LOS NUDOS DEL SILENCIO."},"content":{"rendered":"","protected":false},"excerpt":{"rendered":"<p>La novela de Ren\u00e9e Ferrer, Los nudos del silencio, publicada en 1.988, ofrece una visi\u00f3n y an\u00e1lisis de la sumisi\u00f3n femenina desde dos perspectivas culturales muy diversas. Una es la de la protagonista de la novela, Malena, una mujer burguesa de Paraguay que renunci\u00f3 a su carrera de concertista de piano para casarse, en la ignorancia m\u00e1s absoluta de las actividades de su marido, con un hombre dominador e insensible, Manuel (cruel torturador de la dictadura de Stroessner).<\/p>\n<p>La otra mujer protagonista es Mei Li, una vietnamita que desde la m\u00e1s profunda miseria es vendida por su familia como prostituta y del prost\u00edbulo pasa a trabajar, como emigrante marginada, en un espect\u00e1culo pornogr\u00e1fico \u201cen directo\u201d en Par\u00eds. La dictadura paraguaya premia con un viaje a Par\u00eds a Manuel, que obliga a su mujer a visitar el espect\u00e1culo.<\/p>\n<p>En el contexto de ese peque\u00f1o teatro parisino, el Rose bleue, Malena y Mei Li van a encontrarse en una mirada rec\u00edproca que les har\u00e1 tomar conciencia de su sumisi\u00f3n e infelicidad, provocando la primera rebeli\u00f3n seria de la burguesa latinoamericana.<\/p>\n<p>&nbsp;<\/p>\n<p><a href=\"https:\/\/tavapy.gov.py\/biblioteca\/wp-content\/uploads\/2022\/04\/FerrerR-Los-nudos-del-silencio.pdf\" target=\"_blank\" rel=\"attachment noopener wp-att-3889\"><img loading=\"lazy\" decoding=\"async\" class=\"size-full wp-image-3889 alignleft\" src=\"https:\/\/tavapy.gov.py\/biblioteca\/wp-content\/uploads\/2022\/04\/icono-PDF-copia.png\" alt=\"\" width=\"121\" height=\"140\" \/><\/a><\/p>\n","protected":false},"featured_media":3806,"comment_status":"open","ping_status":"closed","template":"","meta":{"spay_email":""},"product_cat":[57],"product_tag":[],"class_list":{"0":"post-3948","1":"product","2":"type-product","3":"status-publish","4":"has-post-thumbnail","6":"book_author-renee-ferrer","7":"product_cat-novela","8":"entry"},"_links":{"self":[{"href":"https:\/\/tavapy.gov.py\/biblioteca\/wp-json\/wp\/v2\/product\/3948","targetHints":{"allow":["GET"]}}],"collection":[{"href":"https:\/\/tavapy.gov.py\/biblioteca\/wp-json\/wp\/v2\/product"}],"about":[{"href":"https:\/\/tavapy.gov.py\/biblioteca\/wp-json\/wp\/v2\/types\/product"}],"replies":[{"embeddable":true,"href":"https:\/\/tavapy.gov.py\/biblioteca\/wp-json\/wp\/v2\/comments?post=3948"}],"wp:featuredmedia":[{"embeddable":true,"href":"https:\/\/tavapy.gov.py\/biblioteca\/wp-json\/wp\/v2\/media\/3806"}],"wp:attachment":[{"href":"https:\/\/tavapy.gov.py\/biblioteca\/wp-json\/wp\/v2\/media?parent=3948"}],"wp:term":[{"taxonomy":"product_cat","embeddable":true,"href":"https:\/\/tavapy.gov.py\/biblioteca\/wp-json\/wp\/v2\/product_cat?post=3948"},{"taxonomy":"product_tag","embeddable":true,"href":"https:\/\/tavapy.gov.py\/biblioteca\/wp-json\/wp\/v2\/product_tag?post=3948"}],"curies":[{"name":"wp","href":"https:\/\/api.w.org\/{rel}","templated":true}]}}