{"id":3949,"date":"2022-04-04T18:45:17","date_gmt":"2022-04-04T18:45:17","guid":{"rendered":"https:\/\/tavapy.gov.py\/biblioteca\/?post_type=product&#038;p=3949"},"modified":"2022-04-04T18:45:17","modified_gmt":"2022-04-04T18:45:17","slug":"un-minuto-para-el-absurdo","status":"publish","type":"product","link":"https:\/\/tavapy.gov.py\/biblioteca\/product\/un-minuto-para-el-absurdo\/","title":{"rendered":"UN MINUTO PARA EL ABSURDO."},"content":{"rendered":"","protected":false},"excerpt":{"rendered":"<p>\u00abEse hombre no dice m\u00e1s que cosas absurdas\u00bb, dijo el visitante tras o\u00edr hablar al Maestro. \u00abT\u00fa tambi\u00e9n dir\u00edas cosa absurdas -le dijo un disc\u00edpulo- si trataras de expresar lo Inexpresable\u00bb. Solo lleva un minuto leer cada una de las an\u00e9cdotas que configuran este libro publicado en 1.998.<\/p>\n<p>Probablemente el lenguaje del Maestro resulte misterioso, exasperante y hasta completamente absurdo para el lector. Pero, a medida que \u00e9ste vaya leyendo las p\u00e1ginas impresas y se debata con el cr\u00edptico lenguaje del Maestro, es posible que, sin darse cuenta, descubre casualmente la silenciosa ense\u00f1anza que se esconde en ellas&#8230; y se descubra a s\u00ed mismo despierto\u2026 y transformado.<\/p>\n<p>Esto es lo que la Sabidur\u00eda pretende: que cambiemos sin ning\u00fan esfuerzo por nuestra parte: que resultemos transformados, cre\u00e1moslo o no, por el simple hecho de despertar a la realidad que no son las palabras y que queda fuera del alcance de las palabras.<\/p>\n<p>Si el lector tiene la suerte de obtener esta clase de despertar, comprender\u00e1 que el lenguaje m\u00e1s sutil no es el lenguaje hablado, que la acci\u00f3n m\u00e1s sutil es la que no se realiza, y que el cambio m\u00e1s sutil es el que no se busca.<\/p>\n<p><a href=\"https:\/\/tavapy.gov.py\/biblioteca\/wp-content\/uploads\/2022\/04\/De-MelloA-Un-minuto-para-el-absurdo.pdf\" target=\"_blank\" rel=\"attachment noopener wp-att-3889\"><img loading=\"lazy\" decoding=\"async\" class=\"size-full wp-image-3889 alignleft\" src=\"https:\/\/tavapy.gov.py\/biblioteca\/wp-content\/uploads\/2022\/04\/icono-PDF-copia.png\" alt=\"\" width=\"121\" height=\"140\" \/><\/a><\/p>\n<p>&nbsp;<\/p>\n","protected":false},"featured_media":3804,"comment_status":"open","ping_status":"closed","template":"","meta":{"spay_email":""},"product_cat":[223],"product_tag":[],"class_list":{"0":"post-3949","1":"product","2":"type-product","3":"status-publish","4":"has-post-thumbnail","6":"book_author-anthony-de-mello","7":"product_cat-espiritualidad","8":"entry"},"_links":{"self":[{"href":"https:\/\/tavapy.gov.py\/biblioteca\/wp-json\/wp\/v2\/product\/3949","targetHints":{"allow":["GET"]}}],"collection":[{"href":"https:\/\/tavapy.gov.py\/biblioteca\/wp-json\/wp\/v2\/product"}],"about":[{"href":"https:\/\/tavapy.gov.py\/biblioteca\/wp-json\/wp\/v2\/types\/product"}],"replies":[{"embeddable":true,"href":"https:\/\/tavapy.gov.py\/biblioteca\/wp-json\/wp\/v2\/comments?post=3949"}],"wp:featuredmedia":[{"embeddable":true,"href":"https:\/\/tavapy.gov.py\/biblioteca\/wp-json\/wp\/v2\/media\/3804"}],"wp:attachment":[{"href":"https:\/\/tavapy.gov.py\/biblioteca\/wp-json\/wp\/v2\/media?parent=3949"}],"wp:term":[{"taxonomy":"product_cat","embeddable":true,"href":"https:\/\/tavapy.gov.py\/biblioteca\/wp-json\/wp\/v2\/product_cat?post=3949"},{"taxonomy":"product_tag","embeddable":true,"href":"https:\/\/tavapy.gov.py\/biblioteca\/wp-json\/wp\/v2\/product_tag?post=3949"}],"curies":[{"name":"wp","href":"https:\/\/api.w.org\/{rel}","templated":true}]}}