{"id":3957,"date":"2022-04-04T18:58:05","date_gmt":"2022-04-04T18:58:05","guid":{"rendered":"https:\/\/tavapy.gov.py\/biblioteca\/?post_type=product&#038;p=3957"},"modified":"2022-04-04T18:58:05","modified_gmt":"2022-04-04T18:58:05","slug":"breve-historia-de-la-orden-del-temple","status":"publish","type":"product","link":"https:\/\/tavapy.gov.py\/biblioteca\/product\/breve-historia-de-la-orden-del-temple\/","title":{"rendered":"BREVE HISTORIA DE LA ORDEN DEL TEMPLE."},"content":{"rendered":"","protected":false},"excerpt":{"rendered":"<p>Con Breve historia de la Orden del Temple, obra publicada en el 2.006, \u00a0nos ofrece Corral un clarificador y documentado estudio sobre las interioridades de la orden en el que se explican todo tipo de detalles curiosos: la jornada de un templario en tiempos de paz, las normas por las que se reg\u00eda la orden, las circunstancias en que se implic\u00f3 en las Cruzadas, la estructura jer\u00e1rquica, el modo en que se financiaba, los principales hechos de armas en que particip\u00f3&#8230;<\/p>\n<p>Un completo y documentado estudio en el que prevalece la claridad expositiva y en el que no se reh\u00fayen cuestiones como los ritos sat\u00e1nicos o los mitos y leyendas que a lo largo de los siglos han acompa\u00f1ado a una de las instituciones m\u00e1s controvertidas de la historia.<\/p>\n<p><a href=\"https:\/\/tavapy.gov.py\/biblioteca\/wp-content\/uploads\/2022\/04\/CorralJ-Breve-historia-de-la-Orden-del-Temple-1.pdf\" target=\"_blank\" rel=\"attachment noopener wp-att-3889\"><img loading=\"lazy\" decoding=\"async\" class=\"size-full wp-image-3889 alignleft\" src=\"https:\/\/tavapy.gov.py\/biblioteca\/wp-content\/uploads\/2022\/04\/icono-PDF-copia.png\" alt=\"\" width=\"121\" height=\"140\" \/><\/a><\/p>\n","protected":false},"featured_media":3800,"comment_status":"open","ping_status":"closed","template":"","meta":{"spay_email":""},"product_cat":[160],"product_tag":[],"class_list":{"0":"post-3957","1":"product","2":"type-product","3":"status-publish","4":"has-post-thumbnail","6":"book_author-jose-luis-corral","7":"product_cat-historia","8":"entry"},"_links":{"self":[{"href":"https:\/\/tavapy.gov.py\/biblioteca\/wp-json\/wp\/v2\/product\/3957","targetHints":{"allow":["GET"]}}],"collection":[{"href":"https:\/\/tavapy.gov.py\/biblioteca\/wp-json\/wp\/v2\/product"}],"about":[{"href":"https:\/\/tavapy.gov.py\/biblioteca\/wp-json\/wp\/v2\/types\/product"}],"replies":[{"embeddable":true,"href":"https:\/\/tavapy.gov.py\/biblioteca\/wp-json\/wp\/v2\/comments?post=3957"}],"wp:featuredmedia":[{"embeddable":true,"href":"https:\/\/tavapy.gov.py\/biblioteca\/wp-json\/wp\/v2\/media\/3800"}],"wp:attachment":[{"href":"https:\/\/tavapy.gov.py\/biblioteca\/wp-json\/wp\/v2\/media?parent=3957"}],"wp:term":[{"taxonomy":"product_cat","embeddable":true,"href":"https:\/\/tavapy.gov.py\/biblioteca\/wp-json\/wp\/v2\/product_cat?post=3957"},{"taxonomy":"product_tag","embeddable":true,"href":"https:\/\/tavapy.gov.py\/biblioteca\/wp-json\/wp\/v2\/product_tag?post=3957"}],"curies":[{"name":"wp","href":"https:\/\/api.w.org\/{rel}","templated":true}]}}