{"id":3961,"date":"2022-04-04T19:02:57","date_gmt":"2022-04-04T19:02:57","guid":{"rendered":"https:\/\/tavapy.gov.py\/biblioteca\/?post_type=product&#038;p=3961"},"modified":"2022-04-04T19:04:13","modified_gmt":"2022-04-04T19:04:13","slug":"el-arte-de-hablar-y-escribir-experiencias-y-recomendaciones","status":"publish","type":"product","link":"https:\/\/tavapy.gov.py\/biblioteca\/product\/el-arte-de-hablar-y-escribir-experiencias-y-recomendaciones\/","title":{"rendered":"EL ARTE DE HABLAR Y ESCRIBIR."},"content":{"rendered":"","protected":false},"excerpt":{"rendered":"<p>Cultivar la expresi\u00f3n oral y escrita resulta importante para lograr una formaci\u00f3n integral. Por ello, el autor de este libro expone diversas experiencias y recomendaciones con el af\u00e1n de mostrar la trascendencia de esmerarse por redactar con pulcritud, as\u00ed como expresarse en p\u00fablico con elocuencia.<\/p>\n<p>Por razones did\u00e1cticas se precisa el modo como se procedi\u00f3 a escribir este libro publicado en el 2.001, para incitar al lector a exponer sus trabajos con sencillez y elegancia. Igualmente, se narran las circunstancias en las que se elabor\u00f3.<\/p>\n<p>Cabe destacar que una parte de la obra se fue confeccionando mientras Ra\u00fal Rojas Soriano viv\u00eda experiencias relacionadas con la materia; del mismo modo, el escritor recurre a sus propias fallas al redactar el texto con el prop\u00f3sito de ilustrar distintos puntos del mismo.<\/p>\n<p>Las experiencias del autor en este campo sirven para derivar recomendaciones sobre el particular, a fin de recurrir a ellas tanto al componer como al pronunciar un discurso.<\/p>\n<p><a href=\"https:\/\/tavapy.gov.py\/biblioteca\/wp-content\/uploads\/2022\/04\/Rojas-SorianoR-El-arte-hablar-escribir.pdf\" target=\"_blank\" rel=\"attachment noopener wp-att-3889\"><img loading=\"lazy\" decoding=\"async\" class=\"size-full wp-image-3889 alignleft\" src=\"https:\/\/tavapy.gov.py\/biblioteca\/wp-content\/uploads\/2022\/04\/icono-PDF-copia.png\" alt=\"\" width=\"121\" height=\"140\" \/><\/a><\/p>\n","protected":false},"featured_media":3798,"comment_status":"open","ping_status":"closed","template":"","meta":{"spay_email":""},"product_cat":[194],"product_tag":[],"class_list":{"0":"post-3961","1":"product","2":"type-product","3":"status-publish","4":"has-post-thumbnail","6":"book_author-raul-rojas-soriano","7":"product_cat-comunicacion-oratoria","8":"entry"},"_links":{"self":[{"href":"https:\/\/tavapy.gov.py\/biblioteca\/wp-json\/wp\/v2\/product\/3961","targetHints":{"allow":["GET"]}}],"collection":[{"href":"https:\/\/tavapy.gov.py\/biblioteca\/wp-json\/wp\/v2\/product"}],"about":[{"href":"https:\/\/tavapy.gov.py\/biblioteca\/wp-json\/wp\/v2\/types\/product"}],"replies":[{"embeddable":true,"href":"https:\/\/tavapy.gov.py\/biblioteca\/wp-json\/wp\/v2\/comments?post=3961"}],"wp:featuredmedia":[{"embeddable":true,"href":"https:\/\/tavapy.gov.py\/biblioteca\/wp-json\/wp\/v2\/media\/3798"}],"wp:attachment":[{"href":"https:\/\/tavapy.gov.py\/biblioteca\/wp-json\/wp\/v2\/media?parent=3961"}],"wp:term":[{"taxonomy":"product_cat","embeddable":true,"href":"https:\/\/tavapy.gov.py\/biblioteca\/wp-json\/wp\/v2\/product_cat?post=3961"},{"taxonomy":"product_tag","embeddable":true,"href":"https:\/\/tavapy.gov.py\/biblioteca\/wp-json\/wp\/v2\/product_tag?post=3961"}],"curies":[{"name":"wp","href":"https:\/\/api.w.org\/{rel}","templated":true}]}}