{"id":3962,"date":"2022-04-04T19:07:28","date_gmt":"2022-04-04T19:07:28","guid":{"rendered":"https:\/\/tavapy.gov.py\/biblioteca\/?post_type=product&#038;p=3962"},"modified":"2022-04-04T19:07:29","modified_gmt":"2022-04-04T19:07:29","slug":"angeles-y-demonios","status":"publish","type":"product","link":"https:\/\/tavapy.gov.py\/biblioteca\/product\/angeles-y-demonios\/","title":{"rendered":"\u00c1NGELES Y DEMONIOS."},"content":{"rendered":"","protected":false},"excerpt":{"rendered":"<p>Robert Langdon, experto en simbolog\u00eda, es convocado a un centro de investigaci\u00f3n suizo para analizar un misterioso signo marcado a fuego en el pecho de un f\u00edsico asesinado. All\u00ed, Langdon descubre el resurgimiento de una antigua hermandad secreta: los illuminati, que han emergido de las sombras para llevar a cabo la fase final de una legendaria venganza contra su enemigo m\u00e1s odiado: la Iglesia cat\u00f3lica.<\/p>\n<p>Los peores temores de Langdon se confirman cuando los illuminati anuncian que han escondido una bomba en el coraz\u00f3n de la Ciudad del Vaticano. Con la cuenta atr\u00e1s en marcha, Langdon viaja a Roma para unir fuerzas con Vittoria Vetra, una bella y misteriosa cient\u00edfica. Los dos se embarcar\u00e1n en una desesperada carrera contrarreloj por los rincones menos conocidos del Vaticano.<\/p>\n<p>\u00c1ngeles y demonios, obra publicada en el 2.00 y la primera aventura del carism\u00e1tico e inolvidable Robert Langdon, es un adictivo y trepidante thriller sobre la eterna pugna entre ciencia y religi\u00f3n. Esta lucha se convierte en una verdadera guerra que pondr\u00e1 en jaque a toda la humanidad, que deber\u00e1 luchar hasta el \u00faltimo minuto para evitar un gran desastre.<\/p>\n<p><a href=\"https:\/\/tavapy.gov.py\/biblioteca\/wp-content\/uploads\/2022\/04\/BrownD-Angeles-y-demonios.pdf\" target=\"_blank\" rel=\"attachment noopener wp-att-3889\"><img loading=\"lazy\" decoding=\"async\" class=\"size-full wp-image-3889 alignleft\" src=\"https:\/\/tavapy.gov.py\/biblioteca\/wp-content\/uploads\/2022\/04\/icono-PDF-copia.png\" alt=\"\" width=\"121\" height=\"140\" \/><\/a><\/p>\n","protected":false},"featured_media":3796,"comment_status":"open","ping_status":"closed","template":"","meta":{"spay_email":""},"product_cat":[57],"product_tag":[],"class_list":{"0":"post-3962","1":"product","2":"type-product","3":"status-publish","4":"has-post-thumbnail","6":"book_author-dan-brown","7":"product_cat-novela","8":"entry"},"_links":{"self":[{"href":"https:\/\/tavapy.gov.py\/biblioteca\/wp-json\/wp\/v2\/product\/3962","targetHints":{"allow":["GET"]}}],"collection":[{"href":"https:\/\/tavapy.gov.py\/biblioteca\/wp-json\/wp\/v2\/product"}],"about":[{"href":"https:\/\/tavapy.gov.py\/biblioteca\/wp-json\/wp\/v2\/types\/product"}],"replies":[{"embeddable":true,"href":"https:\/\/tavapy.gov.py\/biblioteca\/wp-json\/wp\/v2\/comments?post=3962"}],"wp:featuredmedia":[{"embeddable":true,"href":"https:\/\/tavapy.gov.py\/biblioteca\/wp-json\/wp\/v2\/media\/3796"}],"wp:attachment":[{"href":"https:\/\/tavapy.gov.py\/biblioteca\/wp-json\/wp\/v2\/media?parent=3962"}],"wp:term":[{"taxonomy":"product_cat","embeddable":true,"href":"https:\/\/tavapy.gov.py\/biblioteca\/wp-json\/wp\/v2\/product_cat?post=3962"},{"taxonomy":"product_tag","embeddable":true,"href":"https:\/\/tavapy.gov.py\/biblioteca\/wp-json\/wp\/v2\/product_tag?post=3962"}],"curies":[{"name":"wp","href":"https:\/\/api.w.org\/{rel}","templated":true}]}}