{"id":3963,"date":"2022-04-04T19:12:00","date_gmt":"2022-04-04T19:12:00","guid":{"rendered":"https:\/\/tavapy.gov.py\/biblioteca\/?post_type=product&#038;p=3963"},"modified":"2022-04-04T19:12:00","modified_gmt":"2022-04-04T19:12:00","slug":"5-pasos-para-transformar-una-oficina-de-personal-en-un-area-de-recursos-humanos","status":"publish","type":"product","link":"https:\/\/tavapy.gov.py\/biblioteca\/product\/5-pasos-para-transformar-una-oficina-de-personal-en-un-area-de-recursos-humanos\/","title":{"rendered":"5 PASOS PARA TRANSFORMAR UNA OFICINA DE PERSONAL EN UN \u00c1REA DE RECURSOS HUMANOS."},"content":{"rendered":"","protected":false},"excerpt":{"rendered":"<p>Aun hoy, numerosas organizaciones administran sus recursos humanos mediante oficinas de personal dedicadas casi exclusivamente al cumplimiento de las normas legales en materia laboral. Este libro trata sobre la necesaria y saludable transici\u00f3n que deber\u00edan encarar para transformar esta realidad. La autora sostiene que hay que adecuar los Recursos Humanos al \u00e1mbito de los 2020, con la mirada puesta en el futuro, en el contexto de los millennials, mirando hacia el 2030.<\/p>\n<p>Con un enfoque pr\u00e1ctico y motivador, esta obra publicada en el 2.005, propone el desarrollo de sistemas racionales y eficientes para administrar los recursos humanos, a trav\u00e9s de cinco etapas: el an\u00e1lisis y la descripci\u00f3n de puestos, los procesos de formaci\u00f3n y selecci\u00f3n, las pol\u00edticas de remuneraciones, las formas de medici\u00f3n del desempe\u00f1o y el desarrollo del talento.<\/p>\n<p><a href=\"https:\/\/tavapy.gov.py\/biblioteca\/wp-content\/uploads\/2022\/04\/AllesM-5-pasos-para-transformar-una-oficina...pdf\" target=\"_blank\" rel=\"attachment noopener wp-att-3889\"><img loading=\"lazy\" decoding=\"async\" class=\"size-full wp-image-3889 alignleft\" src=\"https:\/\/tavapy.gov.py\/biblioteca\/wp-content\/uploads\/2022\/04\/icono-PDF-copia.png\" alt=\"\" width=\"121\" height=\"140\" \/><\/a><\/p>\n","protected":false},"featured_media":3794,"comment_status":"open","ping_status":"closed","template":"","meta":{"spay_email":""},"product_cat":[285],"product_tag":[],"class_list":{"0":"post-3963","1":"product","2":"type-product","3":"status-publish","4":"has-post-thumbnail","6":"book_author-martha-alles","7":"product_cat-administracion-recursos-humanos","8":"entry"},"_links":{"self":[{"href":"https:\/\/tavapy.gov.py\/biblioteca\/wp-json\/wp\/v2\/product\/3963","targetHints":{"allow":["GET"]}}],"collection":[{"href":"https:\/\/tavapy.gov.py\/biblioteca\/wp-json\/wp\/v2\/product"}],"about":[{"href":"https:\/\/tavapy.gov.py\/biblioteca\/wp-json\/wp\/v2\/types\/product"}],"replies":[{"embeddable":true,"href":"https:\/\/tavapy.gov.py\/biblioteca\/wp-json\/wp\/v2\/comments?post=3963"}],"wp:featuredmedia":[{"embeddable":true,"href":"https:\/\/tavapy.gov.py\/biblioteca\/wp-json\/wp\/v2\/media\/3794"}],"wp:attachment":[{"href":"https:\/\/tavapy.gov.py\/biblioteca\/wp-json\/wp\/v2\/media?parent=3963"}],"wp:term":[{"taxonomy":"product_cat","embeddable":true,"href":"https:\/\/tavapy.gov.py\/biblioteca\/wp-json\/wp\/v2\/product_cat?post=3963"},{"taxonomy":"product_tag","embeddable":true,"href":"https:\/\/tavapy.gov.py\/biblioteca\/wp-json\/wp\/v2\/product_tag?post=3963"}],"curies":[{"name":"wp","href":"https:\/\/api.w.org\/{rel}","templated":true}]}}