{"id":3965,"date":"2022-04-04T19:25:10","date_gmt":"2022-04-04T19:25:10","guid":{"rendered":"https:\/\/tavapy.gov.py\/biblioteca\/?post_type=product&#038;p=3965"},"modified":"2022-04-04T19:25:11","modified_gmt":"2022-04-04T19:25:11","slug":"21-secretos-para-mejorar-sus-finanzas","status":"publish","type":"product","link":"https:\/\/tavapy.gov.py\/biblioteca\/product\/21-secretos-para-mejorar-sus-finanzas\/","title":{"rendered":"21 SECRETOS PARA MEJORAR SUS FINANZAS."},"content":{"rendered":"","protected":false},"excerpt":{"rendered":"<p>Este libro publicado en el 2.000, presenta una f\u00f3rmula compuesta por varios pasos sea cual sea el punto de partida. Aprender\u00e1 a definir objetivos, elaborar planes de acci\u00f3n y a organizarse para conseguir m\u00e1s de lo que quiere conseguir en la vida.<\/p>\n<p>Los 21 secretos que propone la obra se basan en m\u00e1s de quince a\u00f1os de investigaci\u00f3n del autor a personas que han conseguido mejorar significativamente sus finanzas por sus propios esfuerzos.<\/p>\n<p><a href=\"https:\/\/tavapy.gov.py\/biblioteca\/wp-content\/uploads\/2022\/04\/TracyB-21-secretos-para-mejorar-sus-finanzas.pdf\" target=\"_blank\" rel=\"attachment noopener wp-att-3889\"><img loading=\"lazy\" decoding=\"async\" class=\"size-full wp-image-3889 alignleft\" src=\"https:\/\/tavapy.gov.py\/biblioteca\/wp-content\/uploads\/2022\/04\/icono-PDF-copia.png\" alt=\"\" width=\"121\" height=\"140\" \/><\/a><\/p>\n","protected":false},"featured_media":3790,"comment_status":"open","ping_status":"closed","template":"","meta":{"spay_email":""},"product_cat":[289],"product_tag":[],"class_list":{"0":"post-3965","1":"product","2":"type-product","3":"status-publish","4":"has-post-thumbnail","6":"book_author-brian-tracy","7":"product_cat-autoayuda-finanzas","8":"entry"},"_links":{"self":[{"href":"https:\/\/tavapy.gov.py\/biblioteca\/wp-json\/wp\/v2\/product\/3965","targetHints":{"allow":["GET"]}}],"collection":[{"href":"https:\/\/tavapy.gov.py\/biblioteca\/wp-json\/wp\/v2\/product"}],"about":[{"href":"https:\/\/tavapy.gov.py\/biblioteca\/wp-json\/wp\/v2\/types\/product"}],"replies":[{"embeddable":true,"href":"https:\/\/tavapy.gov.py\/biblioteca\/wp-json\/wp\/v2\/comments?post=3965"}],"wp:featuredmedia":[{"embeddable":true,"href":"https:\/\/tavapy.gov.py\/biblioteca\/wp-json\/wp\/v2\/media\/3790"}],"wp:attachment":[{"href":"https:\/\/tavapy.gov.py\/biblioteca\/wp-json\/wp\/v2\/media?parent=3965"}],"wp:term":[{"taxonomy":"product_cat","embeddable":true,"href":"https:\/\/tavapy.gov.py\/biblioteca\/wp-json\/wp\/v2\/product_cat?post=3965"},{"taxonomy":"product_tag","embeddable":true,"href":"https:\/\/tavapy.gov.py\/biblioteca\/wp-json\/wp\/v2\/product_tag?post=3965"}],"curies":[{"name":"wp","href":"https:\/\/api.w.org\/{rel}","templated":true}]}}