{"id":3969,"date":"2022-04-04T19:41:27","date_gmt":"2022-04-04T19:41:27","guid":{"rendered":"https:\/\/tavapy.gov.py\/biblioteca\/?post_type=product&#038;p=3969"},"modified":"2022-04-04T19:41:28","modified_gmt":"2022-04-04T19:41:28","slug":"cuanto-sabes-de-economia","status":"publish","type":"product","link":"https:\/\/tavapy.gov.py\/biblioteca\/product\/cuanto-sabes-de-economia\/","title":{"rendered":"\u00bfCU\u00c1NTO SABES DE ECONOM\u00cdA?"},"content":{"rendered":"","protected":false},"excerpt":{"rendered":"<p>La econom\u00eda como nadie te la ha contado \u00bfQu\u00e9 diferencia hay entre un pr\u00e9stamo y un cr\u00e9dito? \u00bfQu\u00e9 es la prima de riesgo? \u00bfPor qu\u00e9 fue necesario rescatar a los bancos? \u00bfQu\u00e9 es el \u00edndice de Gini? \u00bfCu\u00e1nto sabes de econom\u00eda?<\/p>\n<p>Tomar contacto con una materia tan amplia como la econom\u00eda puede ser dif\u00edcil. Conocer los t\u00e9rminos b\u00e1sicos y c\u00f3mo funcionan sus distintas \u00e1reas es indispensable para el d\u00eda a d\u00eda, pues son parte fundamental en muchos \u00e1mbitos de la sociedad.<\/p>\n<p>El objetivo de este libro publicado en el 2.019, es ayudarnos a entenderla y a sacar nuestras propias conclusiones. El autor explica con una claridad nada habitual c\u00f3mo funciona la econom\u00eda, la que gobierna el mundo, tu pa\u00eds y tu hogar.<\/p>\n<p>Desde los conceptos b\u00e1sicos de la teor\u00eda econ\u00f3mica, el funcionamiento del mercado, hasta las pol\u00edticas econ\u00f3micas y su impacto en la vida diaria, este libro es una lectura imprescindible para quien quiera ir por la vida sin que le tomen el pelo y comprender uno de los aspectos que m\u00e1s determinan c\u00f3mo vivimos.<\/p>\n<p><a href=\"https:\/\/tavapy.gov.py\/biblioteca\/wp-content\/uploads\/2022\/04\/GimenezI-\u00bfCuanto-sabes-de-economia-1.pdf\" target=\"_blank\" rel=\"attachment noopener wp-att-3889\"><img loading=\"lazy\" decoding=\"async\" class=\"size-full wp-image-3889 alignleft\" src=\"https:\/\/tavapy.gov.py\/biblioteca\/wp-content\/uploads\/2022\/04\/icono-PDF-copia.png\" alt=\"\" width=\"121\" height=\"140\" \/><\/a><\/p>\n","protected":false},"featured_media":3784,"comment_status":"open","ping_status":"closed","template":"","meta":{"spay_email":""},"product_cat":[72],"product_tag":[],"class_list":{"0":"post-3969","1":"product","2":"type-product","3":"status-publish","4":"has-post-thumbnail","6":"book_author-inaki-jimenez","7":"product_cat-economia","8":"entry"},"_links":{"self":[{"href":"https:\/\/tavapy.gov.py\/biblioteca\/wp-json\/wp\/v2\/product\/3969","targetHints":{"allow":["GET"]}}],"collection":[{"href":"https:\/\/tavapy.gov.py\/biblioteca\/wp-json\/wp\/v2\/product"}],"about":[{"href":"https:\/\/tavapy.gov.py\/biblioteca\/wp-json\/wp\/v2\/types\/product"}],"replies":[{"embeddable":true,"href":"https:\/\/tavapy.gov.py\/biblioteca\/wp-json\/wp\/v2\/comments?post=3969"}],"wp:featuredmedia":[{"embeddable":true,"href":"https:\/\/tavapy.gov.py\/biblioteca\/wp-json\/wp\/v2\/media\/3784"}],"wp:attachment":[{"href":"https:\/\/tavapy.gov.py\/biblioteca\/wp-json\/wp\/v2\/media?parent=3969"}],"wp:term":[{"taxonomy":"product_cat","embeddable":true,"href":"https:\/\/tavapy.gov.py\/biblioteca\/wp-json\/wp\/v2\/product_cat?post=3969"},{"taxonomy":"product_tag","embeddable":true,"href":"https:\/\/tavapy.gov.py\/biblioteca\/wp-json\/wp\/v2\/product_tag?post=3969"}],"curies":[{"name":"wp","href":"https:\/\/api.w.org\/{rel}","templated":true}]}}