{"id":3970,"date":"2022-04-04T19:45:13","date_gmt":"2022-04-04T19:45:13","guid":{"rendered":"https:\/\/tavapy.gov.py\/biblioteca\/?post_type=product&#038;p=3970"},"modified":"2022-11-24T20:46:38","modified_gmt":"2022-11-24T20:46:38","slug":"oratoria-y-liderazgo-el-orador-del-siglo-xxi","status":"publish","type":"product","link":"https:\/\/tavapy.gov.py\/biblioteca\/product\/oratoria-y-liderazgo-el-orador-del-siglo-xxi\/","title":{"rendered":"ORATORIA Y LIDERAZGO. EL ORADOR DEL SIGLO XXI."},"content":{"rendered":"","protected":false},"excerpt":{"rendered":"<p>El mayor poder del mundo ha sido, es y ser\u00e1 la palabra. La raz\u00f3n es muy simple. El cerebro piensa, interpreta y se expresa en base a un c\u00f3digo verbal, por lo cual, el manejo de la palabra es determinante para el aprendizaje y para el \u00e9xito. Vivimos en una sociedad de competencia, en la cual, la imagen personal es fundamental. A ninguna persona se le juzga por lo que es o por lo que sabe, sino por lo que manifiesta.<\/p>\n<p>La palabra es la expresi\u00f3n de toda la persona. Al hablar, expresamos, sin darnos cuenta, nuestras ideas y sentimientos; nuestras fortalezas y debilidades. Una persona que tiene un vocabulario de calidad y una voz clara, consistente, fluida, vibrante y agradable, expresa capacidad, poder y seguridad. Su voz es un est\u00edmulo constante para s\u00ed misma y para los dem\u00e1s. La gente respeta y admira a esta clase de personas.<\/p>\n<p>Esta obra publicada en el 2.010 intenta responder a esas preocupaciones referentes a la oratoria.<\/p>\n<p><a href=\"https:\/\/tavapy.gov.py\/biblioteca\/wp-content\/uploads\/2022\/04\/De-HaroD-Oratoria-y-liderazgo1.pdf\" target=\"_blank\" rel=\"attachment noopener wp-att-3889\"><img loading=\"lazy\" decoding=\"async\" class=\"size-full wp-image-3889 alignleft\" src=\"https:\/\/tavapy.gov.py\/biblioteca\/wp-content\/uploads\/2022\/04\/icono-PDF-copia.png\" alt=\"\" width=\"121\" height=\"140\" \/><\/a><\/p>\n","protected":false},"featured_media":3782,"comment_status":"open","ping_status":"closed","template":"","meta":{"spay_email":""},"product_cat":[194],"product_tag":[],"class_list":{"0":"post-3970","1":"product","2":"type-product","3":"status-publish","4":"has-post-thumbnail","6":"book_author-david-angulo-de-haro","7":"product_cat-comunicacion-oratoria","8":"entry"},"_links":{"self":[{"href":"https:\/\/tavapy.gov.py\/biblioteca\/wp-json\/wp\/v2\/product\/3970","targetHints":{"allow":["GET"]}}],"collection":[{"href":"https:\/\/tavapy.gov.py\/biblioteca\/wp-json\/wp\/v2\/product"}],"about":[{"href":"https:\/\/tavapy.gov.py\/biblioteca\/wp-json\/wp\/v2\/types\/product"}],"replies":[{"embeddable":true,"href":"https:\/\/tavapy.gov.py\/biblioteca\/wp-json\/wp\/v2\/comments?post=3970"}],"wp:featuredmedia":[{"embeddable":true,"href":"https:\/\/tavapy.gov.py\/biblioteca\/wp-json\/wp\/v2\/media\/3782"}],"wp:attachment":[{"href":"https:\/\/tavapy.gov.py\/biblioteca\/wp-json\/wp\/v2\/media?parent=3970"}],"wp:term":[{"taxonomy":"product_cat","embeddable":true,"href":"https:\/\/tavapy.gov.py\/biblioteca\/wp-json\/wp\/v2\/product_cat?post=3970"},{"taxonomy":"product_tag","embeddable":true,"href":"https:\/\/tavapy.gov.py\/biblioteca\/wp-json\/wp\/v2\/product_tag?post=3970"}],"curies":[{"name":"wp","href":"https:\/\/api.w.org\/{rel}","templated":true}]}}