{"id":4030,"date":"2022-04-08T03:05:53","date_gmt":"2022-04-08T03:05:53","guid":{"rendered":"https:\/\/tavapy.gov.py\/biblioteca\/?post_type=product&#038;p=4030"},"modified":"2022-04-08T04:20:38","modified_gmt":"2022-04-08T04:20:38","slug":"ley-numero-1264-general-de-de-educacion","status":"publish","type":"product","link":"https:\/\/tavapy.gov.py\/biblioteca\/product\/ley-numero-1264-general-de-de-educacion\/","title":{"rendered":"LEY N\u00daMERO 1264 \/ GENERAL DE EDUCACI\u00d3N."},"content":{"rendered":"","protected":false},"excerpt":{"rendered":"<p>La Ley n\u00famero 1.264 General de Educaci\u00f3n del a\u00f1o 1.998 regula la educaci\u00f3n p\u00fablica y privada. Establecer\u00e1 los principios y fines generales que deben inspirarla y orientarla.<\/p>\n<p>Regular\u00e1 la gesti\u00f3n, la organizaci\u00f3n, la estructura del sistema educativo nacional, la educaci\u00f3n de r\u00e9gimen general y especial, el sistema escolar y sus modalidades.<\/p>\n<p><a href=\"https:\/\/tavapy.gov.py\/biblioteca\/wp-content\/uploads\/2022\/04\/Ley1264-General-De-Educacion.pdf\" target=\"_blank\" rel=\"attachment noopener wp-att-3889\"><img loading=\"lazy\" decoding=\"async\" class=\"size-full wp-image-3889 alignleft\" src=\"https:\/\/tavapy.gov.py\/biblioteca\/wp-content\/uploads\/2022\/04\/icono-PDF-copia.png\" alt=\"\" width=\"121\" height=\"140\" \/><\/a><\/p>\n","protected":false},"featured_media":4029,"comment_status":"open","ping_status":"closed","template":"","meta":{"spay_email":""},"product_cat":[298],"product_tag":[],"class_list":{"0":"post-4030","1":"product","2":"type-product","3":"status-publish","4":"has-post-thumbnail","6":"book_author-estado-paraguayo","7":"product_cat-legislacion-paraguaya","8":"entry"},"_links":{"self":[{"href":"https:\/\/tavapy.gov.py\/biblioteca\/wp-json\/wp\/v2\/product\/4030","targetHints":{"allow":["GET"]}}],"collection":[{"href":"https:\/\/tavapy.gov.py\/biblioteca\/wp-json\/wp\/v2\/product"}],"about":[{"href":"https:\/\/tavapy.gov.py\/biblioteca\/wp-json\/wp\/v2\/types\/product"}],"replies":[{"embeddable":true,"href":"https:\/\/tavapy.gov.py\/biblioteca\/wp-json\/wp\/v2\/comments?post=4030"}],"wp:featuredmedia":[{"embeddable":true,"href":"https:\/\/tavapy.gov.py\/biblioteca\/wp-json\/wp\/v2\/media\/4029"}],"wp:attachment":[{"href":"https:\/\/tavapy.gov.py\/biblioteca\/wp-json\/wp\/v2\/media?parent=4030"}],"wp:term":[{"taxonomy":"product_cat","embeddable":true,"href":"https:\/\/tavapy.gov.py\/biblioteca\/wp-json\/wp\/v2\/product_cat?post=4030"},{"taxonomy":"product_tag","embeddable":true,"href":"https:\/\/tavapy.gov.py\/biblioteca\/wp-json\/wp\/v2\/product_tag?post=4030"}],"curies":[{"name":"wp","href":"https:\/\/api.w.org\/{rel}","templated":true}]}}