{"id":4035,"date":"2022-04-08T03:17:05","date_gmt":"2022-04-08T03:17:05","guid":{"rendered":"https:\/\/tavapy.gov.py\/biblioteca\/?post_type=product&#038;p=4035"},"modified":"2022-04-08T03:17:05","modified_gmt":"2022-04-08T03:17:05","slug":"ley-numero-1626-de-la-funcion-publica","status":"publish","type":"product","link":"https:\/\/tavapy.gov.py\/biblioteca\/product\/ley-numero-1626-de-la-funcion-publica\/","title":{"rendered":"LEY N\u00daMERO 1626 \/ DE LA FUNCI\u00d3N P\u00daBLICA."},"content":{"rendered":"","protected":false},"excerpt":{"rendered":"<p>La ley n\u00famero 1626 de la Funci\u00f3n P\u00fablica del a\u00f1o 2.000, tiene por objetivo regular la situaci\u00f3n jur\u00eddica de los funcionarios y de los empleados p\u00fablicos, el personal de confianza, el contratado y el auxiliar, que presten servicio en la Administraci\u00f3n Central, en los entes descentralizados, los gobiernos departamentales y las municipalidades, la Defensor\u00eda del Pueblo, la Contralor\u00eda General de la Rep\u00fablica, la banca p\u00fablica\u00a0 y los dem\u00e1s organismos y entidades del Estado.<\/p>\n<p><a href=\"https:\/\/tavapy.gov.py\/biblioteca\/wp-content\/uploads\/2022\/04\/Ley_1626-De-la-Funcion-Publica-Py.pdf\" target=\"_blank\" rel=\"attachment noopener wp-att-4033\"><img loading=\"lazy\" decoding=\"async\" class=\"size-full wp-image-4033 alignleft\" src=\"https:\/\/tavapy.gov.py\/biblioteca\/wp-content\/uploads\/2022\/04\/icono-PDF-copia-1.png\" alt=\"\" width=\"121\" height=\"140\" \/><\/a><\/p>\n","protected":false},"featured_media":4025,"comment_status":"open","ping_status":"closed","template":"","meta":{"spay_email":""},"product_cat":[298],"product_tag":[],"class_list":{"0":"post-4035","1":"product","2":"type-product","3":"status-publish","4":"has-post-thumbnail","6":"book_author-estado-paraguayo","7":"product_cat-legislacion-paraguaya","8":"entry"},"_links":{"self":[{"href":"https:\/\/tavapy.gov.py\/biblioteca\/wp-json\/wp\/v2\/product\/4035","targetHints":{"allow":["GET"]}}],"collection":[{"href":"https:\/\/tavapy.gov.py\/biblioteca\/wp-json\/wp\/v2\/product"}],"about":[{"href":"https:\/\/tavapy.gov.py\/biblioteca\/wp-json\/wp\/v2\/types\/product"}],"replies":[{"embeddable":true,"href":"https:\/\/tavapy.gov.py\/biblioteca\/wp-json\/wp\/v2\/comments?post=4035"}],"wp:featuredmedia":[{"embeddable":true,"href":"https:\/\/tavapy.gov.py\/biblioteca\/wp-json\/wp\/v2\/media\/4025"}],"wp:attachment":[{"href":"https:\/\/tavapy.gov.py\/biblioteca\/wp-json\/wp\/v2\/media?parent=4035"}],"wp:term":[{"taxonomy":"product_cat","embeddable":true,"href":"https:\/\/tavapy.gov.py\/biblioteca\/wp-json\/wp\/v2\/product_cat?post=4035"},{"taxonomy":"product_tag","embeddable":true,"href":"https:\/\/tavapy.gov.py\/biblioteca\/wp-json\/wp\/v2\/product_tag?post=4035"}],"curies":[{"name":"wp","href":"https:\/\/api.w.org\/{rel}","templated":true}]}}