{"id":4037,"date":"2022-04-08T03:26:01","date_gmt":"2022-04-08T03:26:01","guid":{"rendered":"https:\/\/tavapy.gov.py\/biblioteca\/?post_type=product&#038;p=4037"},"modified":"2024-05-29T14:47:04","modified_gmt":"2024-05-29T14:47:04","slug":"constitucion-nacional-de-la-republica-del-paraguay","status":"publish","type":"product","link":"https:\/\/tavapy.gov.py\/biblioteca\/product\/constitucion-nacional-de-la-republica-del-paraguay\/","title":{"rendered":"CONSTITUCI\u00d3N NACIONAL DE LA REP\u00daBLICA DEL PARAGUAY."},"content":{"rendered":"","protected":false},"excerpt":{"rendered":"<p>La constituci\u00f3n nacional es la ley fundamental sobre la que se asienta un estado determinado con todo su andamiaje jur\u00eddico. Establece la divisi\u00f3n de poderes con sus alcances, a la vez que garantiza derechos y libertades.<\/p>\n<p>La Rep\u00fablica del Paraguay se rige bajo la Constituci\u00f3n de 1992, que es la cuarta del pa\u00eds desde su independencia de Espa\u00f1a en 1811.<\/p>\n<p>La Constituci\u00f3n Nacional de la Rep\u00fablica del Paraguay establece que el Paraguay se constituye en Estado social de derecho, unitario, indivisible, y descentralizado en la forma que se establecen esta Constituci\u00f3n y las leyes. La Rep\u00fablica del Paraguay adopta para su gobierno la democracia representativa, participativa y pluralista, fundada en el reconocimiento de la dignidad humana.<\/p>\n<p><a href=\"https:\/\/tavapy.gov.py\/biblioteca\/wp-content\/uploads\/2022\/04\/Constitucion-Nacional-del-Paraguay.pdf\" target=\"_blank\" rel=\"attachment noopener wp-att-4033\"><img loading=\"lazy\" decoding=\"async\" class=\"size-full wp-image-4033 alignleft\" src=\"https:\/\/tavapy.gov.py\/biblioteca\/wp-content\/uploads\/2022\/04\/icono-PDF-copia-1.png\" alt=\"\" width=\"121\" height=\"140\" \/><\/a><\/p>\n","protected":false},"featured_media":4021,"comment_status":"open","ping_status":"closed","template":"","meta":{"spay_email":""},"product_cat":[298],"product_tag":[],"class_list":{"0":"post-4037","1":"product","2":"type-product","3":"status-publish","4":"has-post-thumbnail","6":"book_author-estado-paraguayo","7":"product_cat-legislacion-paraguaya","8":"entry"},"_links":{"self":[{"href":"https:\/\/tavapy.gov.py\/biblioteca\/wp-json\/wp\/v2\/product\/4037","targetHints":{"allow":["GET"]}}],"collection":[{"href":"https:\/\/tavapy.gov.py\/biblioteca\/wp-json\/wp\/v2\/product"}],"about":[{"href":"https:\/\/tavapy.gov.py\/biblioteca\/wp-json\/wp\/v2\/types\/product"}],"replies":[{"embeddable":true,"href":"https:\/\/tavapy.gov.py\/biblioteca\/wp-json\/wp\/v2\/comments?post=4037"}],"wp:featuredmedia":[{"embeddable":true,"href":"https:\/\/tavapy.gov.py\/biblioteca\/wp-json\/wp\/v2\/media\/4021"}],"wp:attachment":[{"href":"https:\/\/tavapy.gov.py\/biblioteca\/wp-json\/wp\/v2\/media?parent=4037"}],"wp:term":[{"taxonomy":"product_cat","embeddable":true,"href":"https:\/\/tavapy.gov.py\/biblioteca\/wp-json\/wp\/v2\/product_cat?post=4037"},{"taxonomy":"product_tag","embeddable":true,"href":"https:\/\/tavapy.gov.py\/biblioteca\/wp-json\/wp\/v2\/product_tag?post=4037"}],"curies":[{"name":"wp","href":"https:\/\/api.w.org\/{rel}","templated":true}]}}