{"id":4038,"date":"2022-04-08T03:34:26","date_gmt":"2022-04-08T03:34:26","guid":{"rendered":"https:\/\/tavapy.gov.py\/biblioteca\/?post_type=product&#038;p=4038"},"modified":"2022-04-08T03:34:26","modified_gmt":"2022-04-08T03:34:26","slug":"ley-numero-1160-codigo-penal","status":"publish","type":"product","link":"https:\/\/tavapy.gov.py\/biblioteca\/product\/ley-numero-1160-codigo-penal\/","title":{"rendered":"LEY N\u00daMERO 1160 \/ C\u00d3DIGO PENAL."},"content":{"rendered":"","protected":false},"excerpt":{"rendered":"<p>El c\u00f3digo penal es un documento que re\u00fane un conjunto de normas imperativas que regulan los comportamientos que constituyen delitos y sus penas.<\/p>\n<p>La Ley Penal n\u00famero 1.160 del Paraguay del a\u00f1o 1.997, establece que: 1\u00ba La ley penal paraguaya se aplicar\u00e1 a todos los hechos punibles realizados en el territorio nacional o a bordo de buques o aeronaves paraguayos. 2. condenado a una pena o medida privativa de libertad y \u00e9sta haya sido ejecutada, prescrita o indultada.<\/p>\n<p><a href=\"https:\/\/tavapy.gov.py\/biblioteca\/wp-content\/uploads\/2022\/04\/Codigo-Penal-Paraguayo.pdf\" target=\"_blank\" rel=\"attachment noopener wp-att-4033\"><img loading=\"lazy\" decoding=\"async\" class=\"size-full wp-image-4033 alignleft\" src=\"https:\/\/tavapy.gov.py\/biblioteca\/wp-content\/uploads\/2022\/04\/icono-PDF-copia-1.png\" alt=\"\" width=\"121\" height=\"140\" \/><\/a><\/p>\n","protected":false},"featured_media":4019,"comment_status":"open","ping_status":"closed","template":"","meta":{"spay_email":""},"product_cat":[298],"product_tag":[],"class_list":{"0":"post-4038","1":"product","2":"type-product","3":"status-publish","4":"has-post-thumbnail","6":"book_author-estado-paraguayo","7":"product_cat-legislacion-paraguaya","8":"entry"},"_links":{"self":[{"href":"https:\/\/tavapy.gov.py\/biblioteca\/wp-json\/wp\/v2\/product\/4038","targetHints":{"allow":["GET"]}}],"collection":[{"href":"https:\/\/tavapy.gov.py\/biblioteca\/wp-json\/wp\/v2\/product"}],"about":[{"href":"https:\/\/tavapy.gov.py\/biblioteca\/wp-json\/wp\/v2\/types\/product"}],"replies":[{"embeddable":true,"href":"https:\/\/tavapy.gov.py\/biblioteca\/wp-json\/wp\/v2\/comments?post=4038"}],"wp:featuredmedia":[{"embeddable":true,"href":"https:\/\/tavapy.gov.py\/biblioteca\/wp-json\/wp\/v2\/media\/4019"}],"wp:attachment":[{"href":"https:\/\/tavapy.gov.py\/biblioteca\/wp-json\/wp\/v2\/media?parent=4038"}],"wp:term":[{"taxonomy":"product_cat","embeddable":true,"href":"https:\/\/tavapy.gov.py\/biblioteca\/wp-json\/wp\/v2\/product_cat?post=4038"},{"taxonomy":"product_tag","embeddable":true,"href":"https:\/\/tavapy.gov.py\/biblioteca\/wp-json\/wp\/v2\/product_tag?post=4038"}],"curies":[{"name":"wp","href":"https:\/\/api.w.org\/{rel}","templated":true}]}}