{"id":4040,"date":"2022-04-08T03:55:13","date_gmt":"2022-04-08T03:55:13","guid":{"rendered":"https:\/\/tavapy.gov.py\/biblioteca\/?post_type=product&#038;p=4040"},"modified":"2022-04-08T04:19:12","modified_gmt":"2022-04-08T04:19:12","slug":"ley-numero-1680-codigo-de-la-ninez-y-la-adolescencia","status":"publish","type":"product","link":"https:\/\/tavapy.gov.py\/biblioteca\/product\/ley-numero-1680-codigo-de-la-ninez-y-la-adolescencia\/","title":{"rendered":"LEY N\u00daMERO 1680 \/ C\u00d3DIGO DE LA NI\u00d1EZ Y LA ADOLESCENCIA."},"content":{"rendered":"","protected":false},"excerpt":{"rendered":"<p>El C\u00f3digo de la Ni\u00f1ez y la Adolescencia de la Ley n\u00famero 1.680 del a\u00f1o 2.001, establece y regula los derechos, garant\u00edas y deberes del ni\u00f1o y del adolescente, conforme a lo dispuesto en la Constituci\u00f3n Nacional, la Convenci\u00f3n sobre los Derechos del Ni\u00f1o, los instrumentos internacionales sobre la protecci\u00f3n de los derechos humanos aprobados y ratificados por el Paraguay, y las leyes.<\/p>\n<p><a href=\"https:\/\/tavapy.gov.py\/biblioteca\/wp-content\/uploads\/2022\/04\/Codigo-de-la-Ninez-y-la-Adolescencia-Paraguay.pdf\" target=\"_blank\" rel=\"attachment noopener wp-att-4033\"><img loading=\"lazy\" decoding=\"async\" class=\"size-full wp-image-4033 alignleft\" src=\"https:\/\/tavapy.gov.py\/biblioteca\/wp-content\/uploads\/2022\/04\/icono-PDF-copia-1.png\" alt=\"\" width=\"121\" height=\"140\" \/><\/a><\/p>\n","protected":false},"featured_media":4015,"comment_status":"open","ping_status":"closed","template":"","meta":{"spay_email":""},"product_cat":[298],"product_tag":[],"class_list":{"0":"post-4040","1":"product","2":"type-product","3":"status-publish","4":"has-post-thumbnail","6":"book_author-estado-paraguayo","7":"product_cat-legislacion-paraguaya","8":"entry"},"_links":{"self":[{"href":"https:\/\/tavapy.gov.py\/biblioteca\/wp-json\/wp\/v2\/product\/4040","targetHints":{"allow":["GET"]}}],"collection":[{"href":"https:\/\/tavapy.gov.py\/biblioteca\/wp-json\/wp\/v2\/product"}],"about":[{"href":"https:\/\/tavapy.gov.py\/biblioteca\/wp-json\/wp\/v2\/types\/product"}],"replies":[{"embeddable":true,"href":"https:\/\/tavapy.gov.py\/biblioteca\/wp-json\/wp\/v2\/comments?post=4040"}],"wp:featuredmedia":[{"embeddable":true,"href":"https:\/\/tavapy.gov.py\/biblioteca\/wp-json\/wp\/v2\/media\/4015"}],"wp:attachment":[{"href":"https:\/\/tavapy.gov.py\/biblioteca\/wp-json\/wp\/v2\/media?parent=4040"}],"wp:term":[{"taxonomy":"product_cat","embeddable":true,"href":"https:\/\/tavapy.gov.py\/biblioteca\/wp-json\/wp\/v2\/product_cat?post=4040"},{"taxonomy":"product_tag","embeddable":true,"href":"https:\/\/tavapy.gov.py\/biblioteca\/wp-json\/wp\/v2\/product_tag?post=4040"}],"curies":[{"name":"wp","href":"https:\/\/api.w.org\/{rel}","templated":true}]}}