{"id":4041,"date":"2022-04-08T04:01:34","date_gmt":"2022-04-08T04:01:34","guid":{"rendered":"https:\/\/tavapy.gov.py\/biblioteca\/?post_type=product&#038;p=4041"},"modified":"2024-08-13T23:05:18","modified_gmt":"2024-08-13T23:05:18","slug":"ley-numero-1183-codigo-civil-del-paraguay","status":"publish","type":"product","link":"https:\/\/tavapy.gov.py\/biblioteca\/product\/ley-numero-1183-codigo-civil-del-paraguay\/","title":{"rendered":"LEY N\u00daMERO 1183 \/ C\u00d3DIGO CIVIL DEL PARAGUAY."},"content":{"rendered":"","protected":false},"excerpt":{"rendered":"<p>El C\u00f3digo Civil es un conjunto de normas legales unitario, sistematizado y ordenado sobre el Derecho Privado. Por lo tanto, se trata de un texto legal que regula las relaciones civiles entre las personas (tanto f\u00edsicas como morales).<\/p>\n<p>El C\u00f3digo Civil Paraguayo de la Ley n\u00famero 1.183 del a\u00f1o 1.985 regula la existencia, el estado civil, la capacidad e incapacidad de hecho de las personas f\u00edsicas domiciliadas en la Rep\u00fablica, sean nacionales o extranjeras, ser\u00e1n juzgados por las disposiciones de este C\u00f3digo, aunque no se trate de actos ejecutados o de bienes existentes en la Rep\u00fablica.<\/p>\n<p><a href=\"https:\/\/tavapy.gov.py\/biblioteca\/wp-content\/uploads\/2022\/04\/Codigo-Civil-del-Paraguay.pdf\" target=\"_blank\" rel=\"attachment noopener wp-att-4033\"><img loading=\"lazy\" decoding=\"async\" class=\"size-full wp-image-4033 alignleft\" src=\"https:\/\/tavapy.gov.py\/biblioteca\/wp-content\/uploads\/2022\/04\/icono-PDF-copia-1.png\" alt=\"\" width=\"121\" height=\"140\" \/><\/a><\/p>\n","protected":false},"featured_media":4013,"comment_status":"open","ping_status":"closed","template":"","meta":{"spay_email":""},"product_cat":[298],"product_tag":[],"class_list":{"0":"post-4041","1":"product","2":"type-product","3":"status-publish","4":"has-post-thumbnail","6":"book_author-estado-paraguayo","7":"product_cat-legislacion-paraguaya","8":"entry"},"_links":{"self":[{"href":"https:\/\/tavapy.gov.py\/biblioteca\/wp-json\/wp\/v2\/product\/4041","targetHints":{"allow":["GET"]}}],"collection":[{"href":"https:\/\/tavapy.gov.py\/biblioteca\/wp-json\/wp\/v2\/product"}],"about":[{"href":"https:\/\/tavapy.gov.py\/biblioteca\/wp-json\/wp\/v2\/types\/product"}],"replies":[{"embeddable":true,"href":"https:\/\/tavapy.gov.py\/biblioteca\/wp-json\/wp\/v2\/comments?post=4041"}],"wp:featuredmedia":[{"embeddable":true,"href":"https:\/\/tavapy.gov.py\/biblioteca\/wp-json\/wp\/v2\/media\/4013"}],"wp:attachment":[{"href":"https:\/\/tavapy.gov.py\/biblioteca\/wp-json\/wp\/v2\/media?parent=4041"}],"wp:term":[{"taxonomy":"product_cat","embeddable":true,"href":"https:\/\/tavapy.gov.py\/biblioteca\/wp-json\/wp\/v2\/product_cat?post=4041"},{"taxonomy":"product_tag","embeddable":true,"href":"https:\/\/tavapy.gov.py\/biblioteca\/wp-json\/wp\/v2\/product_tag?post=4041"}],"curies":[{"name":"wp","href":"https:\/\/api.w.org\/{rel}","templated":true}]}}