{"id":4109,"date":"2022-04-10T16:41:53","date_gmt":"2022-04-10T16:41:53","guid":{"rendered":"https:\/\/tavapy.gov.py\/biblioteca\/?post_type=product&#038;p=4109"},"modified":"2022-06-23T13:16:53","modified_gmt":"2022-06-23T13:16:53","slug":"histologia","status":"publish","type":"product","link":"https:\/\/tavapy.gov.py\/biblioteca\/product\/histologia\/","title":{"rendered":"HISTOLOG\u00cdA."},"content":{"rendered":"","protected":false},"excerpt":{"rendered":"<p>El avance del conocimiento producido en las disciplinas m\u00e9dicas durante la \u00faltima d\u00e9cada -a trav\u00e9s del desarrollo de las tecnolog\u00edas gen\u00e9tica e inmune- motiv\u00f3 la presentaci\u00f3n de esta obra, que trata la histolog\u00eda con la inclusi\u00f3n de conceptos de biolog\u00eda molecular.<\/p>\n<p>Incluye 752 microfotograf\u00edas, dibujos e im\u00e1genes de microscopia electr\u00f3nica, importante bibliograf\u00eda y art\u00edculos de publicaciones cient\u00edficas. Adem\u00e1s, para facilitar la comprensi\u00f3n y estimular el inter\u00e9s por su lectura, se incorporaron recursos pedag\u00f3gicos y recuadros con bases de distintos colores.<\/p>\n<p>En ellos se especifican conocimientos cl\u00ednicos, cuestionarios, sugerencias de lecturas adicionales y temas m\u00e1s profundos, complementando de esta manera todo lo expuesto a lo largo de cada cap\u00edtulo.<\/p>\n<p>El original de la obra fue publicado en 1981.<\/p>\n<p><a href=\"https:\/\/tavapy.gov.py\/biblioteca\/wp-content\/uploads\/2022\/04\/Histologia-Geneser.pdf\" target=\"_blank\" rel=\"attachment noopener wp-att-4033\"><img loading=\"lazy\" decoding=\"async\" class=\"size-full wp-image-4033 alignleft\" src=\"https:\/\/tavapy.gov.py\/biblioteca\/wp-content\/uploads\/2022\/04\/icono-PDF-copia-1.png\" alt=\"\" width=\"121\" height=\"140\" \/><\/a><\/p>\n","protected":false},"featured_media":4107,"comment_status":"open","ping_status":"closed","template":"","meta":{"spay_email":""},"product_cat":[300],"product_tag":[],"class_list":{"0":"post-4109","1":"product","2":"type-product","3":"status-publish","4":"has-post-thumbnail","6":"book_author-finn-geneser","7":"product_cat-medicina","8":"entry"},"_links":{"self":[{"href":"https:\/\/tavapy.gov.py\/biblioteca\/wp-json\/wp\/v2\/product\/4109","targetHints":{"allow":["GET"]}}],"collection":[{"href":"https:\/\/tavapy.gov.py\/biblioteca\/wp-json\/wp\/v2\/product"}],"about":[{"href":"https:\/\/tavapy.gov.py\/biblioteca\/wp-json\/wp\/v2\/types\/product"}],"replies":[{"embeddable":true,"href":"https:\/\/tavapy.gov.py\/biblioteca\/wp-json\/wp\/v2\/comments?post=4109"}],"wp:featuredmedia":[{"embeddable":true,"href":"https:\/\/tavapy.gov.py\/biblioteca\/wp-json\/wp\/v2\/media\/4107"}],"wp:attachment":[{"href":"https:\/\/tavapy.gov.py\/biblioteca\/wp-json\/wp\/v2\/media?parent=4109"}],"wp:term":[{"taxonomy":"product_cat","embeddable":true,"href":"https:\/\/tavapy.gov.py\/biblioteca\/wp-json\/wp\/v2\/product_cat?post=4109"},{"taxonomy":"product_tag","embeddable":true,"href":"https:\/\/tavapy.gov.py\/biblioteca\/wp-json\/wp\/v2\/product_tag?post=4109"}],"curies":[{"name":"wp","href":"https:\/\/api.w.org\/{rel}","templated":true}]}}