{"id":4111,"date":"2022-04-10T16:50:51","date_gmt":"2022-04-10T16:50:51","guid":{"rendered":"https:\/\/tavapy.gov.py\/biblioteca\/?post_type=product&#038;p=4111"},"modified":"2022-04-10T16:50:52","modified_gmt":"2022-04-10T16:50:52","slug":"tomo-v-patologia-cardiovascular","status":"publish","type":"product","link":"https:\/\/tavapy.gov.py\/biblioteca\/product\/tomo-v-patologia-cardiovascular\/","title":{"rendered":"TOMO V: PATOLOG\u00cdA CARDIOVASCULAR."},"content":{"rendered":"","protected":false},"excerpt":{"rendered":"<p>Las Enfermedades Cardiovasculares (ECV), tambi\u00e9n llamadas enfermedades card\u00edacas o coronarias, son trastornos del coraz\u00f3n y de los vasos sangu\u00edneos.<\/p>\n<p>La Arteriosclerosis es uno de los principales desencadenantes. Se produce cuando las paredes de las arterias acumulan placas de colesterol, l\u00edpidos (grasas) y c\u00e9lulas inflamatorias, que pueden llegar a obstruir las arterias e impedir la circulaci\u00f3n de la sangre, dando lugar a un accidente o evento cardiovascular.<\/p>\n<p>Hablamos de Enfermedades Cardiovasculares cuando, por ejemplo, hay una falta de riego sangu\u00edneo al m\u00fasculo del coraz\u00f3n y se desarrolla una angina de pecho o un infarto de miocardio.<\/p>\n<p>Esta obra Patolog\u00eda Cardiovascular aborda las diferentes enfermedades cardiovasculares m\u00e1s comunes como la Hipertensi\u00f3n arterial, la Insuficiencia card\u00edaca, la Cardiopat\u00eda isqu\u00e9mica: angina, entre otras.<\/p>\n<p><a href=\"https:\/\/tavapy.gov.py\/biblioteca\/wp-content\/uploads\/2022\/04\/06.-Patologia-cardiovascular-autor-Sociedad-Espanola-de-Farmacia-Hospitalaria.pdf\" target=\"_blank\" rel=\"attachment noopener wp-att-4033\"><img loading=\"lazy\" decoding=\"async\" class=\"size-full wp-image-4033 alignleft\" src=\"https:\/\/tavapy.gov.py\/biblioteca\/wp-content\/uploads\/2022\/04\/icono-PDF-copia-1.png\" alt=\"\" width=\"121\" height=\"140\" \/><\/a><\/p>\n","protected":false},"featured_media":4108,"comment_status":"open","ping_status":"closed","template":"","meta":{"spay_email":""},"product_cat":[300],"product_tag":[],"class_list":{"0":"post-4111","1":"product","2":"type-product","3":"status-publish","4":"has-post-thumbnail","6":"book_author-nuria-labrador","7":"product_cat-medicina","8":"entry"},"_links":{"self":[{"href":"https:\/\/tavapy.gov.py\/biblioteca\/wp-json\/wp\/v2\/product\/4111","targetHints":{"allow":["GET"]}}],"collection":[{"href":"https:\/\/tavapy.gov.py\/biblioteca\/wp-json\/wp\/v2\/product"}],"about":[{"href":"https:\/\/tavapy.gov.py\/biblioteca\/wp-json\/wp\/v2\/types\/product"}],"replies":[{"embeddable":true,"href":"https:\/\/tavapy.gov.py\/biblioteca\/wp-json\/wp\/v2\/comments?post=4111"}],"wp:featuredmedia":[{"embeddable":true,"href":"https:\/\/tavapy.gov.py\/biblioteca\/wp-json\/wp\/v2\/media\/4108"}],"wp:attachment":[{"href":"https:\/\/tavapy.gov.py\/biblioteca\/wp-json\/wp\/v2\/media?parent=4111"}],"wp:term":[{"taxonomy":"product_cat","embeddable":true,"href":"https:\/\/tavapy.gov.py\/biblioteca\/wp-json\/wp\/v2\/product_cat?post=4111"},{"taxonomy":"product_tag","embeddable":true,"href":"https:\/\/tavapy.gov.py\/biblioteca\/wp-json\/wp\/v2\/product_tag?post=4111"}],"curies":[{"name":"wp","href":"https:\/\/api.w.org\/{rel}","templated":true}]}}