{"id":4112,"date":"2022-04-10T16:55:31","date_gmt":"2022-04-10T16:55:31","guid":{"rendered":"https:\/\/tavapy.gov.py\/biblioteca\/?post_type=product&#038;p=4112"},"modified":"2022-04-10T16:55:31","modified_gmt":"2022-04-10T16:55:31","slug":"el-conflicto-de-las-interpretaciones","status":"publish","type":"product","link":"https:\/\/tavapy.gov.py\/biblioteca\/product\/el-conflicto-de-las-interpretaciones\/","title":{"rendered":"EL CONFLICTO DE LAS INTERPRETACIONES."},"content":{"rendered":"","protected":false},"excerpt":{"rendered":"<p>Estos ensayos de Ricoeur de car\u00e1cter filos\u00f3fico recuperan con rigurosa consecuencia las reflexiones centrales de Paul Ricoeur. Resuelto a legitimar la hermen\u00e9utica frente a otras disciplinas,<\/p>\n<p>Ricoeur explora inicialmente las sendas que se abren a la filosof\u00eda contempor\u00e1nea, lo que conducir luego a la indagaci\u00f3n de las diferencias epistemol\u00f3gicas entre las distintas hermen\u00e9uticas.<\/p>\n<p>Esta obra de Paul Ricoeur fue publicada en 1.969.<\/p>\n<p><a href=\"https:\/\/tavapy.gov.py\/biblioteca\/wp-content\/uploads\/2022\/04\/RicoeurP-El-conflicto-de-las-interpretaciones.pdf\" target=\"_blank\" rel=\"attachment noopener wp-att-4033\"><img loading=\"lazy\" decoding=\"async\" class=\"size-full wp-image-4033 alignleft\" src=\"https:\/\/tavapy.gov.py\/biblioteca\/wp-content\/uploads\/2022\/04\/icono-PDF-copia-1.png\" alt=\"\" width=\"121\" height=\"140\" \/><\/a><\/p>\n<p>&nbsp;<\/p>\n","protected":false},"featured_media":4097,"comment_status":"open","ping_status":"closed","template":"","meta":{"spay_email":""},"product_cat":[304],"product_tag":[],"class_list":{"0":"post-4112","1":"product","2":"type-product","3":"status-publish","4":"has-post-thumbnail","6":"book_author-paul-ricoeur","7":"product_cat-filosofia-hermeneutica","8":"entry"},"_links":{"self":[{"href":"https:\/\/tavapy.gov.py\/biblioteca\/wp-json\/wp\/v2\/product\/4112","targetHints":{"allow":["GET"]}}],"collection":[{"href":"https:\/\/tavapy.gov.py\/biblioteca\/wp-json\/wp\/v2\/product"}],"about":[{"href":"https:\/\/tavapy.gov.py\/biblioteca\/wp-json\/wp\/v2\/types\/product"}],"replies":[{"embeddable":true,"href":"https:\/\/tavapy.gov.py\/biblioteca\/wp-json\/wp\/v2\/comments?post=4112"}],"wp:featuredmedia":[{"embeddable":true,"href":"https:\/\/tavapy.gov.py\/biblioteca\/wp-json\/wp\/v2\/media\/4097"}],"wp:attachment":[{"href":"https:\/\/tavapy.gov.py\/biblioteca\/wp-json\/wp\/v2\/media?parent=4112"}],"wp:term":[{"taxonomy":"product_cat","embeddable":true,"href":"https:\/\/tavapy.gov.py\/biblioteca\/wp-json\/wp\/v2\/product_cat?post=4112"},{"taxonomy":"product_tag","embeddable":true,"href":"https:\/\/tavapy.gov.py\/biblioteca\/wp-json\/wp\/v2\/product_tag?post=4112"}],"curies":[{"name":"wp","href":"https:\/\/api.w.org\/{rel}","templated":true}]}}