{"id":4113,"date":"2022-04-10T16:59:58","date_gmt":"2022-04-10T16:59:58","guid":{"rendered":"https:\/\/tavapy.gov.py\/biblioteca\/?post_type=product&#038;p=4113"},"modified":"2022-04-10T16:59:58","modified_gmt":"2022-04-10T16:59:58","slug":"la-huella-del-otro","status":"publish","type":"product","link":"https:\/\/tavapy.gov.py\/biblioteca\/product\/la-huella-del-otro\/","title":{"rendered":"LA HUELLA DEL OTRO."},"content":{"rendered":"","protected":false},"excerpt":{"rendered":"<p>La huella del otro\u00a0marca el pensamiento de\u00a0Levinas\u00a0en tanto formulaci\u00f3n de la \u00e9tica como filosof\u00eda primera. Convergen aqu\u00ed dos cuestiones interesantes: primeramente, la huella; luego, el\u00a0otro\u00a0en todos sus sentidos, tanto lo\u00a0Otro, opuesto a lo Mismo,\u00a0otro que\u00a0la presencia y la representaci\u00f3n, as\u00ed como el\u00a0otro\u00a0ser humano.<\/p>\n<p>La obra La huella del otro fue publicada en 1.963.<\/p>\n<p><a href=\"https:\/\/tavapy.gov.py\/biblioteca\/wp-content\/uploads\/2022\/04\/LevinasE_La_huella_del_otro.pdf\" target=\"_blank\" rel=\"attachment noopener wp-att-4033\"><img loading=\"lazy\" decoding=\"async\" class=\"size-full wp-image-4033 alignleft\" src=\"https:\/\/tavapy.gov.py\/biblioteca\/wp-content\/uploads\/2022\/04\/icono-PDF-copia-1.png\" alt=\"\" width=\"121\" height=\"140\" \/><\/a><\/p>\n","protected":false},"featured_media":4095,"comment_status":"open","ping_status":"closed","template":"","meta":{"spay_email":""},"product_cat":[268],"product_tag":[],"class_list":{"0":"post-4113","1":"product","2":"type-product","3":"status-publish","4":"has-post-thumbnail","6":"book_author-emmanuel-levinas","7":"product_cat-filosofia-antropologia","8":"entry"},"_links":{"self":[{"href":"https:\/\/tavapy.gov.py\/biblioteca\/wp-json\/wp\/v2\/product\/4113","targetHints":{"allow":["GET"]}}],"collection":[{"href":"https:\/\/tavapy.gov.py\/biblioteca\/wp-json\/wp\/v2\/product"}],"about":[{"href":"https:\/\/tavapy.gov.py\/biblioteca\/wp-json\/wp\/v2\/types\/product"}],"replies":[{"embeddable":true,"href":"https:\/\/tavapy.gov.py\/biblioteca\/wp-json\/wp\/v2\/comments?post=4113"}],"wp:featuredmedia":[{"embeddable":true,"href":"https:\/\/tavapy.gov.py\/biblioteca\/wp-json\/wp\/v2\/media\/4095"}],"wp:attachment":[{"href":"https:\/\/tavapy.gov.py\/biblioteca\/wp-json\/wp\/v2\/media?parent=4113"}],"wp:term":[{"taxonomy":"product_cat","embeddable":true,"href":"https:\/\/tavapy.gov.py\/biblioteca\/wp-json\/wp\/v2\/product_cat?post=4113"},{"taxonomy":"product_tag","embeddable":true,"href":"https:\/\/tavapy.gov.py\/biblioteca\/wp-json\/wp\/v2\/product_tag?post=4113"}],"curies":[{"name":"wp","href":"https:\/\/api.w.org\/{rel}","templated":true}]}}