{"id":4119,"date":"2022-04-10T19:00:33","date_gmt":"2022-04-10T19:00:33","guid":{"rendered":"https:\/\/tavapy.gov.py\/biblioteca\/?post_type=product&#038;p=4119"},"modified":"2022-04-10T19:00:34","modified_gmt":"2022-04-10T19:00:34","slug":"teoria-general-del-empleo-el-interes-y-el-dinero","status":"publish","type":"product","link":"https:\/\/tavapy.gov.py\/biblioteca\/product\/teoria-general-del-empleo-el-interes-y-el-dinero\/","title":{"rendered":"TEOR\u00cdA GENERAL DEL EMPLEO, EL INTER\u00c9S Y EL DINERO."},"content":{"rendered":"","protected":false},"excerpt":{"rendered":"<p>En medio de la gran depresi\u00f3n de los a\u00f1os 30 del pasado siglo, John Maynard Keynes sorprendi\u00f3 a la comunidad de economistas acad\u00e9micos desafiando los principios de la econom\u00eda cl\u00e1sica y dando comienzo a lo que se denomin\u00f3 la revoluci\u00f3n Keynesiana. Mientras que el saber convencional analizaba la econom\u00eda desde el lado de la oferta -a trav\u00e9s de la Ley de Say, que indica que cada oferta genera su demanda-, Keynes argumenta que es la demanda agregada -el consumo y la inversi\u00f3n- la que determina el nivel de empleo de los recursos y, consecuentemente, la producci\u00f3n y la renta.<\/p>\n<p>En contra de la opini\u00f3n de los economistas cl\u00e1sicos que confiaban en la tendencia del mercado a alcanzar, por s\u00ed mismo, el equilibrio con pleno empleo, Keynes descubre que dicho equilibrio puede darse con desempleo y aboga por pol\u00edticas fiscales y monetarias activas que estimulen el consumo y la inversi\u00f3n, incurriendo incluso en d\u00e9ficit p\u00fablico, con el objetivo de incrementar la demanda y, con ello, aumentar el empleo y la renta.<\/p>\n<p>La Teor\u00eda General de la ocupaci\u00f3n, el inter\u00e9s y el dinero, escrita en 1936, expone sistem\u00e1ticamente los elementos de su propuesta te\u00f3rica, siendo as\u00ed la obra m\u00e1s importante de uno de los economistas m\u00e1s influyentes del siglo XX.<\/p>\n<p><a href=\"https:\/\/tavapy.gov.py\/biblioteca\/wp-content\/uploads\/2022\/04\/KeynesJ-Teoria-general-de-la-ocupacion...pdf\" target=\"_blank\" rel=\"attachment noopener wp-att-4114\"><img loading=\"lazy\" decoding=\"async\" class=\"size-full wp-image-4114 alignleft\" src=\"https:\/\/tavapy.gov.py\/biblioteca\/wp-content\/uploads\/2022\/04\/icono-PDF-copia-2.png\" alt=\"\" width=\"121\" height=\"140\" \/><\/a><\/p>\n","protected":false},"featured_media":4090,"comment_status":"open","ping_status":"closed","template":"","meta":{"spay_email":""},"product_cat":[72],"product_tag":[],"class_list":{"0":"post-4119","1":"product","2":"type-product","3":"status-publish","4":"has-post-thumbnail","6":"book_author-john-maynard-keynes","7":"product_cat-economia","8":"entry"},"_links":{"self":[{"href":"https:\/\/tavapy.gov.py\/biblioteca\/wp-json\/wp\/v2\/product\/4119","targetHints":{"allow":["GET"]}}],"collection":[{"href":"https:\/\/tavapy.gov.py\/biblioteca\/wp-json\/wp\/v2\/product"}],"about":[{"href":"https:\/\/tavapy.gov.py\/biblioteca\/wp-json\/wp\/v2\/types\/product"}],"replies":[{"embeddable":true,"href":"https:\/\/tavapy.gov.py\/biblioteca\/wp-json\/wp\/v2\/comments?post=4119"}],"wp:featuredmedia":[{"embeddable":true,"href":"https:\/\/tavapy.gov.py\/biblioteca\/wp-json\/wp\/v2\/media\/4090"}],"wp:attachment":[{"href":"https:\/\/tavapy.gov.py\/biblioteca\/wp-json\/wp\/v2\/media?parent=4119"}],"wp:term":[{"taxonomy":"product_cat","embeddable":true,"href":"https:\/\/tavapy.gov.py\/biblioteca\/wp-json\/wp\/v2\/product_cat?post=4119"},{"taxonomy":"product_tag","embeddable":true,"href":"https:\/\/tavapy.gov.py\/biblioteca\/wp-json\/wp\/v2\/product_tag?post=4119"}],"curies":[{"name":"wp","href":"https:\/\/api.w.org\/{rel}","templated":true}]}}