{"id":4123,"date":"2022-04-10T19:10:59","date_gmt":"2022-04-10T19:10:59","guid":{"rendered":"https:\/\/tavapy.gov.py\/biblioteca\/?post_type=product&#038;p=4123"},"modified":"2022-04-10T19:10:59","modified_gmt":"2022-04-10T19:10:59","slug":"la-iliada","status":"publish","type":"product","link":"https:\/\/tavapy.gov.py\/biblioteca\/product\/la-iliada\/","title":{"rendered":"LA IL\u00cdADA."},"content":{"rendered":"","protected":false},"excerpt":{"rendered":"<p>La Il\u00edada, compuesta en el siglo VIII a.C., narra una leyenda mic\u00e9nica situada en el siglo XIII a.C., una edad heroica dominada por los aspectos militares, el individualismo desenfrenado y la persecuci\u00f3n de la riqueza y la gloria.<\/p>\n<p>Unos pocos d\u00edas antes del \u00faltimo de los diez a\u00f1os que dur\u00f3 el asedio de los aqueos a la ciudad de Troya, proporcionan el marco cronol\u00f3gico a los acontecimientos narrados en la Il\u00edada, el poema m\u00e1s antiguo de la literatura occidental. Producto de una larga tradici\u00f3n oral, la epopeya, como advierte su autor en el primer verso, relata la historia de las consecuencias de una pasi\u00f3n humana.<\/p>\n<p>Aquiles, encolerizado por el ultraje de Agamen\u00f3n, que como caudillo de la expedici\u00f3n griega le ha arrebatado a Briseida, su parte del bot\u00edn, decide retirarse del combate. Pero no tardar\u00e1 mucho en volver a \u00e9l, con furia renovada, a ra\u00edz de la muerte de su compa\u00f1ero Patroclo a manos de los troyanos.<\/p>\n<p><a href=\"https:\/\/tavapy.gov.py\/biblioteca\/wp-content\/uploads\/2022\/04\/Homero-Iliada.pdf\" target=\"_blank\" rel=\"attachment noopener wp-att-4114\"><img loading=\"lazy\" decoding=\"async\" class=\"size-full wp-image-4114 alignleft\" src=\"https:\/\/tavapy.gov.py\/biblioteca\/wp-content\/uploads\/2022\/04\/icono-PDF-copia-2.png\" alt=\"\" width=\"121\" height=\"140\" \/><\/a><\/p>\n","protected":false},"featured_media":4085,"comment_status":"open","ping_status":"closed","template":"","meta":{"spay_email":""},"product_cat":[311],"product_tag":[],"class_list":{"0":"post-4123","1":"product","2":"type-product","3":"status-publish","4":"has-post-thumbnail","6":"book_author-homero","7":"product_cat-literatura-clasica","8":"entry"},"_links":{"self":[{"href":"https:\/\/tavapy.gov.py\/biblioteca\/wp-json\/wp\/v2\/product\/4123","targetHints":{"allow":["GET"]}}],"collection":[{"href":"https:\/\/tavapy.gov.py\/biblioteca\/wp-json\/wp\/v2\/product"}],"about":[{"href":"https:\/\/tavapy.gov.py\/biblioteca\/wp-json\/wp\/v2\/types\/product"}],"replies":[{"embeddable":true,"href":"https:\/\/tavapy.gov.py\/biblioteca\/wp-json\/wp\/v2\/comments?post=4123"}],"wp:featuredmedia":[{"embeddable":true,"href":"https:\/\/tavapy.gov.py\/biblioteca\/wp-json\/wp\/v2\/media\/4085"}],"wp:attachment":[{"href":"https:\/\/tavapy.gov.py\/biblioteca\/wp-json\/wp\/v2\/media?parent=4123"}],"wp:term":[{"taxonomy":"product_cat","embeddable":true,"href":"https:\/\/tavapy.gov.py\/biblioteca\/wp-json\/wp\/v2\/product_cat?post=4123"},{"taxonomy":"product_tag","embeddable":true,"href":"https:\/\/tavapy.gov.py\/biblioteca\/wp-json\/wp\/v2\/product_tag?post=4123"}],"curies":[{"name":"wp","href":"https:\/\/api.w.org\/{rel}","templated":true}]}}