{"id":4132,"date":"2022-04-10T19:18:12","date_gmt":"2022-04-10T19:18:12","guid":{"rendered":"https:\/\/tavapy.gov.py\/biblioteca\/?post_type=product&#038;p=4132"},"modified":"2022-04-10T19:18:12","modified_gmt":"2022-04-10T19:18:12","slug":"psicologia-de-las-masas-y-analisis-del-yo","status":"publish","type":"product","link":"https:\/\/tavapy.gov.py\/biblioteca\/product\/psicologia-de-las-masas-y-analisis-del-yo\/","title":{"rendered":"PSICOLOG\u00cdA DE LAS MASAS Y AN\u00c1LISIS DEL YO."},"content":{"rendered":"","protected":false},"excerpt":{"rendered":"<p>Insatisfecho con la noci\u00f3n de \u00abpulsi\u00f3n gregaria\u00bb, Freud parte de la descripci\u00f3n de las masas hecha por Le Bon para poner de manifiesto el papel esencial del \u00abl\u00edder\u00bb.<\/p>\n<p>El lazo que une a cada individuo de la masa con el conductor tiene la naturaleza de una relaci\u00f3n amorosa, por la v\u00eda de una identificaci\u00f3n que vincula tambi\u00e9n entre s\u00ed a todos los miembros de la masa.<\/p>\n<p>Su fuente est\u00e1 en la situaci\u00f3n de la horda primordial, organizada en torno del padre a la vez temido y venerado por cada uno de los hijos. El an\u00e1lisis de la psicolog\u00eda de las masas permiti\u00f3 a Freud avanzar a\u00fan m\u00e1s en el conocimiento de la estructura del yo, dando un lugar central a la instancia que llegar\u00e1 a ser el supery\u00f3.<\/p>\n<p>La obra Psicolog\u00eda de las masas y an\u00e1lisis del yo fue publicada en 1.921.<\/p>\n<p><a href=\"https:\/\/tavapy.gov.py\/biblioteca\/wp-content\/uploads\/2022\/04\/FreudS-Psicologia-de-las-masas...pdf\" target=\"_blank\" rel=\"attachment noopener wp-att-4114\"><img loading=\"lazy\" decoding=\"async\" class=\"size-full wp-image-4114 alignleft\" src=\"https:\/\/tavapy.gov.py\/biblioteca\/wp-content\/uploads\/2022\/04\/icono-PDF-copia-2.png\" alt=\"\" width=\"121\" height=\"140\" \/><\/a><\/p>\n","protected":false},"featured_media":4081,"comment_status":"open","ping_status":"closed","template":"","meta":{"spay_email":""},"product_cat":[67],"product_tag":[],"class_list":{"0":"post-4132","1":"product","2":"type-product","3":"status-publish","4":"has-post-thumbnail","6":"book_author-sigmund-freud","7":"product_cat-psicologia","8":"entry"},"_links":{"self":[{"href":"https:\/\/tavapy.gov.py\/biblioteca\/wp-json\/wp\/v2\/product\/4132","targetHints":{"allow":["GET"]}}],"collection":[{"href":"https:\/\/tavapy.gov.py\/biblioteca\/wp-json\/wp\/v2\/product"}],"about":[{"href":"https:\/\/tavapy.gov.py\/biblioteca\/wp-json\/wp\/v2\/types\/product"}],"replies":[{"embeddable":true,"href":"https:\/\/tavapy.gov.py\/biblioteca\/wp-json\/wp\/v2\/comments?post=4132"}],"wp:featuredmedia":[{"embeddable":true,"href":"https:\/\/tavapy.gov.py\/biblioteca\/wp-json\/wp\/v2\/media\/4081"}],"wp:attachment":[{"href":"https:\/\/tavapy.gov.py\/biblioteca\/wp-json\/wp\/v2\/media?parent=4132"}],"wp:term":[{"taxonomy":"product_cat","embeddable":true,"href":"https:\/\/tavapy.gov.py\/biblioteca\/wp-json\/wp\/v2\/product_cat?post=4132"},{"taxonomy":"product_tag","embeddable":true,"href":"https:\/\/tavapy.gov.py\/biblioteca\/wp-json\/wp\/v2\/product_tag?post=4132"}],"curies":[{"name":"wp","href":"https:\/\/api.w.org\/{rel}","templated":true}]}}