{"id":4133,"date":"2022-04-10T19:21:56","date_gmt":"2022-04-10T19:21:56","guid":{"rendered":"https:\/\/tavapy.gov.py\/biblioteca\/?post_type=product&#038;p=4133"},"modified":"2022-04-10T19:21:57","modified_gmt":"2022-04-10T19:21:57","slug":"incognito","status":"publish","type":"product","link":"https:\/\/tavapy.gov.py\/biblioteca\/product\/incognito\/","title":{"rendered":"INC\u00d3GNITO."},"content":{"rendered":"","protected":false},"excerpt":{"rendered":"<p>En este libro brillante y provocativo, publicado en el 2.011, David Eagleman, un reconocido cient\u00edfico que trabaja en el campo de las neurociencias, navega por las profundidades del cerebro subconsciente para iluminar misterios sorprendentes:<\/p>\n<p>\u00bfpor qu\u00e9 nuestro pie avanza hacia el pedal del freno antes de que percibamos un peligro inminente? \u00bfPor qu\u00e9 nos damos cuenta de que alguien ha dicho nuestro nombre en una conversaci\u00f3n que no est\u00e1bamos escuchando? \u00bfQu\u00e9 tienen en com\u00fan Ulises y la contracci\u00f3n del cr\u00e9dito? \u00bfPor qu\u00e9 es tan dif\u00edcil guardar un secreto? \u00bfY c\u00f3mo es posible enfurecerse con uno mismo? \u00bfCon qui\u00e9n est\u00e1 uno enfurecido en realidad?<\/p>\n<p>\u00abInc\u00f3gnito nos ofrece una versi\u00f3n notable de las consecuencias que tiene para nosotros el ascenso de la neurociencia como un instrumento para pensar el mundo&#8230; Seg\u00fan Eagleman, nos pone ante la \u00faltima frontera de nuestra peque\u00f1ez y contingencia: la comprensi\u00f3n de que la conciencia no es el centro de la mente sino una funci\u00f3n limitada y ambivalente en un vasto circuito de funciones neurol\u00f3gicas no conscientes.<\/p>\n<p>De ah\u00ed que la mayor\u00eda de nuestras operaciones mentales ocurran, \u00bfde inc\u00f3gnito? \u00a0\u00bfPero no debemos preocuparnos por este descentramiento?, porque la ciencia tambi\u00e9n nos muestra que el cerebro y la mente y la vida son a\u00fan m\u00e1s maravillosas y emocionantes de lo que hab\u00edamos pensado hasta ahora.<\/p>\n<p><a href=\"https:\/\/tavapy.gov.py\/biblioteca\/wp-content\/uploads\/2022\/04\/EaglemanD-Incognito.pdf\" target=\"_blank\" rel=\"attachment noopener wp-att-4114\"><img loading=\"lazy\" decoding=\"async\" class=\"size-full wp-image-4114 alignleft\" src=\"https:\/\/tavapy.gov.py\/biblioteca\/wp-content\/uploads\/2022\/04\/icono-PDF-copia-2.png\" alt=\"\" width=\"121\" height=\"140\" \/><\/a><\/p>\n","protected":false},"featured_media":4079,"comment_status":"open","ping_status":"closed","template":"","meta":{"spay_email":""},"product_cat":[129],"product_tag":[],"class_list":{"0":"post-4133","1":"product","2":"type-product","3":"status-publish","4":"has-post-thumbnail","6":"book_author-david-eagleman","7":"product_cat-neurociencia","8":"entry"},"_links":{"self":[{"href":"https:\/\/tavapy.gov.py\/biblioteca\/wp-json\/wp\/v2\/product\/4133","targetHints":{"allow":["GET"]}}],"collection":[{"href":"https:\/\/tavapy.gov.py\/biblioteca\/wp-json\/wp\/v2\/product"}],"about":[{"href":"https:\/\/tavapy.gov.py\/biblioteca\/wp-json\/wp\/v2\/types\/product"}],"replies":[{"embeddable":true,"href":"https:\/\/tavapy.gov.py\/biblioteca\/wp-json\/wp\/v2\/comments?post=4133"}],"wp:featuredmedia":[{"embeddable":true,"href":"https:\/\/tavapy.gov.py\/biblioteca\/wp-json\/wp\/v2\/media\/4079"}],"wp:attachment":[{"href":"https:\/\/tavapy.gov.py\/biblioteca\/wp-json\/wp\/v2\/media?parent=4133"}],"wp:term":[{"taxonomy":"product_cat","embeddable":true,"href":"https:\/\/tavapy.gov.py\/biblioteca\/wp-json\/wp\/v2\/product_cat?post=4133"},{"taxonomy":"product_tag","embeddable":true,"href":"https:\/\/tavapy.gov.py\/biblioteca\/wp-json\/wp\/v2\/product_tag?post=4133"}],"curies":[{"name":"wp","href":"https:\/\/api.w.org\/{rel}","templated":true}]}}