{"id":4134,"date":"2022-04-10T19:26:43","date_gmt":"2022-04-10T19:26:43","guid":{"rendered":"https:\/\/tavapy.gov.py\/biblioteca\/?post_type=product&#038;p=4134"},"modified":"2022-04-10T19:26:44","modified_gmt":"2022-04-10T19:26:44","slug":"deja-de-ser-tu-la-mente-crea-la-realidad","status":"publish","type":"product","link":"https:\/\/tavapy.gov.py\/biblioteca\/product\/deja-de-ser-tu-la-mente-crea-la-realidad\/","title":{"rendered":"DEJA DE SER T\u00da. LA MENTE CREA LA REALIDAD."},"content":{"rendered":"","protected":false},"excerpt":{"rendered":"<p>Joe Dispenza salt\u00f3 a la fama en nuestro pa\u00eds tras participar en la pel\u00edcula \u00bfY t\u00fa qu\u00e9 sabes?, un documental sobre la sobrecogedora capacidad de la mente para transformar la realidad que corri\u00f3 de mano en mano sin ninguna publicidad, gracias al boca oreja.<\/p>\n<p>Ahora, el popular\u00edsimo autor de Desarrolla tu cerebro profundiza en todos aquellos temas que tanto nos cautivaron -f\u00edsica cu\u00e1ntica, neurociencia, biolog\u00eda y gen\u00e9tica- para ense\u00f1arnos a reprogramar el cerebro y ampliar nuestro marco de realidad.<\/p>\n<p>El resultado es un m\u00e9todo pr\u00e1ctico de trasformaci\u00f3n para crear prosperidad y riqueza, pero tambi\u00e9n un viaje prodigioso a un nuevo estado de conciencia.<\/p>\n<p>La obra Deja de ser tu. La mente crea la realidad, fue publicada en el 2.012.<\/p>\n<p><a href=\"https:\/\/tavapy.gov.py\/biblioteca\/wp-content\/uploads\/2022\/04\/DispenzaJ-Deja-de-ser-tu-2.pdf\" target=\"_blank\" rel=\"attachment noopener wp-att-4114\"><img loading=\"lazy\" decoding=\"async\" class=\"size-full wp-image-4114 alignleft\" src=\"https:\/\/tavapy.gov.py\/biblioteca\/wp-content\/uploads\/2022\/04\/icono-PDF-copia-2.png\" alt=\"\" width=\"121\" height=\"140\" \/><\/a><\/p>\n","protected":false},"featured_media":4077,"comment_status":"open","ping_status":"closed","template":"","meta":{"spay_email":""},"product_cat":[197],"product_tag":[],"class_list":{"0":"post-4134","1":"product","2":"type-product","3":"status-publish","4":"has-post-thumbnail","6":"book_author-joe-dispenza","7":"product_cat-autoayuda-neurociencia","8":"entry"},"_links":{"self":[{"href":"https:\/\/tavapy.gov.py\/biblioteca\/wp-json\/wp\/v2\/product\/4134","targetHints":{"allow":["GET"]}}],"collection":[{"href":"https:\/\/tavapy.gov.py\/biblioteca\/wp-json\/wp\/v2\/product"}],"about":[{"href":"https:\/\/tavapy.gov.py\/biblioteca\/wp-json\/wp\/v2\/types\/product"}],"replies":[{"embeddable":true,"href":"https:\/\/tavapy.gov.py\/biblioteca\/wp-json\/wp\/v2\/comments?post=4134"}],"wp:featuredmedia":[{"embeddable":true,"href":"https:\/\/tavapy.gov.py\/biblioteca\/wp-json\/wp\/v2\/media\/4077"}],"wp:attachment":[{"href":"https:\/\/tavapy.gov.py\/biblioteca\/wp-json\/wp\/v2\/media?parent=4134"}],"wp:term":[{"taxonomy":"product_cat","embeddable":true,"href":"https:\/\/tavapy.gov.py\/biblioteca\/wp-json\/wp\/v2\/product_cat?post=4134"},{"taxonomy":"product_tag","embeddable":true,"href":"https:\/\/tavapy.gov.py\/biblioteca\/wp-json\/wp\/v2\/product_tag?post=4134"}],"curies":[{"name":"wp","href":"https:\/\/api.w.org\/{rel}","templated":true}]}}