{"id":4135,"date":"2022-04-10T19:31:33","date_gmt":"2022-04-10T19:31:33","guid":{"rendered":"https:\/\/tavapy.gov.py\/biblioteca\/?post_type=product&#038;p=4135"},"modified":"2022-04-10T19:32:42","modified_gmt":"2022-04-10T19:32:42","slug":"fundamentos-de-derecho-penal-parte-general","status":"publish","type":"product","link":"https:\/\/tavapy.gov.py\/biblioteca\/product\/fundamentos-de-derecho-penal-parte-general\/","title":{"rendered":"FUNDAMENTOS DE DERECHO PENAL: PARTE GENERAL."},"content":{"rendered":"","protected":false},"excerpt":{"rendered":"<p>Esta obra publicada en el 2.018, comprende el estudio integral de las categor\u00edas, los elementos y los problemas que son el eje del derecho penal: la dogm\u00e1tica y los saberes penales, los fundamentos del poder punitivo y sus l\u00edmites (principios), las fuentes, la validez,<\/p>\n<p>Tambi\u00e9n la historia, los elementos o categor\u00edas del delito (la conducta, la tipicidad, la antijuridicidad, la culpabilidad), las consecuencias del hecho punible (la pena y las medidas de seguridad), la determinaci\u00f3n de la sanci\u00f3n penal, la extinci\u00f3n de la pretensi\u00f3n punitiva y la responsabilidad civil derivada del delito.<\/p>\n<p><a href=\"https:\/\/tavapy.gov.py\/biblioteca\/wp-content\/uploads\/2022\/04\/VelazquezF-Fundamentos-de-derecho-penal.pdf\" target=\"_blank\" rel=\"attachment noopener wp-att-4114\"><img loading=\"lazy\" decoding=\"async\" class=\"size-full wp-image-4114 alignleft\" src=\"https:\/\/tavapy.gov.py\/biblioteca\/wp-content\/uploads\/2022\/04\/icono-PDF-copia-2.png\" alt=\"\" width=\"121\" height=\"140\" \/><\/a><\/p>\n","protected":false},"featured_media":4076,"comment_status":"open","ping_status":"closed","template":"","meta":{"spay_email":""},"product_cat":[276],"product_tag":[],"class_list":{"0":"post-4135","1":"product","2":"type-product","3":"status-publish","4":"has-post-thumbnail","6":"book_author-fernando-velazquez","7":"product_cat-derecho","8":"entry"},"_links":{"self":[{"href":"https:\/\/tavapy.gov.py\/biblioteca\/wp-json\/wp\/v2\/product\/4135","targetHints":{"allow":["GET"]}}],"collection":[{"href":"https:\/\/tavapy.gov.py\/biblioteca\/wp-json\/wp\/v2\/product"}],"about":[{"href":"https:\/\/tavapy.gov.py\/biblioteca\/wp-json\/wp\/v2\/types\/product"}],"replies":[{"embeddable":true,"href":"https:\/\/tavapy.gov.py\/biblioteca\/wp-json\/wp\/v2\/comments?post=4135"}],"wp:featuredmedia":[{"embeddable":true,"href":"https:\/\/tavapy.gov.py\/biblioteca\/wp-json\/wp\/v2\/media\/4076"}],"wp:attachment":[{"href":"https:\/\/tavapy.gov.py\/biblioteca\/wp-json\/wp\/v2\/media?parent=4135"}],"wp:term":[{"taxonomy":"product_cat","embeddable":true,"href":"https:\/\/tavapy.gov.py\/biblioteca\/wp-json\/wp\/v2\/product_cat?post=4135"},{"taxonomy":"product_tag","embeddable":true,"href":"https:\/\/tavapy.gov.py\/biblioteca\/wp-json\/wp\/v2\/product_tag?post=4135"}],"curies":[{"name":"wp","href":"https:\/\/api.w.org\/{rel}","templated":true}]}}