{"id":4137,"date":"2022-04-10T19:41:17","date_gmt":"2022-04-10T19:41:17","guid":{"rendered":"https:\/\/tavapy.gov.py\/biblioteca\/?post_type=product&#038;p=4137"},"modified":"2022-04-10T19:41:18","modified_gmt":"2022-04-10T19:41:18","slug":"cuestiones-sobre-el-proceso-penal","status":"publish","type":"product","link":"https:\/\/tavapy.gov.py\/biblioteca\/product\/cuestiones-sobre-el-proceso-penal\/","title":{"rendered":"CUESTIONES SOBRE EL PROCESO PENAL."},"content":{"rendered":"","protected":false},"excerpt":{"rendered":"<p>Francesco Carnelutti es uno de los tres grandes art\u00edfices italianos del derecho procesal y cuya obra constituye uno de los legados m\u00e1s preciados de la cultura jur\u00eddica latina. El t\u00edtulo mismo: Cuestiones sobre el proceso penal, obra publicada en 1.961, induce a ponderar la trascendencia de su contenido, ya que el mismo indica tanto materia respecto a la cual se disputa, como punto controvertible o problema que se trata de resolver.<\/p>\n<p>Carnelutti propone nuevos mirajes y otras maneras de apreciar el derecho adjetivo penal, en ese contexto, en un momento de su discurso, al referirse a las acentuadas diferencias que se marcan entre el procesal civil y el procesal penal, expone: ninguna de las ciencias debe vivir a expensas de la otra; m\u00e1s bien una y otra deben rendirse mutuos servicios\u2026<\/p>\n<p>Una teor\u00eda procesal general no al lado sino m\u00e1s bien sobre los temas particulares, complement\u00e1ndose as\u00ed armoniosamente el edificio cient\u00edfico en el campo del derecho procesal, palabras estas con las cuales es razonable colegir y pensar que valida la imperiosa necesidad de formular una teor\u00eda general del proceso, y por esa v\u00eda vindicar, revalorar y prestigiar al derecho procesal penal.<\/p>\n<p><a href=\"https:\/\/tavapy.gov.py\/biblioteca\/wp-content\/uploads\/2022\/04\/CarneluttiF_Cuestiones_sobre_el_proceso_penal.pdf\" target=\"_blank\" rel=\"attachment noopener wp-att-4114\"><img loading=\"lazy\" decoding=\"async\" class=\"size-full wp-image-4114 alignleft\" src=\"https:\/\/tavapy.gov.py\/biblioteca\/wp-content\/uploads\/2022\/04\/icono-PDF-copia-2.png\" alt=\"\" width=\"121\" height=\"140\" \/><\/a><\/p>\n","protected":false},"featured_media":4072,"comment_status":"open","ping_status":"closed","template":"","meta":{"spay_email":""},"product_cat":[276],"product_tag":[],"class_list":{"0":"post-4137","1":"product","2":"type-product","3":"status-publish","4":"has-post-thumbnail","6":"book_author-francesco-carnelutti","7":"product_cat-derecho","8":"entry"},"_links":{"self":[{"href":"https:\/\/tavapy.gov.py\/biblioteca\/wp-json\/wp\/v2\/product\/4137","targetHints":{"allow":["GET"]}}],"collection":[{"href":"https:\/\/tavapy.gov.py\/biblioteca\/wp-json\/wp\/v2\/product"}],"about":[{"href":"https:\/\/tavapy.gov.py\/biblioteca\/wp-json\/wp\/v2\/types\/product"}],"replies":[{"embeddable":true,"href":"https:\/\/tavapy.gov.py\/biblioteca\/wp-json\/wp\/v2\/comments?post=4137"}],"wp:featuredmedia":[{"embeddable":true,"href":"https:\/\/tavapy.gov.py\/biblioteca\/wp-json\/wp\/v2\/media\/4072"}],"wp:attachment":[{"href":"https:\/\/tavapy.gov.py\/biblioteca\/wp-json\/wp\/v2\/media?parent=4137"}],"wp:term":[{"taxonomy":"product_cat","embeddable":true,"href":"https:\/\/tavapy.gov.py\/biblioteca\/wp-json\/wp\/v2\/product_cat?post=4137"},{"taxonomy":"product_tag","embeddable":true,"href":"https:\/\/tavapy.gov.py\/biblioteca\/wp-json\/wp\/v2\/product_tag?post=4137"}],"curies":[{"name":"wp","href":"https:\/\/api.w.org\/{rel}","templated":true}]}}