{"id":4140,"date":"2022-04-10T19:54:36","date_gmt":"2022-04-10T19:54:36","guid":{"rendered":"https:\/\/tavapy.gov.py\/biblioteca\/?post_type=product&#038;p=4140"},"modified":"2025-10-10T11:34:15","modified_gmt":"2025-10-10T11:34:15","slug":"anatomia-humana","status":"publish","type":"product","link":"https:\/\/tavapy.gov.py\/biblioteca\/product\/anatomia-humana\/","title":{"rendered":"ANATOM\u00cdA HUMANA."},"content":{"rendered":"","protected":false},"excerpt":{"rendered":"<p>El texto de Anatom\u00eda humana fue publicado en el 2.005 y destinado a los estudiantes de Medicina. Brinda una orientaci\u00f3n de manual; no es un libro de bolsillo, pero tampoco un tratado exhaustivo. Aporta una visi\u00f3n completa y actualizada, pero a la vez sencilla, de la Anatom\u00eda humana.<\/p>\n<p>Presenta los temas de una manera fluida y de f\u00e1cil seguimiento para el lector. Las descripciones son breves, eliminando detalles superfluos y ofreciendo informaci\u00f3n actualizada sobre los datos anat\u00f3micos de utilidad pr\u00e1ctica en medicina y cirug\u00eda. Se incluyen los aspectos anat\u00f3micos m\u00e1s relevantes obtenidos con las nuevas t\u00e9cnicas de imagen.<\/p>\n<p>Descripciones orientadas con un doble enfoque: &#8211; B\u00e1sico: explicaciones de inter\u00e9s biol\u00f3gico, fundamentadas en el desarrollo y la evoluci\u00f3n. &#8211; Aplicado: con los datos de utilidad en la pr\u00e1ctica m\u00e9dica. La organizaci\u00f3n del texto es sistem\u00e1tica y funcional, con s\u00edntesis topogr\u00e1ficas que facilitan una visi\u00f3n regional del cuerpo humano. Cuenta con un excelente material, a todo color, totalmente original de los autores (m\u00e1s de 800 esquemas, ilustraciones y dibujos).<\/p>\n<p><a href=\"https:\/\/tavapy.gov.py\/biblioteca\/wp-content\/uploads\/2022\/04\/Anatomia.Humana.Garcia.Porrero.pdf\" target=\"_blank\" rel=\"attachment noopener wp-att-4114\"><img loading=\"lazy\" decoding=\"async\" class=\"size-full wp-image-4114 alignleft\" src=\"https:\/\/tavapy.gov.py\/biblioteca\/wp-content\/uploads\/2022\/04\/icono-PDF-copia-2.png\" alt=\"\" width=\"121\" height=\"140\" \/><\/a><\/p>\n","protected":false},"featured_media":4066,"comment_status":"open","ping_status":"closed","template":"","meta":{"spay_email":""},"product_cat":[300],"product_tag":[],"class_list":{"0":"post-4140","1":"product","2":"type-product","3":"status-publish","4":"has-post-thumbnail","6":"book_author-juan-a-garcia-porrero","7":"product_cat-medicina","8":"entry"},"_links":{"self":[{"href":"https:\/\/tavapy.gov.py\/biblioteca\/wp-json\/wp\/v2\/product\/4140","targetHints":{"allow":["GET"]}}],"collection":[{"href":"https:\/\/tavapy.gov.py\/biblioteca\/wp-json\/wp\/v2\/product"}],"about":[{"href":"https:\/\/tavapy.gov.py\/biblioteca\/wp-json\/wp\/v2\/types\/product"}],"replies":[{"embeddable":true,"href":"https:\/\/tavapy.gov.py\/biblioteca\/wp-json\/wp\/v2\/comments?post=4140"}],"wp:featuredmedia":[{"embeddable":true,"href":"https:\/\/tavapy.gov.py\/biblioteca\/wp-json\/wp\/v2\/media\/4066"}],"wp:attachment":[{"href":"https:\/\/tavapy.gov.py\/biblioteca\/wp-json\/wp\/v2\/media?parent=4140"}],"wp:term":[{"taxonomy":"product_cat","embeddable":true,"href":"https:\/\/tavapy.gov.py\/biblioteca\/wp-json\/wp\/v2\/product_cat?post=4140"},{"taxonomy":"product_tag","embeddable":true,"href":"https:\/\/tavapy.gov.py\/biblioteca\/wp-json\/wp\/v2\/product_tag?post=4140"}],"curies":[{"name":"wp","href":"https:\/\/api.w.org\/{rel}","templated":true}]}}