{"id":4142,"date":"2022-04-10T21:10:32","date_gmt":"2022-04-10T21:10:32","guid":{"rendered":"https:\/\/tavapy.gov.py\/biblioteca\/?post_type=product&#038;p=4142"},"modified":"2022-04-10T21:12:35","modified_gmt":"2022-04-10T21:12:35","slug":"la-conciencia-explicada-una-teoria-interdisciplinar","status":"publish","type":"product","link":"https:\/\/tavapy.gov.py\/biblioteca\/product\/la-conciencia-explicada-una-teoria-interdisciplinar\/","title":{"rendered":"LA CONCIENCIA EXPLICADA. UNA TEOR\u00cdA INTERDISCIPLINAR."},"content":{"rendered":"","protected":false},"excerpt":{"rendered":"<p>Detallada investigaci\u00f3n sobre la conciencia humana, el presente libro, publicado en 1.995, uno de los m\u00e1s originales ensayos de los \u00faltimos tiempos, refuta la teor\u00eda tradicional de la conciencia basada en el sentido com\u00fan y presenta un nuevo modelo fundamentado en una ingente cantidad de datos, tomados a su vez de campos tan diversos como la neurociencia, la psicolog\u00eda, la filosof\u00eda y la inteligencia artificial.<\/p>\n<p>La visi\u00f3n de Dennett sobre el tema, as\u00ed, es antiintuitiva, pero convincente, y, como en toda teor\u00eda revolucionaria, su fuerza y su capacidad para sorprender aparecen \u00edntimamente relacionadas. El resultado es un \u00fatil y accesible recorrido por el campo de la filosof\u00eda de la mente a partir del cual nuestras actuales teor\u00edas sobre la vida consciente de las personas, de los animales e incluso de los robots puede que se vean profundamente afectadas por nuevas y fascinantes perspectivas.<\/p>\n<p>Sin duda uno de los mejores ejemplos de libro cient\u00edfico dirigido tanto a profesionales como a lectores no especializados, La conciencia explicada constituye finalmente un trabajo filos\u00f3fico de la mejor especie: sencillo, pero sin caer en la trivialidad; bien documentado, pero sin abrumar con un exceso de informaci\u00f3n.<\/p>\n<p><a href=\"https:\/\/tavapy.gov.py\/biblioteca\/wp-content\/uploads\/2022\/04\/DennettD-La-conciencia-explicada.pdf\" target=\"_blank\" rel=\"attachment noopener wp-att-4114\"><img loading=\"lazy\" decoding=\"async\" class=\"size-full wp-image-4114 alignleft\" src=\"https:\/\/tavapy.gov.py\/biblioteca\/wp-content\/uploads\/2022\/04\/icono-PDF-copia-2.png\" alt=\"\" width=\"121\" height=\"140\" \/><\/a><\/p>\n","protected":false},"featured_media":4061,"comment_status":"open","ping_status":"closed","template":"","meta":{"spay_email":""},"product_cat":[322],"product_tag":[],"class_list":{"0":"post-4142","1":"product","2":"type-product","3":"status-publish","4":"has-post-thumbnail","6":"book_author-daniel-dennett","7":"product_cat-neurociencia-filosofia","8":"entry"},"_links":{"self":[{"href":"https:\/\/tavapy.gov.py\/biblioteca\/wp-json\/wp\/v2\/product\/4142","targetHints":{"allow":["GET"]}}],"collection":[{"href":"https:\/\/tavapy.gov.py\/biblioteca\/wp-json\/wp\/v2\/product"}],"about":[{"href":"https:\/\/tavapy.gov.py\/biblioteca\/wp-json\/wp\/v2\/types\/product"}],"replies":[{"embeddable":true,"href":"https:\/\/tavapy.gov.py\/biblioteca\/wp-json\/wp\/v2\/comments?post=4142"}],"wp:featuredmedia":[{"embeddable":true,"href":"https:\/\/tavapy.gov.py\/biblioteca\/wp-json\/wp\/v2\/media\/4061"}],"wp:attachment":[{"href":"https:\/\/tavapy.gov.py\/biblioteca\/wp-json\/wp\/v2\/media?parent=4142"}],"wp:term":[{"taxonomy":"product_cat","embeddable":true,"href":"https:\/\/tavapy.gov.py\/biblioteca\/wp-json\/wp\/v2\/product_cat?post=4142"},{"taxonomy":"product_tag","embeddable":true,"href":"https:\/\/tavapy.gov.py\/biblioteca\/wp-json\/wp\/v2\/product_tag?post=4142"}],"curies":[{"name":"wp","href":"https:\/\/api.w.org\/{rel}","templated":true}]}}