{"id":4144,"date":"2022-04-10T21:16:44","date_gmt":"2022-04-10T21:16:44","guid":{"rendered":"https:\/\/tavapy.gov.py\/biblioteca\/?post_type=product&#038;p=4144"},"modified":"2022-04-12T02:45:06","modified_gmt":"2022-04-12T02:45:06","slug":"el-mono-que-llevamos-dentro","status":"publish","type":"product","link":"https:\/\/tavapy.gov.py\/biblioteca\/product\/el-mono-que-llevamos-dentro\/","title":{"rendered":"EL MONO QUE LLEVAMOS DENTRO."},"content":{"rendered":"","protected":false},"excerpt":{"rendered":"<p>\u00bfQu\u00e9 lugar ocupa nuestra especie en la naturaleza? Hace ya mucho tiempo que los cient\u00edficos nos han explicado que tenemos un ancestro com\u00fan con los grandes simios y que por tanto es normal que compartamos numerosos rasgos, no siempre halag\u00fce\u00f1os: el ansia de poder, la lucha por el sexo, una violenta territorialidad y una fuerte tendencia al enga\u00f1o y la manipulaci\u00f3n.<\/p>\n<p>Pero la fascinante \u2013y esperanzadora\u2013 tesis del primat\u00f3logo Frans de Waal sostiene que, pese a todo, tambi\u00e9n nuestras m\u00e1s nobles caracter\u00edsticas \u2013la generosidad, la amabilidad, el altruismo y la solidaridad\u2013 forman parte de la naturaleza humana, pues tambi\u00e9n las hemos heredado de nuestros ancestros. Adem\u00e1s, hallazgos recientes en neurolog\u00eda han demostrado que, contrariamente a lo que se ven\u00eda afirmando, la toma de decisiones morales activa centros emocionales muy antiguos en el cerebro.<\/p>\n<p>As\u00ed, mientras que es f\u00e1cil establecer un paralelo entre la brutalidad de los chimpanc\u00e9s y la de los humanos, Frans de Waal sugiere que los bonobos \u2013gentiles, amantes y dotados de un sentido innato para algo muy parecido al erotismo\u2013 son un modelo igualmente bueno para analizar nuestra herencia de primates.<\/p>\n<p>El mono que llevamos dentro, obra publicada en el 2.005, en definitiva, es una atractiva y sorprendente exploraci\u00f3n de la moralidad humana, contemplada a trav\u00e9s del espejo de nuestros parientes m\u00e1s pr\u00f3ximos.<\/p>\n<p><a href=\"https:\/\/tavapy.gov.py\/biblioteca\/wp-content\/uploads\/2022\/04\/De-WaalF-El-mono-que-llevamos-dentro.pdf\" target=\"_blank\" rel=\"attachment noopener wp-att-4114\"><img loading=\"lazy\" decoding=\"async\" class=\"size-full wp-image-4114 alignleft\" src=\"https:\/\/tavapy.gov.py\/biblioteca\/wp-content\/uploads\/2022\/04\/icono-PDF-copia-2.png\" alt=\"\" width=\"121\" height=\"140\" \/><\/a><\/p>\n","protected":false},"featured_media":4059,"comment_status":"open","ping_status":"closed","template":"","meta":{"spay_email":""},"product_cat":[324],"product_tag":[],"class_list":{"0":"post-4144","1":"product","2":"type-product","3":"status-publish","4":"has-post-thumbnail","6":"book_author-frans-de-waal","7":"product_cat-ciencia-evolucion","8":"entry"},"_links":{"self":[{"href":"https:\/\/tavapy.gov.py\/biblioteca\/wp-json\/wp\/v2\/product\/4144","targetHints":{"allow":["GET"]}}],"collection":[{"href":"https:\/\/tavapy.gov.py\/biblioteca\/wp-json\/wp\/v2\/product"}],"about":[{"href":"https:\/\/tavapy.gov.py\/biblioteca\/wp-json\/wp\/v2\/types\/product"}],"replies":[{"embeddable":true,"href":"https:\/\/tavapy.gov.py\/biblioteca\/wp-json\/wp\/v2\/comments?post=4144"}],"wp:featuredmedia":[{"embeddable":true,"href":"https:\/\/tavapy.gov.py\/biblioteca\/wp-json\/wp\/v2\/media\/4059"}],"wp:attachment":[{"href":"https:\/\/tavapy.gov.py\/biblioteca\/wp-json\/wp\/v2\/media?parent=4144"}],"wp:term":[{"taxonomy":"product_cat","embeddable":true,"href":"https:\/\/tavapy.gov.py\/biblioteca\/wp-json\/wp\/v2\/product_cat?post=4144"},{"taxonomy":"product_tag","embeddable":true,"href":"https:\/\/tavapy.gov.py\/biblioteca\/wp-json\/wp\/v2\/product_tag?post=4144"}],"curies":[{"name":"wp","href":"https:\/\/api.w.org\/{rel}","templated":true}]}}