{"id":4145,"date":"2022-04-10T21:26:49","date_gmt":"2022-04-10T21:26:49","guid":{"rendered":"https:\/\/tavapy.gov.py\/biblioteca\/?post_type=product&#038;p=4145"},"modified":"2022-04-10T21:26:49","modified_gmt":"2022-04-10T21:26:49","slug":"la-revolucion-de-la-esperanza","status":"publish","type":"product","link":"https:\/\/tavapy.gov.py\/biblioteca\/product\/la-revolucion-de-la-esperanza\/","title":{"rendered":"LA REVOLUCI\u00d3N DE LA ESPERANZA."},"content":{"rendered":"","protected":false},"excerpt":{"rendered":"<p>Fromm analiza los rasgos esenciales de nuestra sociedad tecnol\u00f3gica y sus efectos sobre el hombre. Advierte el peligro de su mecanizaci\u00f3n, que s\u00f3lo puede evitarse si optamos por la vida y la naturaleza. Con este objetivo, propone la creaci\u00f3n de un movimiento humanista radical de peque\u00f1os grupos descentralizados con una meta com\u00fan y un aprecio de los valores de una vida nuevamente orientada.<\/p>\n<p>La revoluci\u00f3n de la esperanza, publicada en 1.968, es una de las obras capitales de Erich Fromm, que estudia los rasgos esenciales de nuestra sociedad tecnol\u00f3gica, una sociedad recorrida por un nuevo espectro que anda al acecho entre nosotros: es el espectro de una sociedad completamente mecanizada, dedicada a la m\u00e1xima producci\u00f3n y al m\u00e1ximo consumo, dirigido por m\u00e1quinas computadoras. \u00bfPuede el hombre de hoy no ser un esclavo de la t\u00e9cnica? \u00bfPuede dejar de ser el prisionero de su propia creaci\u00f3n?<\/p>\n<p><a href=\"https:\/\/tavapy.gov.py\/biblioteca\/wp-content\/uploads\/2022\/04\/FrommE-La-revolucion-de-la-esperanza.pdf\" target=\"_blank\" rel=\"attachment noopener wp-att-4114\"><img loading=\"lazy\" decoding=\"async\" class=\"size-full wp-image-4114 alignleft\" src=\"https:\/\/tavapy.gov.py\/biblioteca\/wp-content\/uploads\/2022\/04\/icono-PDF-copia-2.png\" alt=\"\" width=\"121\" height=\"140\" \/><\/a><\/p>\n","protected":false},"featured_media":4058,"comment_status":"open","ping_status":"closed","template":"","meta":{"spay_email":""},"product_cat":[94],"product_tag":[],"class_list":{"0":"post-4145","1":"product","2":"type-product","3":"status-publish","4":"has-post-thumbnail","6":"book_author-erich-fromm","7":"product_cat-filosofia-social","8":"entry"},"_links":{"self":[{"href":"https:\/\/tavapy.gov.py\/biblioteca\/wp-json\/wp\/v2\/product\/4145","targetHints":{"allow":["GET"]}}],"collection":[{"href":"https:\/\/tavapy.gov.py\/biblioteca\/wp-json\/wp\/v2\/product"}],"about":[{"href":"https:\/\/tavapy.gov.py\/biblioteca\/wp-json\/wp\/v2\/types\/product"}],"replies":[{"embeddable":true,"href":"https:\/\/tavapy.gov.py\/biblioteca\/wp-json\/wp\/v2\/comments?post=4145"}],"wp:featuredmedia":[{"embeddable":true,"href":"https:\/\/tavapy.gov.py\/biblioteca\/wp-json\/wp\/v2\/media\/4058"}],"wp:attachment":[{"href":"https:\/\/tavapy.gov.py\/biblioteca\/wp-json\/wp\/v2\/media?parent=4145"}],"wp:term":[{"taxonomy":"product_cat","embeddable":true,"href":"https:\/\/tavapy.gov.py\/biblioteca\/wp-json\/wp\/v2\/product_cat?post=4145"},{"taxonomy":"product_tag","embeddable":true,"href":"https:\/\/tavapy.gov.py\/biblioteca\/wp-json\/wp\/v2\/product_tag?post=4145"}],"curies":[{"name":"wp","href":"https:\/\/api.w.org\/{rel}","templated":true}]}}