{"id":4146,"date":"2022-04-10T21:34:33","date_gmt":"2022-04-10T21:34:33","guid":{"rendered":"https:\/\/tavapy.gov.py\/biblioteca\/?post_type=product&#038;p=4146"},"modified":"2022-04-12T02:53:11","modified_gmt":"2022-04-12T02:53:11","slug":"memorias-de-fuego-ii-las-caras-y-las-mascaras","status":"publish","type":"product","link":"https:\/\/tavapy.gov.py\/biblioteca\/product\/memorias-de-fuego-ii-las-caras-y-las-mascaras\/","title":{"rendered":"MEMORIAS DE FUEGO II: LAS CARAS Y LAS M\u00c1SCARAS."},"content":{"rendered":"","protected":false},"excerpt":{"rendered":"<p>Am\u00e9rica Latina no solamente ha sufrido el despojo del oro y de la plata, del caucho y del cobre y del petr\u00f3leo. Tambi\u00e9n le han expropiado la memoria, para que no sepa de d\u00f3nde viene y no pueda averiguar ad\u00f3nde va. Memoria del fuego es una tentativa de rescate de la historia viva de las Am\u00e9ricas en todas sus dimensiones, olores, sabores, colores, dolores.<\/p>\n<p>El primer volumen de la serie comienza en la etapa precolombina y se extiende hasta el siglo XVII. Este segundo volumen de Memorias de fuego II: las caras y las m\u00e1scaras, escrito en 1.982 abarca los dos siglos de la lucha por la independencia de las Am\u00e9ricas (XVIII y XIX) y muchos otros temas de la vida cotidiana en nuestras tierras en ese per\u00edodo.<\/p>\n<p>El tercero llega hasta nuestros d\u00edas, Memorias de fuego III: el siglo del viento. Que el lector sienta que la historia est\u00e1 ocurriendo mientras las palabras la cuentan. Que la historia huya de los museos y respire a pleno pulm\u00f3n. Que el pasado se haga presente.<\/p>\n<p><a href=\"https:\/\/tavapy.gov.py\/biblioteca\/wp-content\/uploads\/2022\/04\/GaleanoE-Memorias-del-fuego-II.pdf\" target=\"_blank\" rel=\"attachment noopener wp-att-4114\"><img loading=\"lazy\" decoding=\"async\" class=\"size-full wp-image-4114 alignleft\" src=\"https:\/\/tavapy.gov.py\/biblioteca\/wp-content\/uploads\/2022\/04\/icono-PDF-copia-2.png\" alt=\"\" width=\"121\" height=\"140\" \/><\/a><\/p>\n","protected":false},"featured_media":4054,"comment_status":"open","ping_status":"closed","template":"","meta":{"spay_email":""},"product_cat":[296],"product_tag":[],"class_list":{"0":"post-4146","1":"product","2":"type-product","3":"status-publish","4":"has-post-thumbnail","6":"book_author-eduardo-galeano","7":"product_cat-novela-historica","8":"entry"},"_links":{"self":[{"href":"https:\/\/tavapy.gov.py\/biblioteca\/wp-json\/wp\/v2\/product\/4146","targetHints":{"allow":["GET"]}}],"collection":[{"href":"https:\/\/tavapy.gov.py\/biblioteca\/wp-json\/wp\/v2\/product"}],"about":[{"href":"https:\/\/tavapy.gov.py\/biblioteca\/wp-json\/wp\/v2\/types\/product"}],"replies":[{"embeddable":true,"href":"https:\/\/tavapy.gov.py\/biblioteca\/wp-json\/wp\/v2\/comments?post=4146"}],"wp:featuredmedia":[{"embeddable":true,"href":"https:\/\/tavapy.gov.py\/biblioteca\/wp-json\/wp\/v2\/media\/4054"}],"wp:attachment":[{"href":"https:\/\/tavapy.gov.py\/biblioteca\/wp-json\/wp\/v2\/media?parent=4146"}],"wp:term":[{"taxonomy":"product_cat","embeddable":true,"href":"https:\/\/tavapy.gov.py\/biblioteca\/wp-json\/wp\/v2\/product_cat?post=4146"},{"taxonomy":"product_tag","embeddable":true,"href":"https:\/\/tavapy.gov.py\/biblioteca\/wp-json\/wp\/v2\/product_tag?post=4146"}],"curies":[{"name":"wp","href":"https:\/\/api.w.org\/{rel}","templated":true}]}}