{"id":4148,"date":"2022-04-10T21:49:49","date_gmt":"2022-04-10T21:49:49","guid":{"rendered":"https:\/\/tavapy.gov.py\/biblioteca\/?post_type=product&#038;p=4148"},"modified":"2022-04-10T21:49:49","modified_gmt":"2022-04-10T21:49:49","slug":"los-origenes-culturales-de-la-cognicion-humana","status":"publish","type":"product","link":"https:\/\/tavapy.gov.py\/biblioteca\/product\/los-origenes-culturales-de-la-cognicion-humana\/","title":{"rendered":"LOS OR\u00cdGENES CULTURALES DE LA COGNICI\u00d3N HUMANA."},"content":{"rendered":"","protected":false},"excerpt":{"rendered":"<p>Ambicioso y preciso, este libro publicado en 1.999, tiende un puente entre la teor\u00eda de la evoluci\u00f3n y la psicolog\u00eda cultural. Michael Tomasello ha investigado sistem\u00e1ticamente la capacidad cognitiva, tanto de los primates no humanos como de los ni\u00f1os. En \u00abLos or\u00edgenes culturales de la cognici\u00f3n humana\u00bb, explica en qu\u00e9 difieren una y otra, y presenta una hip\u00f3tesis con respecto al posible origen de las diferencias.<\/p>\n<p>El autor afirma que la capacidad humana para crear una cultura basada en s\u00edmbolos y la clase de desarrollo psicol\u00f3gico que se produce en ella tienen sus ra\u00edces en un conjunto de capacidades cognitivas que surgen en una etapa temprana de la ontogenia humana. Las pruebas de que los seres humanos cuentan con modos exclusivos de transmisi\u00f3n cultural son abrumadoras.<\/p>\n<p>Lo m\u00e1s importante es que, con el tiempo, sus tradiciones y artefactos culturales acumulan modificaciones, fen\u00f3meno que no se observa en ninguna otra especie; se trata de la llamada \u00abevoluci\u00f3n cultural acumulativa\u00bb, que act\u00faa, adem\u00e1s, en escalas temporales mucho m\u00e1s breves que las de la evoluci\u00f3n org\u00e1nica.<\/p>\n<p>En su an\u00e1lisis del lenguaje, la representaci\u00f3n simb\u00f3lica y el desarrollo cognitivo, Michael Tomasello describe con autoridad e ingenio el \u00abefecto de trinquete\u00bb propio de esas capacidades. El proceso de evoluci\u00f3n cultural acumulativa, requiere no s\u00f3lo invenci\u00f3n creativa, sino tambi\u00e9n algo no menos importante una transmisi\u00f3n social fiel que pueda actuar como trinquete, impidiendo el deslizamiento hacia atr\u00e1s, de modo que el artefacto o la pr\u00e1ctica modificados puedan mantener m\u00e1s o menos fielmente su forma mejorada hasta que se produzca una nueva modificaci\u00f3n o mejora en el desarrollo de las sucesivas generaciones.<\/p>\n<p><a href=\"https:\/\/tavapy.gov.py\/biblioteca\/wp-content\/uploads\/2022\/04\/TomaselloM-Los-origenes-culturales-de-la...pdf\" target=\"_blank\" rel=\"attachment noopener wp-att-4114\"><img loading=\"lazy\" decoding=\"async\" class=\"size-full wp-image-4114 alignleft\" src=\"https:\/\/tavapy.gov.py\/biblioteca\/wp-content\/uploads\/2022\/04\/icono-PDF-copia-2.png\" alt=\"\" width=\"121\" height=\"140\" \/><\/a><\/p>\n","protected":false},"featured_media":4050,"comment_status":"open","ping_status":"closed","template":"","meta":{"spay_email":""},"product_cat":[326],"product_tag":[],"class_list":{"0":"post-4148","1":"product","2":"type-product","3":"status-publish","4":"has-post-thumbnail","6":"book_author-michael-tomasello","7":"product_cat-ciencia-cognitiva-teoria-de-la-evolucion-psicologia-cultural","8":"entry"},"_links":{"self":[{"href":"https:\/\/tavapy.gov.py\/biblioteca\/wp-json\/wp\/v2\/product\/4148","targetHints":{"allow":["GET"]}}],"collection":[{"href":"https:\/\/tavapy.gov.py\/biblioteca\/wp-json\/wp\/v2\/product"}],"about":[{"href":"https:\/\/tavapy.gov.py\/biblioteca\/wp-json\/wp\/v2\/types\/product"}],"replies":[{"embeddable":true,"href":"https:\/\/tavapy.gov.py\/biblioteca\/wp-json\/wp\/v2\/comments?post=4148"}],"wp:featuredmedia":[{"embeddable":true,"href":"https:\/\/tavapy.gov.py\/biblioteca\/wp-json\/wp\/v2\/media\/4050"}],"wp:attachment":[{"href":"https:\/\/tavapy.gov.py\/biblioteca\/wp-json\/wp\/v2\/media?parent=4148"}],"wp:term":[{"taxonomy":"product_cat","embeddable":true,"href":"https:\/\/tavapy.gov.py\/biblioteca\/wp-json\/wp\/v2\/product_cat?post=4148"},{"taxonomy":"product_tag","embeddable":true,"href":"https:\/\/tavapy.gov.py\/biblioteca\/wp-json\/wp\/v2\/product_tag?post=4148"}],"curies":[{"name":"wp","href":"https:\/\/api.w.org\/{rel}","templated":true}]}}