{"id":4177,"date":"2022-04-12T03:20:08","date_gmt":"2022-04-12T03:20:08","guid":{"rendered":"https:\/\/tavapy.gov.py\/biblioteca\/?post_type=product&#038;p=4177"},"modified":"2022-04-12T03:20:08","modified_gmt":"2022-04-12T03:20:08","slug":"el-enigma-cuantico-encuentros-entre-la-fisica-y-la-conciencia","status":"publish","type":"product","link":"https:\/\/tavapy.gov.py\/biblioteca\/product\/el-enigma-cuantico-encuentros-entre-la-fisica-y-la-conciencia\/","title":{"rendered":"EL ENIGMA CUANTICO: ENCUENTROS ENTRE LA FISICA Y LA CONCIENCIA."},"content":{"rendered":"","protected":false},"excerpt":{"rendered":"<p>Nacida en los a\u00f1os veinte del siglo pasado para explicar el mecanismo que rige el comportamiento de los \u00e1tomos, la teor\u00eda cu\u00e1ntica ha sido sorprendentemente exitosa: ninguna de sus predicciones ha resultado falsa y ning\u00fan cient\u00edfico la pone en cuesti\u00f3n. Adem\u00e1s, la teor\u00eda cu\u00e1ntica ha revolucionado nuestro mundo cotidiano y ha propiciado asombrosos avances tecnol\u00f3gicos.<\/p>\n<p>Sin embargo, algunas de sus conclusiones \u2013como la afirmaci\u00f3n de la interdependencia entre la realidad del mundo exterior y su observaci\u00f3n experimental, o la idea de que un objeto puede estar en dos o m\u00e1s sitios al mismo tiempo\u2013 constituyen un enigma que cuestiona nuestras intuiciones en torno a la realidad y la conciencia y que acercan esta teor\u00eda a la filosof\u00eda y el misticismo.<\/p>\n<p>Los f\u00edsicos Rosenblum y Kuttner exponen con claridad y sin tecnicismos el desarrollo hist\u00f3rico de esta teor\u00eda, \u00a0en esta obra publicada en el 2.006, relatan fascinantes historias y an\u00e9cdotas sobre los cient\u00edficos involucrados en ella y exploran la parad\u00f3jica idea de que la conciencia afecta a los fen\u00f3menos f\u00edsicos. el enigma cu\u00e1ntico, en definitiva, ofrece una amena aproximaci\u00f3n a un misterio que obsesiona a los f\u00edsicos desde hace ocho d\u00e9cadas.<\/p>\n<p><a href=\"https:\/\/tavapy.gov.py\/biblioteca\/wp-content\/uploads\/2022\/04\/Rosenblum-Kuttner-El_enigma_cuantico.pdf\" target=\"_blank\" rel=\"attachment noopener wp-att-4114\"><img loading=\"lazy\" decoding=\"async\" class=\"size-full wp-image-4114 alignleft\" src=\"https:\/\/tavapy.gov.py\/biblioteca\/wp-content\/uploads\/2022\/04\/icono-PDF-copia-2.png\" alt=\"\" width=\"121\" height=\"140\" \/><\/a><\/p>\n","protected":false},"featured_media":4180,"comment_status":"open","ping_status":"closed","template":"","meta":{"spay_email":""},"product_cat":[329],"product_tag":[],"class_list":{"0":"post-4177","1":"product","2":"type-product","3":"status-publish","4":"has-post-thumbnail","6":"book_author-bruce-rosenblum","7":"product_cat-fisica-moderna-teoria-cuantica","8":"entry"},"_links":{"self":[{"href":"https:\/\/tavapy.gov.py\/biblioteca\/wp-json\/wp\/v2\/product\/4177","targetHints":{"allow":["GET"]}}],"collection":[{"href":"https:\/\/tavapy.gov.py\/biblioteca\/wp-json\/wp\/v2\/product"}],"about":[{"href":"https:\/\/tavapy.gov.py\/biblioteca\/wp-json\/wp\/v2\/types\/product"}],"replies":[{"embeddable":true,"href":"https:\/\/tavapy.gov.py\/biblioteca\/wp-json\/wp\/v2\/comments?post=4177"}],"wp:featuredmedia":[{"embeddable":true,"href":"https:\/\/tavapy.gov.py\/biblioteca\/wp-json\/wp\/v2\/media\/4180"}],"wp:attachment":[{"href":"https:\/\/tavapy.gov.py\/biblioteca\/wp-json\/wp\/v2\/media?parent=4177"}],"wp:term":[{"taxonomy":"product_cat","embeddable":true,"href":"https:\/\/tavapy.gov.py\/biblioteca\/wp-json\/wp\/v2\/product_cat?post=4177"},{"taxonomy":"product_tag","embeddable":true,"href":"https:\/\/tavapy.gov.py\/biblioteca\/wp-json\/wp\/v2\/product_tag?post=4177"}],"curies":[{"name":"wp","href":"https:\/\/api.w.org\/{rel}","templated":true}]}}