{"id":4231,"date":"2022-04-17T22:15:20","date_gmt":"2022-04-17T22:15:20","guid":{"rendered":"https:\/\/tavapy.gov.py\/biblioteca\/?post_type=product&#038;p=4231"},"modified":"2023-11-16T09:22:02","modified_gmt":"2023-11-16T09:22:02","slug":"introduccion-a-la-agronomia","status":"publish","type":"product","link":"https:\/\/tavapy.gov.py\/biblioteca\/product\/introduccion-a-la-agronomia\/","title":{"rendered":"INTRODUCCI\u00d3N A LA AGRONOM\u00cdA."},"content":{"rendered":"","protected":false},"excerpt":{"rendered":"<p>La obra Introducci\u00f3n a la agricultura, publicada en el 2.015, est\u00e1 orientada a la formaci\u00f3n de estudiantes de la Carrera de Ingenier\u00eda Agron\u00f3mica. Aproxima al lector al proceso de producci\u00f3n agraria que objetivamente los autores sintetizan en los nueve cap\u00edtulos de la obra.<\/p>\n<p>En cada uno se destacan aspectos a la vez b\u00e1sicos y relevantes, sobre el sistema agr\u00edcola, factores determinantes de la producci\u00f3n agr\u00edcola, t\u00e9cnicas de control del microclima que permiten el cultivo bajo condiciones intervenidas, la preparaci\u00f3n del suelo previa la siembra, la nutrici\u00f3n de los vegetales, el mantenimiento de la salud del cultivo.<\/p>\n<p>Tambi\u00e9n el aporte h\u00eddrico y la culminaci\u00f3n del proceso mediante acciones de cosecha y manejo de los productos garantizando la pureza, sabor y las propiedades nutricionales de un producto fruto de la tierra, regado con el sudor y la sangre de quienes la cultivaron.<\/p>\n<p><a href=\"https:\/\/tavapy.gov.py\/biblioteca\/wp-content\/uploads\/2022\/04\/Introduccion-a-la-agronomia.pdf\" target=\"_blank\" rel=\"attachment noopener wp-att-4114\"><img loading=\"lazy\" decoding=\"async\" class=\"size-full wp-image-4114 alignleft\" src=\"https:\/\/tavapy.gov.py\/biblioteca\/wp-content\/uploads\/2022\/04\/icono-PDF-copia-2.png\" alt=\"\" width=\"121\" height=\"140\" \/><\/a><\/p>\n","protected":false},"featured_media":4182,"comment_status":"open","ping_status":"closed","template":"","meta":{"spay_email":""},"product_cat":[331],"product_tag":[],"class_list":{"0":"post-4231","1":"product","2":"type-product","3":"status-publish","4":"has-post-thumbnail","6":"book_author-juan-borja-viveros","7":"product_cat-agronomia","8":"entry"},"_links":{"self":[{"href":"https:\/\/tavapy.gov.py\/biblioteca\/wp-json\/wp\/v2\/product\/4231","targetHints":{"allow":["GET"]}}],"collection":[{"href":"https:\/\/tavapy.gov.py\/biblioteca\/wp-json\/wp\/v2\/product"}],"about":[{"href":"https:\/\/tavapy.gov.py\/biblioteca\/wp-json\/wp\/v2\/types\/product"}],"replies":[{"embeddable":true,"href":"https:\/\/tavapy.gov.py\/biblioteca\/wp-json\/wp\/v2\/comments?post=4231"}],"wp:featuredmedia":[{"embeddable":true,"href":"https:\/\/tavapy.gov.py\/biblioteca\/wp-json\/wp\/v2\/media\/4182"}],"wp:attachment":[{"href":"https:\/\/tavapy.gov.py\/biblioteca\/wp-json\/wp\/v2\/media?parent=4231"}],"wp:term":[{"taxonomy":"product_cat","embeddable":true,"href":"https:\/\/tavapy.gov.py\/biblioteca\/wp-json\/wp\/v2\/product_cat?post=4231"},{"taxonomy":"product_tag","embeddable":true,"href":"https:\/\/tavapy.gov.py\/biblioteca\/wp-json\/wp\/v2\/product_tag?post=4231"}],"curies":[{"name":"wp","href":"https:\/\/api.w.org\/{rel}","templated":true}]}}