{"id":4232,"date":"2022-04-17T22:19:30","date_gmt":"2022-04-17T22:19:30","guid":{"rendered":"https:\/\/tavapy.gov.py\/biblioteca\/?post_type=product&#038;p=4232"},"modified":"2022-04-17T22:19:30","modified_gmt":"2022-04-17T22:19:30","slug":"contabilidad-basica","status":"publish","type":"product","link":"https:\/\/tavapy.gov.py\/biblioteca\/product\/contabilidad-basica\/","title":{"rendered":"CONTABILIDAD B\u00c1SICA."},"content":{"rendered":"","protected":false},"excerpt":{"rendered":"<p>Esta es la cuarta edici\u00f3n de Contabilidad B\u00e1sica publicada en el 2.004. Las anteriores se publicaron en 1977, 1982 y 1991. En los tres casos hubo diversas reimpresiones.<\/p>\n<p>Esta obra est\u00e1 dirigida a dos grupos de lectores: a quienes han encarado el estudio sistem\u00e1tico de la disciplina contable (por ejemplo: los estudiantes de la carrera de contador p\u00fablico) y a quienes -sin integrar el grupo anterior- est\u00e1n interesados en el aprendizaje de los aspectos de registraci\u00f3n contable (tenedur\u00eda de libros).<\/p>\n<p>Por lo indicado, la lectura del libro no requiere conocimientos previos de la disciplina de la contabilidad.<\/p>\n<p><a href=\"https:\/\/tavapy.gov.py\/biblioteca\/wp-content\/uploads\/2022\/04\/Contabilidad-Basica-4ta-Edicion-Enrique-Fowler-Newton.pdf\" target=\"_blank\" rel=\"attachment noopener wp-att-4114\"><img loading=\"lazy\" decoding=\"async\" class=\"size-full wp-image-4114 alignleft\" src=\"https:\/\/tavapy.gov.py\/biblioteca\/wp-content\/uploads\/2022\/04\/icono-PDF-copia-2.png\" alt=\"\" width=\"121\" height=\"140\" \/><\/a><\/p>\n","protected":false},"featured_media":4184,"comment_status":"open","ping_status":"closed","template":"","meta":{"spay_email":""},"product_cat":[333],"product_tag":[],"class_list":{"0":"post-4232","1":"product","2":"type-product","3":"status-publish","4":"has-post-thumbnail","6":"book_author-enrique-fowler-newton","7":"product_cat-contabilidad","8":"entry"},"_links":{"self":[{"href":"https:\/\/tavapy.gov.py\/biblioteca\/wp-json\/wp\/v2\/product\/4232","targetHints":{"allow":["GET"]}}],"collection":[{"href":"https:\/\/tavapy.gov.py\/biblioteca\/wp-json\/wp\/v2\/product"}],"about":[{"href":"https:\/\/tavapy.gov.py\/biblioteca\/wp-json\/wp\/v2\/types\/product"}],"replies":[{"embeddable":true,"href":"https:\/\/tavapy.gov.py\/biblioteca\/wp-json\/wp\/v2\/comments?post=4232"}],"wp:featuredmedia":[{"embeddable":true,"href":"https:\/\/tavapy.gov.py\/biblioteca\/wp-json\/wp\/v2\/media\/4184"}],"wp:attachment":[{"href":"https:\/\/tavapy.gov.py\/biblioteca\/wp-json\/wp\/v2\/media?parent=4232"}],"wp:term":[{"taxonomy":"product_cat","embeddable":true,"href":"https:\/\/tavapy.gov.py\/biblioteca\/wp-json\/wp\/v2\/product_cat?post=4232"},{"taxonomy":"product_tag","embeddable":true,"href":"https:\/\/tavapy.gov.py\/biblioteca\/wp-json\/wp\/v2\/product_tag?post=4232"}],"curies":[{"name":"wp","href":"https:\/\/api.w.org\/{rel}","templated":true}]}}