{"id":4233,"date":"2022-04-17T22:23:53","date_gmt":"2022-04-17T22:23:53","guid":{"rendered":"https:\/\/tavapy.gov.py\/biblioteca\/?post_type=product&#038;p=4233"},"modified":"2022-04-17T22:23:54","modified_gmt":"2022-04-17T22:23:54","slug":"contabilidad-administrativa","status":"publish","type":"product","link":"https:\/\/tavapy.gov.py\/biblioteca\/product\/contabilidad-administrativa\/","title":{"rendered":"CONTABILIDAD ADMINISTRATIVA."},"content":{"rendered":"","protected":false},"excerpt":{"rendered":"<p>Contabilidad administrativa, en su octava edici\u00f3n publicada en el 2.008, contiene las herramientas m\u00e1s novedosas que permitan al administrador llevar a cabo un mejor proceso de planeaci\u00f3n, toma de decisiones y control administrativo, de forma que pueda competir exitosamente.<\/p>\n<p>Esta nueva edici\u00f3n presenta modificaciones muy importantes. Se ha actualizado el contenido de planeaci\u00f3n estrat\u00e9gica y se ha analizado el presupuesto desde una perspectiva estrat\u00e9gica. Tambi\u00e9n se profundiz\u00f3 en el estudio de herramientas como el balanced scorecard de \u00faltima generaci\u00f3n, el costeo basado en actividades y el costeo basado en metas (target costing). \u00e9stas, y otras herramientas, se analizan desde una perspectiva m\u00e1s amplia en funci\u00f3n de la estrategia del negocio.<\/p>\n<p>Adem\u00e1s, en los diversos cap\u00edtulos se agreg\u00f3 nuevas tecnolog\u00edas como el costeo del ciclo de vida del producto, el punto de equilibrio con base en el efectivo, la valuaci\u00f3n de proyectos utilizando opciones reales y los diversos m\u00e9todos de determinaci\u00f3n de precios de transferencia.<\/p>\n<p>Se ha enriquecido el libro con dos nuevos cap\u00edtulos: \u201cContabilidad estrat\u00e9gica\u201d (cap\u00edtulo 13), que responde a la necesidad de los administradores modernos de contar con herramientas \u00fatiles para dirigir a la empresa al cumplimiento de su estrategia. y el cap\u00edtulo 14, \u201cLa responsabilidad social de la empresa\u201d, que aborda uno de los temas esenciales de las empresas en la actualidad: su responsabilidad social. Adem\u00e1s, brinda reflexiones acerca de los beneficios de cumplir con la responsabilidad social que tiene la empresa con su comunidad.<\/p>\n<p><a href=\"https:\/\/tavapy.gov.py\/biblioteca\/wp-content\/uploads\/2022\/04\/CONTABILIDAD-ADMINISTRATIVA.pdf\" target=\"_blank\" rel=\"attachment noopener wp-att-4114\"><img loading=\"lazy\" decoding=\"async\" class=\"size-full wp-image-4114 alignleft\" src=\"https:\/\/tavapy.gov.py\/biblioteca\/wp-content\/uploads\/2022\/04\/icono-PDF-copia-2.png\" alt=\"\" width=\"121\" height=\"140\" \/><\/a><\/p>\n","protected":false},"featured_media":4186,"comment_status":"open","ping_status":"closed","template":"","meta":{"spay_email":""},"product_cat":[333],"product_tag":[],"class_list":{"0":"post-4233","1":"product","2":"type-product","3":"status-publish","4":"has-post-thumbnail","6":"book_author-david-noel-ramirez-padilla","7":"product_cat-contabilidad","8":"entry"},"_links":{"self":[{"href":"https:\/\/tavapy.gov.py\/biblioteca\/wp-json\/wp\/v2\/product\/4233","targetHints":{"allow":["GET"]}}],"collection":[{"href":"https:\/\/tavapy.gov.py\/biblioteca\/wp-json\/wp\/v2\/product"}],"about":[{"href":"https:\/\/tavapy.gov.py\/biblioteca\/wp-json\/wp\/v2\/types\/product"}],"replies":[{"embeddable":true,"href":"https:\/\/tavapy.gov.py\/biblioteca\/wp-json\/wp\/v2\/comments?post=4233"}],"wp:featuredmedia":[{"embeddable":true,"href":"https:\/\/tavapy.gov.py\/biblioteca\/wp-json\/wp\/v2\/media\/4186"}],"wp:attachment":[{"href":"https:\/\/tavapy.gov.py\/biblioteca\/wp-json\/wp\/v2\/media?parent=4233"}],"wp:term":[{"taxonomy":"product_cat","embeddable":true,"href":"https:\/\/tavapy.gov.py\/biblioteca\/wp-json\/wp\/v2\/product_cat?post=4233"},{"taxonomy":"product_tag","embeddable":true,"href":"https:\/\/tavapy.gov.py\/biblioteca\/wp-json\/wp\/v2\/product_tag?post=4233"}],"curies":[{"name":"wp","href":"https:\/\/api.w.org\/{rel}","templated":true}]}}