{"id":4234,"date":"2022-04-17T22:28:59","date_gmt":"2022-04-17T22:28:59","guid":{"rendered":"https:\/\/tavapy.gov.py\/biblioteca\/?post_type=product&#038;p=4234"},"modified":"2022-04-17T22:29:00","modified_gmt":"2022-04-17T22:29:00","slug":"principios-de-contabilidad","status":"publish","type":"product","link":"https:\/\/tavapy.gov.py\/biblioteca\/product\/principios-de-contabilidad\/","title":{"rendered":"PRINCIPIOS DE CONTABILIDAD."},"content":{"rendered":"","protected":false},"excerpt":{"rendered":"<p>La contabilidad es mucho m\u00e1s que analizar los n\u00fameros. La contabilidad impacta la vida de todos, desde la persona promedio que hace un presupuesto cada mes hasta los directores ejecutivos que buscan la mejor manera de invertir en sus negocios. Es una habilidad verdaderamente \u00fatil que beneficia a cualquiera que la aprenda.<\/p>\n<p>Pero, \u00bfpor qu\u00e9 es tan importante la contabilidad? Los principios contables establecidos hacen posible que las entidades financieras comuniquen informaci\u00f3n. Los propietarios de viviendas y los contribuyentes tambi\u00e9n pueden usarlo al presupuestar para el a\u00f1o, ya sea para determinar su propio patrimonio neto personal o para la planificaci\u00f3n financiera. Es importante que las personas en muchos puestos de trabajo est\u00e9n familiarizadas con la lectura y comprensi\u00f3n de informes financieros. Desde due\u00f1os de negocios hasta directores ejecutivos, gerentes de marketing y funcionarios bancarios, hay muchas personas cuyos trabajos pueden beneficiarse del aprendizaje de la contabilidad.<\/p>\n<p>Este libro publicado en el 2.019, est\u00e1 dise\u00f1ado para esas personas, as\u00ed como para estudiantes que pueden necesitar un poco m\u00e1s de ayuda para comprender su clase de contabilidad. Uno de los mayores obst\u00e1culos a superar en contabilidad es comprender la terminolog\u00eda. Este libro desglosa los t\u00e9rminos y principios importantes de una manera que sea f\u00e1cil de entender para la persona promedio. A medida que lea sobre los principios de contabilidad, encontrar\u00e1 ejemplos claros que lo ayudar\u00e1n a aplicar los principios al trabajo de contabilidad, ya sea preparando declaraciones o interpretando.<\/p>\n<p><a href=\"https:\/\/tavapy.gov.py\/biblioteca\/wp-content\/uploads\/2022\/04\/Principios-de-contabilidad-La-guia-definitiva-para-principiantes-sobre-contabilidad.pdf\" target=\"_blank\" rel=\"attachment noopener wp-att-4114\"><img loading=\"lazy\" decoding=\"async\" class=\"size-full wp-image-4114 alignleft\" src=\"https:\/\/tavapy.gov.py\/biblioteca\/wp-content\/uploads\/2022\/04\/icono-PDF-copia-2.png\" alt=\"\" width=\"121\" height=\"140\" \/><\/a><\/p>\n","protected":false},"featured_media":4188,"comment_status":"open","ping_status":"closed","template":"","meta":{"spay_email":""},"product_cat":[333],"product_tag":[],"class_list":{"0":"post-4234","1":"product","2":"type-product","3":"status-publish","4":"has-post-thumbnail","6":"book_author-gregory-becker","7":"product_cat-contabilidad","8":"entry"},"_links":{"self":[{"href":"https:\/\/tavapy.gov.py\/biblioteca\/wp-json\/wp\/v2\/product\/4234","targetHints":{"allow":["GET"]}}],"collection":[{"href":"https:\/\/tavapy.gov.py\/biblioteca\/wp-json\/wp\/v2\/product"}],"about":[{"href":"https:\/\/tavapy.gov.py\/biblioteca\/wp-json\/wp\/v2\/types\/product"}],"replies":[{"embeddable":true,"href":"https:\/\/tavapy.gov.py\/biblioteca\/wp-json\/wp\/v2\/comments?post=4234"}],"wp:featuredmedia":[{"embeddable":true,"href":"https:\/\/tavapy.gov.py\/biblioteca\/wp-json\/wp\/v2\/media\/4188"}],"wp:attachment":[{"href":"https:\/\/tavapy.gov.py\/biblioteca\/wp-json\/wp\/v2\/media?parent=4234"}],"wp:term":[{"taxonomy":"product_cat","embeddable":true,"href":"https:\/\/tavapy.gov.py\/biblioteca\/wp-json\/wp\/v2\/product_cat?post=4234"},{"taxonomy":"product_tag","embeddable":true,"href":"https:\/\/tavapy.gov.py\/biblioteca\/wp-json\/wp\/v2\/product_tag?post=4234"}],"curies":[{"name":"wp","href":"https:\/\/api.w.org\/{rel}","templated":true}]}}