{"id":4236,"date":"2022-04-17T22:38:39","date_gmt":"2022-04-17T22:38:39","guid":{"rendered":"https:\/\/tavapy.gov.py\/biblioteca\/?post_type=product&#038;p=4236"},"modified":"2022-04-17T22:38:39","modified_gmt":"2022-04-17T22:38:39","slug":"el-dinero-y-el-ahorro","status":"publish","type":"product","link":"https:\/\/tavapy.gov.py\/biblioteca\/product\/el-dinero-y-el-ahorro\/","title":{"rendered":"EL DINERO Y EL AHORRO."},"content":{"rendered":"","protected":false},"excerpt":{"rendered":"<p>El dinero y el ahorro es un libro publicado en el 2.003, que gira en torno a la propuesta de una correcta administraci\u00f3n de los recursos monetarios, estimando al ahorro como medio estrat\u00e9gico para lograr una mejor calidad de vida.<\/p>\n<p>En tal sentido, la tem\u00e1tica de esta obra presenta un an\u00e1lisis razonado del dinero y sus distintos usos, as\u00ed como las responsabilidades derivadas de su tenencia, todo con la intenci\u00f3n de explicar el equilibrio necesario para una buena salud financiera.<\/p>\n<p><a href=\"https:\/\/tavapy.gov.py\/biblioteca\/wp-content\/uploads\/2022\/04\/14.-El-dinero-y-el-ahorro-autor-Jose-Meli-Mundi-y-Paola-Bruzzone.pdf\" target=\"_blank\" rel=\"attachment noopener wp-att-4114\"><img loading=\"lazy\" decoding=\"async\" class=\"size-full wp-image-4114 alignleft\" src=\"https:\/\/tavapy.gov.py\/biblioteca\/wp-content\/uploads\/2022\/04\/icono-PDF-copia-2.png\" alt=\"\" width=\"121\" height=\"140\" \/><\/a><\/p>\n","protected":false},"featured_media":4192,"comment_status":"open","ping_status":"closed","template":"","meta":{"spay_email":""},"product_cat":[289],"product_tag":[],"class_list":{"0":"post-4236","1":"product","2":"type-product","3":"status-publish","4":"has-post-thumbnail","6":"book_author-jose-meli-mundi","7":"product_cat-autoayuda-finanzas","8":"entry"},"_links":{"self":[{"href":"https:\/\/tavapy.gov.py\/biblioteca\/wp-json\/wp\/v2\/product\/4236","targetHints":{"allow":["GET"]}}],"collection":[{"href":"https:\/\/tavapy.gov.py\/biblioteca\/wp-json\/wp\/v2\/product"}],"about":[{"href":"https:\/\/tavapy.gov.py\/biblioteca\/wp-json\/wp\/v2\/types\/product"}],"replies":[{"embeddable":true,"href":"https:\/\/tavapy.gov.py\/biblioteca\/wp-json\/wp\/v2\/comments?post=4236"}],"wp:featuredmedia":[{"embeddable":true,"href":"https:\/\/tavapy.gov.py\/biblioteca\/wp-json\/wp\/v2\/media\/4192"}],"wp:attachment":[{"href":"https:\/\/tavapy.gov.py\/biblioteca\/wp-json\/wp\/v2\/media?parent=4236"}],"wp:term":[{"taxonomy":"product_cat","embeddable":true,"href":"https:\/\/tavapy.gov.py\/biblioteca\/wp-json\/wp\/v2\/product_cat?post=4236"},{"taxonomy":"product_tag","embeddable":true,"href":"https:\/\/tavapy.gov.py\/biblioteca\/wp-json\/wp\/v2\/product_tag?post=4236"}],"curies":[{"name":"wp","href":"https:\/\/api.w.org\/{rel}","templated":true}]}}