{"id":4237,"date":"2022-04-17T22:42:05","date_gmt":"2022-04-17T22:42:05","guid":{"rendered":"https:\/\/tavapy.gov.py\/biblioteca\/?post_type=product&#038;p=4237"},"modified":"2022-04-17T22:42:05","modified_gmt":"2022-04-17T22:42:05","slug":"toma-el-control-de-tu-dinero","status":"publish","type":"product","link":"https:\/\/tavapy.gov.py\/biblioteca\/product\/toma-el-control-de-tu-dinero\/","title":{"rendered":"TOMA EL CONTROL DE TU DINERO."},"content":{"rendered":"","protected":false},"excerpt":{"rendered":"<p>Crees que es imposible crear riqueza -Crees que el manejo del dinero es complejo -No sabes con certeza si administras con eficiencia los recursos econ\u00f3micos con los que cuentas -Encuentras dif\u00edcil disfrutar de tu bienestar econ\u00f3mico -Tus recursos econ\u00f3micos No est\u00e1n protegidos -tu futuro financiero es incierto si te Encuentras en alguna de las siguientes situaciones, entonces puedes encontrar en este libro, el camino hacia tu libertad econ\u00f3mica.<\/p>\n<p>Toma control sobre tu situaci\u00f3n financiera actual, da el primer paso hacia tu prosperidad, haz a un lado las excusas o situaciones en que dejamos o queremos creer que los dem\u00e1s pueden decidir sobre nuestra prosperidad. Atr\u00e9vete a tomar riesgos, te ayudar\u00e1 a \u00absoltar\u00bb esa actitud temerosa con respecto al dinero. Recuerda el dicho: \u00abquien No arriesga No gana\u00bb los apegos excesivos reducen nuestras posibilidades de \u00e9xito. las finanzas personales son eso, personales, por lo que los deseos y prioridades son diferentes para cada uno de nosotros.<\/p>\n<p>Aunque el libro publicado en el 2.012, intenta guiarte a lo largo del desarrollo de un plan financiero, No es necesario leerlo en estricto orden de acuerdo a los cap\u00edtulos. Atr\u00e9vete a so\u00f1ar con tu prosperidad, acaricia el sue\u00f1o y ponte en camino hacia \u00e9l.<\/p>\n<p><a href=\"https:\/\/tavapy.gov.py\/biblioteca\/wp-content\/uploads\/2022\/04\/19.-Finanzas-personales.-Toma-el-control-de-tu-dinero-autor-Karla-Bayly.pdf\" target=\"_blank\" rel=\"attachment noopener wp-att-4114\"><img loading=\"lazy\" decoding=\"async\" class=\"size-full wp-image-4114 alignleft\" src=\"https:\/\/tavapy.gov.py\/biblioteca\/wp-content\/uploads\/2022\/04\/icono-PDF-copia-2.png\" alt=\"\" width=\"121\" height=\"140\" \/><\/a><\/p>\n","protected":false},"featured_media":4194,"comment_status":"open","ping_status":"closed","template":"","meta":{"spay_email":""},"product_cat":[289],"product_tag":[],"class_list":{"0":"post-4237","1":"product","2":"type-product","3":"status-publish","4":"has-post-thumbnail","6":"book_author-karla-bayly","7":"product_cat-autoayuda-finanzas","8":"entry"},"_links":{"self":[{"href":"https:\/\/tavapy.gov.py\/biblioteca\/wp-json\/wp\/v2\/product\/4237","targetHints":{"allow":["GET"]}}],"collection":[{"href":"https:\/\/tavapy.gov.py\/biblioteca\/wp-json\/wp\/v2\/product"}],"about":[{"href":"https:\/\/tavapy.gov.py\/biblioteca\/wp-json\/wp\/v2\/types\/product"}],"replies":[{"embeddable":true,"href":"https:\/\/tavapy.gov.py\/biblioteca\/wp-json\/wp\/v2\/comments?post=4237"}],"wp:featuredmedia":[{"embeddable":true,"href":"https:\/\/tavapy.gov.py\/biblioteca\/wp-json\/wp\/v2\/media\/4194"}],"wp:attachment":[{"href":"https:\/\/tavapy.gov.py\/biblioteca\/wp-json\/wp\/v2\/media?parent=4237"}],"wp:term":[{"taxonomy":"product_cat","embeddable":true,"href":"https:\/\/tavapy.gov.py\/biblioteca\/wp-json\/wp\/v2\/product_cat?post=4237"},{"taxonomy":"product_tag","embeddable":true,"href":"https:\/\/tavapy.gov.py\/biblioteca\/wp-json\/wp\/v2\/product_tag?post=4237"}],"curies":[{"name":"wp","href":"https:\/\/api.w.org\/{rel}","templated":true}]}}