{"id":4238,"date":"2022-04-17T22:46:11","date_gmt":"2022-04-17T22:46:11","guid":{"rendered":"https:\/\/tavapy.gov.py\/biblioteca\/?post_type=product&#038;p=4238"},"modified":"2022-04-17T22:46:11","modified_gmt":"2022-04-17T22:46:11","slug":"educar-para-ser-vivencias-de-una-escuela-activa","status":"publish","type":"product","link":"https:\/\/tavapy.gov.py\/biblioteca\/product\/educar-para-ser-vivencias-de-una-escuela-activa\/","title":{"rendered":"EDUCAR PARA SER: VIVENCIAS DE UNA ESCUELA ACTIVA."},"content":{"rendered":"","protected":false},"excerpt":{"rendered":"<p>Fruto de un innovador proyecto educativo, vivido en el seno de la familia y de la comunidad, esta obra explica a padres y docentes c\u00f3mo crear un ambiente en el que el ni\u00f1o permanezca lleno de curiosidad y crezca seguro de s\u00ed mismo y de su entorno.<\/p>\n<p>La \u00abescuela activa\u00bb es una propuesta educativa en la que la actividad de los adultos es tan importante como la del ni\u00f1o: los primeros aprenden a respetar las estructuras mentales y emocionales propias de cada uno de los estadios del desarrollo infantil, mientras que el segundo aprende a respetarse a s\u00ed mismo y a los adultos. en lugar de un plan educativo fijo y obligatorio, se valora el cuidado sistem\u00e1tico de procesos de aprendizaje capaces de renovarse.<\/p>\n<p>En esta obra cuyo original fue publicado en 1.985, Rebeca Wild explica c\u00f3mo, a pesar de muchos obst\u00e1culos, su decisi\u00f3n de seguir adelante con sus aspiraciones le ha abierto el campo para descubrir nuevas perspectivas de las leyes y regularidades de la vida. Los datos demuestran claramente que los resultados de las formas pedag\u00f3gicas alternativas desarrolladas en el Centro Educativo Pestalozzi se mantienen a\u00f1os m\u00e1s tarde, durante los estudios superiores y la vida familiar y profesional.<\/p>\n<p><a href=\"https:\/\/tavapy.gov.py\/biblioteca\/wp-content\/uploads\/2022\/04\/PD-Libros-Educar-para-ser.pdf\" target=\"_blank\" rel=\"attachment noopener wp-att-4114\"><img loading=\"lazy\" decoding=\"async\" class=\"size-full wp-image-4114 alignleft\" src=\"https:\/\/tavapy.gov.py\/biblioteca\/wp-content\/uploads\/2022\/04\/icono-PDF-copia-2.png\" alt=\"\" width=\"121\" height=\"140\" \/><\/a><\/p>\n","protected":false},"featured_media":4196,"comment_status":"open","ping_status":"closed","template":"","meta":{"spay_email":""},"product_cat":[341],"product_tag":[],"class_list":{"0":"post-4238","1":"product","2":"type-product","3":"status-publish","4":"has-post-thumbnail","6":"book_author-rebeca-wild","7":"product_cat-educacion","8":"entry"},"_links":{"self":[{"href":"https:\/\/tavapy.gov.py\/biblioteca\/wp-json\/wp\/v2\/product\/4238","targetHints":{"allow":["GET"]}}],"collection":[{"href":"https:\/\/tavapy.gov.py\/biblioteca\/wp-json\/wp\/v2\/product"}],"about":[{"href":"https:\/\/tavapy.gov.py\/biblioteca\/wp-json\/wp\/v2\/types\/product"}],"replies":[{"embeddable":true,"href":"https:\/\/tavapy.gov.py\/biblioteca\/wp-json\/wp\/v2\/comments?post=4238"}],"wp:featuredmedia":[{"embeddable":true,"href":"https:\/\/tavapy.gov.py\/biblioteca\/wp-json\/wp\/v2\/media\/4196"}],"wp:attachment":[{"href":"https:\/\/tavapy.gov.py\/biblioteca\/wp-json\/wp\/v2\/media?parent=4238"}],"wp:term":[{"taxonomy":"product_cat","embeddable":true,"href":"https:\/\/tavapy.gov.py\/biblioteca\/wp-json\/wp\/v2\/product_cat?post=4238"},{"taxonomy":"product_tag","embeddable":true,"href":"https:\/\/tavapy.gov.py\/biblioteca\/wp-json\/wp\/v2\/product_tag?post=4238"}],"curies":[{"name":"wp","href":"https:\/\/api.w.org\/{rel}","templated":true}]}}