{"id":4239,"date":"2022-04-18T01:00:21","date_gmt":"2022-04-18T01:00:21","guid":{"rendered":"https:\/\/tavapy.gov.py\/biblioteca\/?post_type=product&#038;p=4239"},"modified":"2022-04-18T01:00:22","modified_gmt":"2022-04-18T01:00:22","slug":"historia-de-la-pedagogia","status":"publish","type":"product","link":"https:\/\/tavapy.gov.py\/biblioteca\/product\/historia-de-la-pedagogia\/","title":{"rendered":"HISTORIA DE LA PEDAGOG\u00cdA."},"content":{"rendered":"","protected":false},"excerpt":{"rendered":"<p>En la Historia de la pedagog\u00eda, obra publicada en 1.965, se aborda el problema educativo de manera coincidente con el planteamiento del problema hist\u00f3rico de la g\u00e9nesis del pensamiento occidental, esto, con el fin de articular relaciones entre lo cultural y lo social, las teor\u00edas filos\u00f3ficas y pedag\u00f3gicas y la praxis educativa de los diversos per\u00edodos considerados, mismos que dan estructura y cronolog\u00eda a los cap\u00edtulos del texto.<\/p>\n<p>La obra expresa que entre la filosof\u00eda y la pedagog\u00eda existe una conexi\u00f3n muy estrecha, y a primera vista parecer\u00e1 que la diferencia que pudiera existir entre ellas es s\u00f3lo cuesti\u00f3n de acento. Sin embargo, refieren que toda filosof\u00eda es necesaria e \u00edntimamente, una filosof\u00eda de la educaci\u00f3n, porque tiende a promover modalidades y formas de cultura de cierto tipo; asimismo, contempla un cierto ideal de formaci\u00f3n humana, aunque no se le considera definitivo ni perfecto.<\/p>\n<p><a href=\"https:\/\/tavapy.gov.py\/biblioteca\/wp-content\/uploads\/2022\/04\/Abbagnano-Historia-de-La-Pedagogia.pdf\" target=\"_blank\" rel=\"attachment noopener wp-att-4114\"><img loading=\"lazy\" decoding=\"async\" class=\"size-full wp-image-4114 alignleft\" src=\"https:\/\/tavapy.gov.py\/biblioteca\/wp-content\/uploads\/2022\/04\/icono-PDF-copia-2.png\" alt=\"\" width=\"121\" height=\"140\" \/><\/a><\/p>\n","protected":false},"featured_media":4198,"comment_status":"open","ping_status":"closed","template":"","meta":{"spay_email":""},"product_cat":[343],"product_tag":[],"class_list":{"0":"post-4239","1":"product","2":"type-product","3":"status-publish","4":"has-post-thumbnail","6":"book_author-nicola-abbagnano","7":"product_cat-pedagogia","8":"entry"},"_links":{"self":[{"href":"https:\/\/tavapy.gov.py\/biblioteca\/wp-json\/wp\/v2\/product\/4239","targetHints":{"allow":["GET"]}}],"collection":[{"href":"https:\/\/tavapy.gov.py\/biblioteca\/wp-json\/wp\/v2\/product"}],"about":[{"href":"https:\/\/tavapy.gov.py\/biblioteca\/wp-json\/wp\/v2\/types\/product"}],"replies":[{"embeddable":true,"href":"https:\/\/tavapy.gov.py\/biblioteca\/wp-json\/wp\/v2\/comments?post=4239"}],"wp:featuredmedia":[{"embeddable":true,"href":"https:\/\/tavapy.gov.py\/biblioteca\/wp-json\/wp\/v2\/media\/4198"}],"wp:attachment":[{"href":"https:\/\/tavapy.gov.py\/biblioteca\/wp-json\/wp\/v2\/media?parent=4239"}],"wp:term":[{"taxonomy":"product_cat","embeddable":true,"href":"https:\/\/tavapy.gov.py\/biblioteca\/wp-json\/wp\/v2\/product_cat?post=4239"},{"taxonomy":"product_tag","embeddable":true,"href":"https:\/\/tavapy.gov.py\/biblioteca\/wp-json\/wp\/v2\/product_tag?post=4239"}],"curies":[{"name":"wp","href":"https:\/\/api.w.org\/{rel}","templated":true}]}}