{"id":4240,"date":"2022-04-18T01:05:34","date_gmt":"2022-04-18T01:05:34","guid":{"rendered":"https:\/\/tavapy.gov.py\/biblioteca\/?post_type=product&#038;p=4240"},"modified":"2022-04-18T01:05:35","modified_gmt":"2022-04-18T01:05:35","slug":"administracion-de-los-sistemas-de-informacion","status":"publish","type":"product","link":"https:\/\/tavapy.gov.py\/biblioteca\/product\/administracion-de-los-sistemas-de-informacion\/","title":{"rendered":"ADMINISTRACI\u00d3N DE LOS SISTEMAS DE INFORMACI\u00d3N."},"content":{"rendered":"","protected":false},"excerpt":{"rendered":"<p>Administraci\u00f3n de los sistemas de informaci\u00f3n, cuyo original fue publicado en el 2.001, proporciona una comprensi\u00f3n realista de los sistemas de informaci\u00f3n a los estudiantes de negocios y de las ciencias computacionales.<\/p>\n<p>Ofrece bases s\u00f3lidas de las tecnolog\u00edas de la informaci\u00f3n relacionada con los negocios, hecho que les permitir\u00e1 desarrollar una carrera profesional exitosa sin importar los campos que seleccionen. Proporciona a los estudiantes el equilibrio necesario entre la informaci\u00f3n t\u00e9cnica y las aplicaciones reales.<\/p>\n<p>Sin importar el campo que elijan, los futuros profesionistas ingresar\u00e1n al mundo de los negocios sabiendo c\u00f3mo hacer que la informaci\u00f3n trabaje para ellos, sabr\u00e1n lo suficiente sobre las tecnolog\u00edas de la informaci\u00f3n para colaborar productivamente con los especialistas de esta rama, y conocer\u00e1n lo suficiente de las aplicaciones de negocios para lograr que los sistemas de informaci\u00f3n apoyen su trabajo de la mejor forma posible.<\/p>\n<p><a href=\"https:\/\/tavapy.gov.py\/biblioteca\/wp-content\/uploads\/2022\/04\/Administracion-SI.pdf\" target=\"_blank\" rel=\"attachment noopener wp-att-4114\"><img loading=\"lazy\" decoding=\"async\" class=\"size-full wp-image-4114 alignleft\" src=\"https:\/\/tavapy.gov.py\/biblioteca\/wp-content\/uploads\/2022\/04\/icono-PDF-copia-2.png\" alt=\"\" width=\"121\" height=\"140\" \/><\/a><\/p>\n","protected":false},"featured_media":4200,"comment_status":"open","ping_status":"closed","template":"","meta":{"spay_email":""},"product_cat":[345],"product_tag":[],"class_list":{"0":"post-4240","1":"product","2":"type-product","3":"status-publish","4":"has-post-thumbnail","6":"book_author-effy-oz","7":"product_cat-sistemas-de-informacion","8":"entry"},"_links":{"self":[{"href":"https:\/\/tavapy.gov.py\/biblioteca\/wp-json\/wp\/v2\/product\/4240","targetHints":{"allow":["GET"]}}],"collection":[{"href":"https:\/\/tavapy.gov.py\/biblioteca\/wp-json\/wp\/v2\/product"}],"about":[{"href":"https:\/\/tavapy.gov.py\/biblioteca\/wp-json\/wp\/v2\/types\/product"}],"replies":[{"embeddable":true,"href":"https:\/\/tavapy.gov.py\/biblioteca\/wp-json\/wp\/v2\/comments?post=4240"}],"wp:featuredmedia":[{"embeddable":true,"href":"https:\/\/tavapy.gov.py\/biblioteca\/wp-json\/wp\/v2\/media\/4200"}],"wp:attachment":[{"href":"https:\/\/tavapy.gov.py\/biblioteca\/wp-json\/wp\/v2\/media?parent=4240"}],"wp:term":[{"taxonomy":"product_cat","embeddable":true,"href":"https:\/\/tavapy.gov.py\/biblioteca\/wp-json\/wp\/v2\/product_cat?post=4240"},{"taxonomy":"product_tag","embeddable":true,"href":"https:\/\/tavapy.gov.py\/biblioteca\/wp-json\/wp\/v2\/product_tag?post=4240"}],"curies":[{"name":"wp","href":"https:\/\/api.w.org\/{rel}","templated":true}]}}