{"id":4242,"date":"2022-04-18T01:13:08","date_gmt":"2022-04-18T01:13:08","guid":{"rendered":"https:\/\/tavapy.gov.py\/biblioteca\/?post_type=product&#038;p=4242"},"modified":"2022-04-18T01:13:08","modified_gmt":"2022-04-18T01:13:08","slug":"el-hombre-que-sabia-demasiado","status":"publish","type":"product","link":"https:\/\/tavapy.gov.py\/biblioteca\/product\/el-hombre-que-sabia-demasiado\/","title":{"rendered":"EL HOMBRE QUE SAB\u00cdA DEMASIADO."},"content":{"rendered":"","protected":false},"excerpt":{"rendered":"<p>El hombre que sab\u00eda demasiado, obra publicada en 1.922, el escritor brit\u00e1nico nos presenta a Horne Fisher, un peculiar funcionario del Imperio que va tropezando a lo largo de su carrera con una serie de misteriosos asesinatos cuya soluci\u00f3n se encuentra m\u00e1s all\u00e1 de las apariencias.<\/p>\n<p>Como en la mayor\u00eda de los thrillers de Chesterton, cada relato encierra una ingeniosa paradoja sobre la condici\u00f3n de la sociedad o sobre la naturaleza humana.<\/p>\n<p><a href=\"https:\/\/tavapy.gov.py\/biblioteca\/wp-content\/uploads\/2022\/04\/ChestertonG-El_hombre_que_sabia_demasiado.pdf\" target=\"_blank\" rel=\"attachment noopener wp-att-4114\"><img loading=\"lazy\" decoding=\"async\" class=\"size-full wp-image-4114 alignleft\" src=\"https:\/\/tavapy.gov.py\/biblioteca\/wp-content\/uploads\/2022\/04\/icono-PDF-copia-2.png\" alt=\"\" width=\"121\" height=\"140\" \/><\/a><\/p>\n","protected":false},"featured_media":4204,"comment_status":"open","ping_status":"closed","template":"","meta":{"spay_email":""},"product_cat":[57],"product_tag":[],"class_list":{"0":"post-4242","1":"product","2":"type-product","3":"status-publish","4":"has-post-thumbnail","6":"book_author-gilbert-keith-chesterton","7":"product_cat-novela","8":"entry"},"_links":{"self":[{"href":"https:\/\/tavapy.gov.py\/biblioteca\/wp-json\/wp\/v2\/product\/4242","targetHints":{"allow":["GET"]}}],"collection":[{"href":"https:\/\/tavapy.gov.py\/biblioteca\/wp-json\/wp\/v2\/product"}],"about":[{"href":"https:\/\/tavapy.gov.py\/biblioteca\/wp-json\/wp\/v2\/types\/product"}],"replies":[{"embeddable":true,"href":"https:\/\/tavapy.gov.py\/biblioteca\/wp-json\/wp\/v2\/comments?post=4242"}],"wp:featuredmedia":[{"embeddable":true,"href":"https:\/\/tavapy.gov.py\/biblioteca\/wp-json\/wp\/v2\/media\/4204"}],"wp:attachment":[{"href":"https:\/\/tavapy.gov.py\/biblioteca\/wp-json\/wp\/v2\/media?parent=4242"}],"wp:term":[{"taxonomy":"product_cat","embeddable":true,"href":"https:\/\/tavapy.gov.py\/biblioteca\/wp-json\/wp\/v2\/product_cat?post=4242"},{"taxonomy":"product_tag","embeddable":true,"href":"https:\/\/tavapy.gov.py\/biblioteca\/wp-json\/wp\/v2\/product_tag?post=4242"}],"curies":[{"name":"wp","href":"https:\/\/api.w.org\/{rel}","templated":true}]}}